{"id":20922,"date":"2024-02-22T10:45:05","date_gmt":"2024-02-22T15:45:05","guid":{"rendered":"https:\/\/www.eimpsa.com\/web\/?post_type=product&#038;p=20922"},"modified":"2024-05-14T07:58:29","modified_gmt":"2024-05-14T12:58:29","slug":"interruptor-automatico-acti9-c120n-4p-80a-curva-c","status":"publish","type":"product","link":"https:\/\/www.eimpsa.com\/web\/producto\/interruptor-automatico-acti9-c120n-4p-80a-curva-c\/","title":{"rendered":"Interruptor autom\u00e1tico Acti9 C120N 4P 80A curva C"},"content":{"rendered":"\t\t<div data-elementor-type=\"wp-post\" data-elementor-id=\"20922\" class=\"elementor elementor-20922\" data-elementor-settings=\"[]\">\n\t\t\t\t\t\t<div class=\"elementor-inner\">\n\t\t\t\t\t\t\t<div class=\"elementor-section-wrap\">\n\t\t\t\t\t\t\t<section class=\"elementor-section elementor-top-section elementor-element elementor-element-69b77b6b elementor-section-boxed elementor-section-height-default elementor-section-height-default\" data-id=\"69b77b6b\" data-element_type=\"section\">\n\t\t\t\t\t\t<div class=\"elementor-container elementor-column-gap-default\">\n\t\t\t\t\t\t\t<div class=\"elementor-row\">\n\t\t\t\t\t<div class=\"elementor-column elementor-col-100 elementor-top-column elementor-element elementor-element-274ddb55\" data-id=\"274ddb55\" data-element_type=\"column\">\n\t\t\t<div class=\"elementor-column-wrap elementor-element-populated\">\n\t\t\t\t\t\t\t<div class=\"elementor-widget-wrap\">\n\t\t\t\t\t\t<div class=\"elementor-element elementor-element-66f1505a elementor-widget elementor-widget-text-editor\" data-id=\"66f1505a\" data-element_type=\"widget\" data-widget_type=\"text-editor.default\">\n\t\t\t\t<div class=\"elementor-widget-container\">\n\t\t\t\t\t<div class=\"elementor-text-editor elementor-clearfix\">Este Acti9 C120N es un interruptor autom\u00e1tico en miniatura (MCB) multiest\u00e1ndar de baja tensi\u00f3n. Es un interruptor autom\u00e1tico 4P con 4 polos protegidos, corriente nominal 80A y curva de disparo C. La capacidad de corte nominal de cortocircuito alcanza los 10.000 A a 230 V CA hasta 400 V CA conforme a la norma EN\/IEC 60898-1 y 10.000 A a 230 V CA hasta 400 V CA conforme a la norma EN\/IEC 60898-1. Cumple tanto con la norma industrial EN\/IEC 60898-1 como con la norma residencial EN\/IEC 60947-2. Este disyuntor en miniatura protege el circuito contra cortocircuitos y corriente de sobrecarga. La presencia de tiras verdes garantiza un contacto abierto f\u00edsicamente y permite que el trabajo se realice de manera segura en el circuito aguas abajo. Tiene buena capacidad de resistencia a sobretensi\u00f3n. El producto est\u00e1 dise\u00f1ado para ofrecer un alto nivel de rendimiento industrial Tiene una resistencia el\u00e9ctrica de hasta 5000 ciclos y una resistencia mec\u00e1nica de hasta 20000 ciclos. El voltaje operativo Ue va de 380VCA a 415VCA. El voltaje de aislamiento nominal Ui es de 500VCA. Su clase de limitaci\u00f3n 3 (de acuerdo con EN\/IEC60898-1) mejora el costo de protecci\u00f3n del circuito aguas abajo. Es montable en rieles DIN. Su ancho es de 12 pasos de 9mm. El grado de contaminaci\u00f3n es 3. La categor\u00eda de sobretensi\u00f3n es IV. El color del producto es blanco (RAL9003). Las dimensiones son (An.) 108 mm x (Alt.) 81 mm x (Prof.) 73 mm. El peso es de 0,82 kg. Dispone de un grado de protecci\u00f3n IP20 (seg\u00fan IEC\/EN 60529) en sus terminales. La temperatura de funcionamiento es de -25\u00b0C a 70\u00b0C. La temperatura de almacenamiento es de -40\u00b0C a 85\u00b0C.\r\n\r\n&nbsp;\r\n<table class=\"specifications-table\"><caption class=\"specifications-table__caption\">Principal<\/caption>\r\n<tbody>\r\n<tr class=\"specifications-table__row\">\r\n<th class=\"specifications-table__row-heading\">gama de producto<\/th>\r\n<td class=\"specifications-table__cell\"><span class=\"specifications-table__text specifications-table__text--first-letter-uppercase\">C120<\/span><\/td>\r\n<\/tr>\r\n<tr class=\"specifications-table__row\">\r\n<th class=\"specifications-table__row-heading\">Gama<\/th>\r\n<td class=\"specifications-table__cell\"><span class=\"specifications-table__text specifications-table__text--first-letter-uppercase\">Acti 9<\/span><\/td>\r\n<\/tr>\r\n<tr class=\"specifications-table__row\">\r\n<th class=\"specifications-table__row-heading\">Nombre del Producto<\/th>\r\n<td class=\"specifications-table__cell\"><span class=\"specifications-table__text specifications-table__text--first-letter-uppercase\">C120<\/span><\/td>\r\n<\/tr>\r\n<tr class=\"specifications-table__row\">\r\n<th class=\"specifications-table__row-heading\">Tipo de Producto o Componente<\/th>\r\n<td class=\"specifications-table__cell\"><span class=\"specifications-table__text specifications-table__text--first-letter-uppercase\">Interruptor autom\u00e1tico en miniatura<\/span><\/td>\r\n<\/tr>\r\n<tr class=\"specifications-table__row\">\r\n<th class=\"specifications-table__row-heading\">Nombre Corto del Dispositivo<\/th>\r\n<td class=\"specifications-table__cell\"><span class=\"specifications-table__text\">C120N<\/span><\/td>\r\n<\/tr>\r\n<tr class=\"specifications-table__row\">\r\n<th class=\"specifications-table__row-heading\">Aplicaci\u00f3n del Dispositivo<\/th>\r\n<td class=\"specifications-table__cell\"><span class=\"specifications-table__text specifications-table__text--first-letter-uppercase\">Distribuci\u00f3n El\u00e9ctrica Residencial y Comercial<\/span><\/td>\r\n<\/tr>\r\n<tr class=\"specifications-table__row\">\r\n<th class=\"specifications-table__row-heading\">N\u00famero de Polos<\/th>\r\n<td class=\"specifications-table__cell\"><span class=\"specifications-table__text specifications-table__text--first-letter-uppercase\">4P<\/span><\/td>\r\n<\/tr>\r\n<tr class=\"specifications-table__row\">\r\n<th class=\"specifications-table__row-heading\">n\u00famero de polos protegidos<\/th>\r\n<td class=\"specifications-table__cell\"><span class=\"specifications-table__text specifications-table__text--first-letter-uppercase\">4<\/span><\/td>\r\n<\/tr>\r\n<tr class=\"specifications-table__row\">\r\n<th class=\"specifications-table__row-heading\">corriente nominal (In)<\/th>\r\n<td class=\"specifications-table__cell\"><span class=\"specifications-table__text specifications-table__text--first-letter-uppercase\">80 A en 30 \u00b0C<\/span><\/td>\r\n<\/tr>\r\n<\/tbody>\r\n<\/table>\r\n<a href=\"https:\/\/www.eimpsa.com\/web\/wp-content\/uploads\/2024\/02\/ImageToStl.com_interruptosschneider.glb\">ImageToStl.com_interruptos+schneider<\/a><\/div>\n\t\t\t\t<\/div>\n\t\t\t\t<\/div>\n\t\t\t\t\t\t<\/div>\n\t\t\t\t\t<\/div>\n\t\t<\/div>\n\t\t\t\t\t\t\t\t<\/div>\n\t\t\t\t\t<\/div>\n\t\t<\/section>\n\t\t\t\t<section class=\"elementor-section elementor-top-section elementor-element elementor-element-3d3071a elementor-section-boxed elementor-section-height-default elementor-section-height-default\" data-id=\"3d3071a\" data-element_type=\"section\">\n\t\t\t\t\t\t<div class=\"elementor-container elementor-column-gap-default\">\n\t\t\t\t\t\t\t<div class=\"elementor-row\">\n\t\t\t\t\t<div class=\"elementor-column elementor-col-100 elementor-top-column elementor-element elementor-element-817c42c\" data-id=\"817c42c\" data-element_type=\"column\">\n\t\t\t<div class=\"elementor-column-wrap elementor-element-populated\">\n\t\t\t\t\t\t\t<div class=\"elementor-widget-wrap\">\n\t\t\t\t\t\t<div class=\"elementor-element elementor-element-8e47526 elementor-widget elementor-widget-ar-model-viewer\" data-id=\"8e47526\" data-element_type=\"widget\" data-widget_type=\"ar-model-viewer.default\">\n\t\t\t\t<div class=\"elementor-widget-container\">\n\t\t\t\n\t\t<div class=\"ar-elementor-widget\">\n\t\t\t<div style=\"margin: 0 auto;width: 100%; height: 100%;\">\n\t\t\t\t<model-viewer-preview>\n\t\t\t\t\t<model-viewer class='model-viewer' \n\t\t\t\t\tstyle=\"margin:0 auto 0 0;max-width: 100%; max-height: 100%; --poster-color:transparent\" bounds=\"tight\" src=\"https:\/\/www.eimpsa.com\/web\/wp-content\/uploads\/2024\/02\/ImageToStl.com_interruptosschneider.glb\" ar ar-modes=\"webxr scene-viewer quick-look\" camera-controls environment-image=\"neutral\" shadow-intensity=\"1\" poster=\"https:\/\/www.eimpsa.com\/web\/wp-content\/plugins\/elementor\/assets\/images\/placeholder.png\">\n\t\t\t\t\t<\/model-viewer>\n\t\t\t\t<\/model-viewer-preview>\n\t\t\t<\/div>\n\t\t<\/div>\n\t\t<\/div>\n\t\t\t\t<\/div>\n\t\t\t\t\t\t<\/div>\n\t\t\t\t\t<\/div>\n\t\t<\/div>\n\t\t\t\t\t\t\t\t<\/div>\n\t\t\t\t\t<\/div>\n\t\t<\/section>\n\t\t\t\t\t\t<\/div>\n\t\t\t\t\t\t<\/div>\n\t\t\t\t\t<\/div>\n\t\t<p>Visits: 50<\/p>","protected":false},"excerpt":{"rendered":"<p>Este Acti9 C120N es un interruptor autom\u00e1tico en miniatura (MCB) multiest\u00e1ndar de baja tensi\u00f3n. Es un interruptor autom\u00e1tico 4P con 4 polos protegidos, corriente nominal 80A y curva de disparo C. La capacidad de corte nominal de cortocircuito alcanza los 10.000 A a 230 V CA hasta 400 V CA conforme a la norma EN\/IEC [&hellip;]<\/p>\n","protected":false},"featured_media":20923,"comment_status":"open","ping_status":"closed","template":"","meta":[],"product_cat":[87],"product_tag":[],"class_list":["post-20922","product","type-product","status-publish","has-post-thumbnail","hentry","product_cat-accesorios"],"yoast_head":"<!-- This site is optimized with the Yoast SEO plugin v27.4 - https:\/\/yoast.com\/product\/yoast-seo-wordpress\/ -->\n<title>Interruptor autom\u00e1tico Acti9 C120N 4P 80A curva C - Electricos Importados<\/title>\n<meta name=\"robots\" content=\"index, follow, max-snippet:-1, max-image-preview:large, max-video-preview:-1\" \/>\n<link rel=\"canonical\" href=\"https:\/\/www.eimpsa.com\/web\/producto\/interruptor-automatico-acti9-c120n-4p-80a-curva-c\/\" \/>\n<meta property=\"og:locale\" content=\"es_ES\" \/>\n<meta property=\"og:type\" content=\"article\" \/>\n<meta property=\"og:title\" content=\"Interruptor autom\u00e1tico Acti9 C120N 4P 80A curva C - Electricos Importados\" \/>\n<meta property=\"og:description\" content=\"Este Acti9 C120N es un interruptor autom\u00e1tico en miniatura (MCB) multiest\u00e1ndar de baja tensi\u00f3n. Es un interruptor autom\u00e1tico 4P con 4 polos protegidos, corriente nominal 80A y curva de disparo C. La capacidad de corte nominal de cortocircuito alcanza los 10.000 A a 230 V CA hasta 400 V CA conforme a la norma EN\/IEC [&hellip;]\" \/>\n<meta property=\"og:url\" content=\"https:\/\/www.eimpsa.com\/web\/producto\/interruptor-automatico-acti9-c120n-4p-80a-curva-c\/\" \/>\n<meta property=\"og:site_name\" content=\"Electricos Importados\" \/>\n<meta property=\"article:publisher\" content=\"https:\/\/www.facebook.com\/eimpsa\/\" \/>\n<meta property=\"article:modified_time\" content=\"2024-05-14T12:58:29+00:00\" \/>\n<meta property=\"og:image\" content=\"https:\/\/www.eimpsa.com\/web\/wp-content\/uploads\/2024\/02\/c120N-alta.jpg\" \/>\n\t<meta property=\"og:image:width\" content=\"1500\" \/>\n\t<meta property=\"og:image:height\" content=\"1500\" \/>\n\t<meta property=\"og:image:type\" content=\"image\/jpeg\" \/>\n<meta name=\"twitter:card\" content=\"summary_large_image\" \/>\n<meta name=\"twitter:label1\" content=\"Tiempo de lectura\" \/>\n\t<meta name=\"twitter:data1\" content=\"2 minutos\" \/>\n<script type=\"application\/ld+json\" class=\"yoast-schema-graph\">{\"@context\":\"https:\\\/\\\/schema.org\",\"@graph\":[{\"@type\":\"WebPage\",\"@id\":\"https:\\\/\\\/www.eimpsa.com\\\/web\\\/producto\\\/interruptor-automatico-acti9-c120n-4p-80a-curva-c\\\/\",\"url\":\"https:\\\/\\\/www.eimpsa.com\\\/web\\\/producto\\\/interruptor-automatico-acti9-c120n-4p-80a-curva-c\\\/\",\"name\":\"Interruptor autom\u00e1tico Acti9 C120N 4P 80A curva C - Electricos Importados\",\"isPartOf\":{\"@id\":\"https:\\\/\\\/www.eimpsa.com\\\/web\\\/#website\"},\"primaryImageOfPage\":{\"@id\":\"https:\\\/\\\/www.eimpsa.com\\\/web\\\/producto\\\/interruptor-automatico-acti9-c120n-4p-80a-curva-c\\\/#primaryimage\"},\"image\":{\"@id\":\"https:\\\/\\\/www.eimpsa.com\\\/web\\\/producto\\\/interruptor-automatico-acti9-c120n-4p-80a-curva-c\\\/#primaryimage\"},\"thumbnailUrl\":\"https:\\\/\\\/www.eimpsa.com\\\/web\\\/wp-content\\\/uploads\\\/2024\\\/02\\\/c120N-alta.jpg\",\"datePublished\":\"2024-02-22T15:45:05+00:00\",\"dateModified\":\"2024-05-14T12:58:29+00:00\",\"breadcrumb\":{\"@id\":\"https:\\\/\\\/www.eimpsa.com\\\/web\\\/producto\\\/interruptor-automatico-acti9-c120n-4p-80a-curva-c\\\/#breadcrumb\"},\"inLanguage\":\"es\",\"potentialAction\":[{\"@type\":\"ReadAction\",\"target\":[\"https:\\\/\\\/www.eimpsa.com\\\/web\\\/producto\\\/interruptor-automatico-acti9-c120n-4p-80a-curva-c\\\/\"]}]},{\"@type\":\"ImageObject\",\"inLanguage\":\"es\",\"@id\":\"https:\\\/\\\/www.eimpsa.com\\\/web\\\/producto\\\/interruptor-automatico-acti9-c120n-4p-80a-curva-c\\\/#primaryimage\",\"url\":\"https:\\\/\\\/www.eimpsa.com\\\/web\\\/wp-content\\\/uploads\\\/2024\\\/02\\\/c120N-alta.jpg\",\"contentUrl\":\"https:\\\/\\\/www.eimpsa.com\\\/web\\\/wp-content\\\/uploads\\\/2024\\\/02\\\/c120N-alta.jpg\",\"width\":1500,\"height\":1500,\"caption\":\"c120N alta\"},{\"@type\":\"BreadcrumbList\",\"@id\":\"https:\\\/\\\/www.eimpsa.com\\\/web\\\/producto\\\/interruptor-automatico-acti9-c120n-4p-80a-curva-c\\\/#breadcrumb\",\"itemListElement\":[{\"@type\":\"ListItem\",\"position\":1,\"name\":\"Portada\",\"item\":\"https:\\\/\\\/www.eimpsa.com\\\/web\\\/\"},{\"@type\":\"ListItem\",\"position\":2,\"name\":\"Tienda\",\"item\":\"https:\\\/\\\/www.eimpsa.com\\\/web\\\/tienda-virtual-eimpsa-productos-electricos-industriales\\\/\"},{\"@type\":\"ListItem\",\"position\":3,\"name\":\"Interruptor autom\u00e1tico Acti9 C120N 4P 80A curva C\"}]},{\"@type\":\"WebSite\",\"@id\":\"https:\\\/\\\/www.eimpsa.com\\\/web\\\/#website\",\"url\":\"https:\\\/\\\/www.eimpsa.com\\\/web\\\/\",\"name\":\"EIMPSA Electricos Importados\",\"description\":\"Materiales El\u00e9ctricos\",\"publisher\":{\"@id\":\"https:\\\/\\\/www.eimpsa.com\\\/web\\\/#organization\"},\"alternateName\":\"eimpsa\",\"potentialAction\":[{\"@type\":\"SearchAction\",\"target\":{\"@type\":\"EntryPoint\",\"urlTemplate\":\"https:\\\/\\\/www.eimpsa.com\\\/web\\\/?s={search_term_string}\"},\"query-input\":{\"@type\":\"PropertyValueSpecification\",\"valueRequired\":true,\"valueName\":\"search_term_string\"}}],\"inLanguage\":\"es\"},{\"@type\":\"Organization\",\"@id\":\"https:\\\/\\\/www.eimpsa.com\\\/web\\\/#organization\",\"name\":\"EIMPSA El\u00e9ctricos Importados S.A.S\",\"url\":\"https:\\\/\\\/www.eimpsa.com\\\/web\\\/\",\"logo\":{\"@type\":\"ImageObject\",\"inLanguage\":\"es\",\"@id\":\"https:\\\/\\\/www.eimpsa.com\\\/web\\\/#\\\/schema\\\/logo\\\/image\\\/\",\"url\":\"https:\\\/\\\/www.eimpsa.com\\\/web\\\/wp-content\\\/uploads\\\/2023\\\/10\\\/EIMPSA-Versiones-RGB_Base.png\",\"contentUrl\":\"https:\\\/\\\/www.eimpsa.com\\\/web\\\/wp-content\\\/uploads\\\/2023\\\/10\\\/EIMPSA-Versiones-RGB_Base.png\",\"width\":1471,\"height\":473,\"caption\":\"EIMPSA El\u00e9ctricos Importados S.A.S\"},\"image\":{\"@id\":\"https:\\\/\\\/www.eimpsa.com\\\/web\\\/#\\\/schema\\\/logo\\\/image\\\/\"},\"sameAs\":[\"https:\\\/\\\/www.facebook.com\\\/eimpsa\\\/\",\"https:\\\/\\\/www.linkedin.com\\\/company\\\/el-ctricos-importados-s-a-\\\/\",\"https:\\\/\\\/www.youtube.com\\\/channel\\\/UCaCHlQ9m86kFaeAq_dMUOHg?view_as=subscriber\",\"https:\\\/\\\/www.instagram.com\\\/eimpsa_electricos_importados\\\/\"]}]}<\/script>\n<!-- \/ Yoast SEO plugin. -->","yoast_head_json":{"title":"Interruptor autom\u00e1tico Acti9 C120N 4P 80A curva C - Electricos Importados","robots":{"index":"index","follow":"follow","max-snippet":"max-snippet:-1","max-image-preview":"max-image-preview:large","max-video-preview":"max-video-preview:-1"},"canonical":"https:\/\/www.eimpsa.com\/web\/producto\/interruptor-automatico-acti9-c120n-4p-80a-curva-c\/","og_locale":"es_ES","og_type":"article","og_title":"Interruptor autom\u00e1tico Acti9 C120N 4P 80A curva C - Electricos Importados","og_description":"Este Acti9 C120N es un interruptor autom\u00e1tico en miniatura (MCB) multiest\u00e1ndar de baja tensi\u00f3n. Es un interruptor autom\u00e1tico 4P con 4 polos protegidos, corriente nominal 80A y curva de disparo C. La capacidad de corte nominal de cortocircuito alcanza los 10.000 A a 230 V CA hasta 400 V CA conforme a la norma EN\/IEC [&hellip;]","og_url":"https:\/\/www.eimpsa.com\/web\/producto\/interruptor-automatico-acti9-c120n-4p-80a-curva-c\/","og_site_name":"Electricos Importados","article_publisher":"https:\/\/www.facebook.com\/eimpsa\/","article_modified_time":"2024-05-14T12:58:29+00:00","og_image":[{"width":1500,"height":1500,"url":"https:\/\/www.eimpsa.com\/web\/wp-content\/uploads\/2024\/02\/c120N-alta.jpg","type":"image\/jpeg"}],"twitter_card":"summary_large_image","twitter_misc":{"Tiempo de lectura":"2 minutos"},"schema":{"@context":"https:\/\/schema.org","@graph":[{"@type":"WebPage","@id":"https:\/\/www.eimpsa.com\/web\/producto\/interruptor-automatico-acti9-c120n-4p-80a-curva-c\/","url":"https:\/\/www.eimpsa.com\/web\/producto\/interruptor-automatico-acti9-c120n-4p-80a-curva-c\/","name":"Interruptor autom\u00e1tico Acti9 C120N 4P 80A curva C - Electricos Importados","isPartOf":{"@id":"https:\/\/www.eimpsa.com\/web\/#website"},"primaryImageOfPage":{"@id":"https:\/\/www.eimpsa.com\/web\/producto\/interruptor-automatico-acti9-c120n-4p-80a-curva-c\/#primaryimage"},"image":{"@id":"https:\/\/www.eimpsa.com\/web\/producto\/interruptor-automatico-acti9-c120n-4p-80a-curva-c\/#primaryimage"},"thumbnailUrl":"https:\/\/www.eimpsa.com\/web\/wp-content\/uploads\/2024\/02\/c120N-alta.jpg","datePublished":"2024-02-22T15:45:05+00:00","dateModified":"2024-05-14T12:58:29+00:00","breadcrumb":{"@id":"https:\/\/www.eimpsa.com\/web\/producto\/interruptor-automatico-acti9-c120n-4p-80a-curva-c\/#breadcrumb"},"inLanguage":"es","potentialAction":[{"@type":"ReadAction","target":["https:\/\/www.eimpsa.com\/web\/producto\/interruptor-automatico-acti9-c120n-4p-80a-curva-c\/"]}]},{"@type":"ImageObject","inLanguage":"es","@id":"https:\/\/www.eimpsa.com\/web\/producto\/interruptor-automatico-acti9-c120n-4p-80a-curva-c\/#primaryimage","url":"https:\/\/www.eimpsa.com\/web\/wp-content\/uploads\/2024\/02\/c120N-alta.jpg","contentUrl":"https:\/\/www.eimpsa.com\/web\/wp-content\/uploads\/2024\/02\/c120N-alta.jpg","width":1500,"height":1500,"caption":"c120N alta"},{"@type":"BreadcrumbList","@id":"https:\/\/www.eimpsa.com\/web\/producto\/interruptor-automatico-acti9-c120n-4p-80a-curva-c\/#breadcrumb","itemListElement":[{"@type":"ListItem","position":1,"name":"Portada","item":"https:\/\/www.eimpsa.com\/web\/"},{"@type":"ListItem","position":2,"name":"Tienda","item":"https:\/\/www.eimpsa.com\/web\/tienda-virtual-eimpsa-productos-electricos-industriales\/"},{"@type":"ListItem","position":3,"name":"Interruptor autom\u00e1tico Acti9 C120N 4P 80A curva C"}]},{"@type":"WebSite","@id":"https:\/\/www.eimpsa.com\/web\/#website","url":"https:\/\/www.eimpsa.com\/web\/","name":"EIMPSA Electricos Importados","description":"Materiales El\u00e9ctricos","publisher":{"@id":"https:\/\/www.eimpsa.com\/web\/#organization"},"alternateName":"eimpsa","potentialAction":[{"@type":"SearchAction","target":{"@type":"EntryPoint","urlTemplate":"https:\/\/www.eimpsa.com\/web\/?s={search_term_string}"},"query-input":{"@type":"PropertyValueSpecification","valueRequired":true,"valueName":"search_term_string"}}],"inLanguage":"es"},{"@type":"Organization","@id":"https:\/\/www.eimpsa.com\/web\/#organization","name":"EIMPSA El\u00e9ctricos Importados S.A.S","url":"https:\/\/www.eimpsa.com\/web\/","logo":{"@type":"ImageObject","inLanguage":"es","@id":"https:\/\/www.eimpsa.com\/web\/#\/schema\/logo\/image\/","url":"https:\/\/www.eimpsa.com\/web\/wp-content\/uploads\/2023\/10\/EIMPSA-Versiones-RGB_Base.png","contentUrl":"https:\/\/www.eimpsa.com\/web\/wp-content\/uploads\/2023\/10\/EIMPSA-Versiones-RGB_Base.png","width":1471,"height":473,"caption":"EIMPSA El\u00e9ctricos Importados S.A.S"},"image":{"@id":"https:\/\/www.eimpsa.com\/web\/#\/schema\/logo\/image\/"},"sameAs":["https:\/\/www.facebook.com\/eimpsa\/","https:\/\/www.linkedin.com\/company\/el-ctricos-importados-s-a-\/","https:\/\/www.youtube.com\/channel\/UCaCHlQ9m86kFaeAq_dMUOHg?view_as=subscriber","https:\/\/www.instagram.com\/eimpsa_electricos_importados\/"]}]}},"_links":{"self":[{"href":"https:\/\/www.eimpsa.com\/web\/wp-json\/wp\/v2\/product\/20922","targetHints":{"allow":["GET"]}}],"collection":[{"href":"https:\/\/www.eimpsa.com\/web\/wp-json\/wp\/v2\/product"}],"about":[{"href":"https:\/\/www.eimpsa.com\/web\/wp-json\/wp\/v2\/types\/product"}],"replies":[{"embeddable":true,"href":"https:\/\/www.eimpsa.com\/web\/wp-json\/wp\/v2\/comments?post=20922"}],"version-history":[{"count":2,"href":"https:\/\/www.eimpsa.com\/web\/wp-json\/wp\/v2\/product\/20922\/revisions"}],"predecessor-version":[{"id":20926,"href":"https:\/\/www.eimpsa.com\/web\/wp-json\/wp\/v2\/product\/20922\/revisions\/20926"}],"wp:featuredmedia":[{"embeddable":true,"href":"https:\/\/www.eimpsa.com\/web\/wp-json\/wp\/v2\/media\/20923"}],"wp:attachment":[{"href":"https:\/\/www.eimpsa.com\/web\/wp-json\/wp\/v2\/media?parent=20922"}],"wp:term":[{"taxonomy":"product_cat","embeddable":true,"href":"https:\/\/www.eimpsa.com\/web\/wp-json\/wp\/v2\/product_cat?post=20922"},{"taxonomy":"product_tag","embeddable":true,"href":"https:\/\/www.eimpsa.com\/web\/wp-json\/wp\/v2\/product_tag?post=20922"}],"curies":[{"name":"wp","href":"https:\/\/api.w.org\/{rel}","templated":true}]}}