{"id":19644,"date":"2023-03-06T15:43:40","date_gmt":"2023-03-06T20:43:40","guid":{"rendered":"https:\/\/www.eimpsa.com\/web\/producto\/variador-100371062-6sl3210-5bb17-5uv1-sinamics-v20-220v-1hp-7\/"},"modified":"2024-05-14T07:58:42","modified_gmt":"2024-05-14T12:58:42","slug":"variador-100371062-6sl3210-5bb17-5uv1-sinamics-v20-220v-1hp-7","status":"publish","type":"product","link":"https:\/\/www.eimpsa.com\/web\/producto\/variador-100371062-6sl3210-5bb17-5uv1-sinamics-v20-220v-1hp-7\/","title":{"rendered":"VARIADOR 100371062 6SL3210-5BB17-5UV1 SINAMICS V20 220V 1HP"},"content":{"rendered":"<p>ProductonN\u00famero de art\u00edculo (n\u00famero de mercado)\t6SL3210-5BB17-5UV1nDescripci\u00f3n de producto\tSINAMICS V20 200-240 V 1 AC \u201310\/+10% 47-63 Hz potencia nominal 0,75 kW con sobrecarga del 150 % durante 60 s sin filtrar E\/S: 4 DI, 2 DO, 2 AI, 1 AO bus de campo: USS\/Modbus RTU con panel de operador b\u00e1sico incorporado protecci\u00f3n: IP20\/UL abierto tama\u00f1o: AB 68 \u00d7 142 \u00d7 128 (An \u00d7 Al \u00d7 P)nFamilia de producto\tConvertidores b\u00e1sicos SINAMICS V20nCiclo de vida del producto (PLM)\tPM300:Producto activo<\/p>\n<p>Visits: 293<\/p>","protected":false},"excerpt":{"rendered":"<p>ProductonN\u00famero de art\u00edculo (n\u00famero de mercado) 6SL3210-5BB17-5UV1nDescripci\u00f3n de producto SINAMICS V20 200-240 V 1 AC \u201310\/+10% 47-63 Hz potencia nominal 0,75 kW con sobrecarga del 150 % durante 60 s sin filtrar E\/S: 4 DI, 2 DO, 2 AI, 1 AO bus de campo: USS\/Modbus RTU con panel de operador b\u00e1sico incorporado protecci\u00f3n: IP20\/UL abierto [&hellip;]<\/p>\n","protected":false},"featured_media":19646,"comment_status":"closed","ping_status":"open","template":"","meta":[],"product_cat":[87],"product_tag":[],"class_list":["post-19644","product","type-product","status-publish","has-post-thumbnail","hentry","product_cat-accesorios"],"yoast_head":"<!-- This site is optimized with the Yoast SEO plugin v27.4 - https:\/\/yoast.com\/product\/yoast-seo-wordpress\/ -->\n<title>VARIADOR 100371062 6SL3210-5BB17-5UV1 SINAMICS V20 220V 1HP - Electricos Importados<\/title>\n<meta name=\"robots\" content=\"index, follow, max-snippet:-1, max-image-preview:large, max-video-preview:-1\" \/>\n<link rel=\"canonical\" href=\"https:\/\/www.eimpsa.com\/web\/producto\/variador-100371062-6sl3210-5bb17-5uv1-sinamics-v20-220v-1hp-7\/\" \/>\n<meta property=\"og:locale\" content=\"es_ES\" \/>\n<meta property=\"og:type\" content=\"article\" \/>\n<meta property=\"og:title\" content=\"VARIADOR 100371062 6SL3210-5BB17-5UV1 SINAMICS V20 220V 1HP - Electricos Importados\" \/>\n<meta property=\"og:description\" content=\"ProductonN\u00famero de art\u00edculo (n\u00famero de mercado) 6SL3210-5BB17-5UV1nDescripci\u00f3n de producto SINAMICS V20 200-240 V 1 AC \u201310\/+10% 47-63 Hz potencia nominal 0,75 kW con sobrecarga del 150 % durante 60 s sin filtrar E\/S: 4 DI, 2 DO, 2 AI, 1 AO bus de campo: USS\/Modbus RTU con panel de operador b\u00e1sico incorporado protecci\u00f3n: IP20\/UL abierto [&hellip;]\" \/>\n<meta property=\"og:url\" content=\"https:\/\/www.eimpsa.com\/web\/producto\/variador-100371062-6sl3210-5bb17-5uv1-sinamics-v20-220v-1hp-7\/\" \/>\n<meta property=\"og:site_name\" content=\"Electricos Importados\" \/>\n<meta property=\"article:publisher\" content=\"https:\/\/www.facebook.com\/eimpsa\/\" \/>\n<meta property=\"article:modified_time\" content=\"2024-05-14T12:58:42+00:00\" \/>\n<meta property=\"og:image\" content=\"https:\/\/www.eimpsa.com\/web\/wp-content\/uploads\/2023\/03\/P_D011_XX_00780I.jpg\" \/>\n\t<meta property=\"og:image:width\" content=\"300\" \/>\n\t<meta property=\"og:image:height\" content=\"300\" \/>\n\t<meta property=\"og:image:type\" content=\"image\/jpeg\" \/>\n<meta name=\"twitter:card\" content=\"summary_large_image\" \/>\n<script type=\"application\/ld+json\" class=\"yoast-schema-graph\">{\"@context\":\"https:\\\/\\\/schema.org\",\"@graph\":[{\"@type\":\"WebPage\",\"@id\":\"https:\\\/\\\/www.eimpsa.com\\\/web\\\/producto\\\/variador-100371062-6sl3210-5bb17-5uv1-sinamics-v20-220v-1hp-7\\\/\",\"url\":\"https:\\\/\\\/www.eimpsa.com\\\/web\\\/producto\\\/variador-100371062-6sl3210-5bb17-5uv1-sinamics-v20-220v-1hp-7\\\/\",\"name\":\"VARIADOR 100371062 6SL3210-5BB17-5UV1 SINAMICS V20 220V 1HP - Electricos Importados\",\"isPartOf\":{\"@id\":\"https:\\\/\\\/www.eimpsa.com\\\/web\\\/#website\"},\"primaryImageOfPage\":{\"@id\":\"https:\\\/\\\/www.eimpsa.com\\\/web\\\/producto\\\/variador-100371062-6sl3210-5bb17-5uv1-sinamics-v20-220v-1hp-7\\\/#primaryimage\"},\"image\":{\"@id\":\"https:\\\/\\\/www.eimpsa.com\\\/web\\\/producto\\\/variador-100371062-6sl3210-5bb17-5uv1-sinamics-v20-220v-1hp-7\\\/#primaryimage\"},\"thumbnailUrl\":\"https:\\\/\\\/www.eimpsa.com\\\/web\\\/wp-content\\\/uploads\\\/2023\\\/03\\\/P_D011_XX_00780I.jpg\",\"datePublished\":\"2023-03-06T20:43:40+00:00\",\"dateModified\":\"2024-05-14T12:58:42+00:00\",\"breadcrumb\":{\"@id\":\"https:\\\/\\\/www.eimpsa.com\\\/web\\\/producto\\\/variador-100371062-6sl3210-5bb17-5uv1-sinamics-v20-220v-1hp-7\\\/#breadcrumb\"},\"inLanguage\":\"es\",\"potentialAction\":[{\"@type\":\"ReadAction\",\"target\":[\"https:\\\/\\\/www.eimpsa.com\\\/web\\\/producto\\\/variador-100371062-6sl3210-5bb17-5uv1-sinamics-v20-220v-1hp-7\\\/\"]}]},{\"@type\":\"ImageObject\",\"inLanguage\":\"es\",\"@id\":\"https:\\\/\\\/www.eimpsa.com\\\/web\\\/producto\\\/variador-100371062-6sl3210-5bb17-5uv1-sinamics-v20-220v-1hp-7\\\/#primaryimage\",\"url\":\"https:\\\/\\\/www.eimpsa.com\\\/web\\\/wp-content\\\/uploads\\\/2023\\\/03\\\/P_D011_XX_00780I.jpg\",\"contentUrl\":\"https:\\\/\\\/www.eimpsa.com\\\/web\\\/wp-content\\\/uploads\\\/2023\\\/03\\\/P_D011_XX_00780I.jpg\",\"width\":300,\"height\":300},{\"@type\":\"BreadcrumbList\",\"@id\":\"https:\\\/\\\/www.eimpsa.com\\\/web\\\/producto\\\/variador-100371062-6sl3210-5bb17-5uv1-sinamics-v20-220v-1hp-7\\\/#breadcrumb\",\"itemListElement\":[{\"@type\":\"ListItem\",\"position\":1,\"name\":\"Portada\",\"item\":\"https:\\\/\\\/www.eimpsa.com\\\/web\\\/\"},{\"@type\":\"ListItem\",\"position\":2,\"name\":\"Tienda\",\"item\":\"https:\\\/\\\/www.eimpsa.com\\\/web\\\/tienda-virtual-eimpsa-productos-electricos-industriales\\\/\"},{\"@type\":\"ListItem\",\"position\":3,\"name\":\"VARIADOR 100371062 6SL3210-5BB17-5UV1 SINAMICS V20 220V 1HP\"}]},{\"@type\":\"WebSite\",\"@id\":\"https:\\\/\\\/www.eimpsa.com\\\/web\\\/#website\",\"url\":\"https:\\\/\\\/www.eimpsa.com\\\/web\\\/\",\"name\":\"EIMPSA Electricos Importados\",\"description\":\"Materiales El\u00e9ctricos\",\"publisher\":{\"@id\":\"https:\\\/\\\/www.eimpsa.com\\\/web\\\/#organization\"},\"alternateName\":\"eimpsa\",\"potentialAction\":[{\"@type\":\"SearchAction\",\"target\":{\"@type\":\"EntryPoint\",\"urlTemplate\":\"https:\\\/\\\/www.eimpsa.com\\\/web\\\/?s={search_term_string}\"},\"query-input\":{\"@type\":\"PropertyValueSpecification\",\"valueRequired\":true,\"valueName\":\"search_term_string\"}}],\"inLanguage\":\"es\"},{\"@type\":\"Organization\",\"@id\":\"https:\\\/\\\/www.eimpsa.com\\\/web\\\/#organization\",\"name\":\"EIMPSA El\u00e9ctricos Importados S.A.S\",\"url\":\"https:\\\/\\\/www.eimpsa.com\\\/web\\\/\",\"logo\":{\"@type\":\"ImageObject\",\"inLanguage\":\"es\",\"@id\":\"https:\\\/\\\/www.eimpsa.com\\\/web\\\/#\\\/schema\\\/logo\\\/image\\\/\",\"url\":\"https:\\\/\\\/www.eimpsa.com\\\/web\\\/wp-content\\\/uploads\\\/2023\\\/10\\\/EIMPSA-Versiones-RGB_Base.png\",\"contentUrl\":\"https:\\\/\\\/www.eimpsa.com\\\/web\\\/wp-content\\\/uploads\\\/2023\\\/10\\\/EIMPSA-Versiones-RGB_Base.png\",\"width\":1471,\"height\":473,\"caption\":\"EIMPSA El\u00e9ctricos Importados S.A.S\"},\"image\":{\"@id\":\"https:\\\/\\\/www.eimpsa.com\\\/web\\\/#\\\/schema\\\/logo\\\/image\\\/\"},\"sameAs\":[\"https:\\\/\\\/www.facebook.com\\\/eimpsa\\\/\",\"https:\\\/\\\/www.linkedin.com\\\/company\\\/el-ctricos-importados-s-a-\\\/\",\"https:\\\/\\\/www.youtube.com\\\/channel\\\/UCaCHlQ9m86kFaeAq_dMUOHg?view_as=subscriber\",\"https:\\\/\\\/www.instagram.com\\\/eimpsa_electricos_importados\\\/\"]}]}<\/script>\n<!-- \/ Yoast SEO plugin. -->","yoast_head_json":{"title":"VARIADOR 100371062 6SL3210-5BB17-5UV1 SINAMICS V20 220V 1HP - Electricos Importados","robots":{"index":"index","follow":"follow","max-snippet":"max-snippet:-1","max-image-preview":"max-image-preview:large","max-video-preview":"max-video-preview:-1"},"canonical":"https:\/\/www.eimpsa.com\/web\/producto\/variador-100371062-6sl3210-5bb17-5uv1-sinamics-v20-220v-1hp-7\/","og_locale":"es_ES","og_type":"article","og_title":"VARIADOR 100371062 6SL3210-5BB17-5UV1 SINAMICS V20 220V 1HP - Electricos Importados","og_description":"ProductonN\u00famero de art\u00edculo (n\u00famero de mercado) 6SL3210-5BB17-5UV1nDescripci\u00f3n de producto SINAMICS V20 200-240 V 1 AC \u201310\/+10% 47-63 Hz potencia nominal 0,75 kW con sobrecarga del 150 % durante 60 s sin filtrar E\/S: 4 DI, 2 DO, 2 AI, 1 AO bus de campo: USS\/Modbus RTU con panel de operador b\u00e1sico incorporado protecci\u00f3n: IP20\/UL abierto [&hellip;]","og_url":"https:\/\/www.eimpsa.com\/web\/producto\/variador-100371062-6sl3210-5bb17-5uv1-sinamics-v20-220v-1hp-7\/","og_site_name":"Electricos Importados","article_publisher":"https:\/\/www.facebook.com\/eimpsa\/","article_modified_time":"2024-05-14T12:58:42+00:00","og_image":[{"width":300,"height":300,"url":"https:\/\/www.eimpsa.com\/web\/wp-content\/uploads\/2023\/03\/P_D011_XX_00780I.jpg","type":"image\/jpeg"}],"twitter_card":"summary_large_image","schema":{"@context":"https:\/\/schema.org","@graph":[{"@type":"WebPage","@id":"https:\/\/www.eimpsa.com\/web\/producto\/variador-100371062-6sl3210-5bb17-5uv1-sinamics-v20-220v-1hp-7\/","url":"https:\/\/www.eimpsa.com\/web\/producto\/variador-100371062-6sl3210-5bb17-5uv1-sinamics-v20-220v-1hp-7\/","name":"VARIADOR 100371062 6SL3210-5BB17-5UV1 SINAMICS V20 220V 1HP - Electricos Importados","isPartOf":{"@id":"https:\/\/www.eimpsa.com\/web\/#website"},"primaryImageOfPage":{"@id":"https:\/\/www.eimpsa.com\/web\/producto\/variador-100371062-6sl3210-5bb17-5uv1-sinamics-v20-220v-1hp-7\/#primaryimage"},"image":{"@id":"https:\/\/www.eimpsa.com\/web\/producto\/variador-100371062-6sl3210-5bb17-5uv1-sinamics-v20-220v-1hp-7\/#primaryimage"},"thumbnailUrl":"https:\/\/www.eimpsa.com\/web\/wp-content\/uploads\/2023\/03\/P_D011_XX_00780I.jpg","datePublished":"2023-03-06T20:43:40+00:00","dateModified":"2024-05-14T12:58:42+00:00","breadcrumb":{"@id":"https:\/\/www.eimpsa.com\/web\/producto\/variador-100371062-6sl3210-5bb17-5uv1-sinamics-v20-220v-1hp-7\/#breadcrumb"},"inLanguage":"es","potentialAction":[{"@type":"ReadAction","target":["https:\/\/www.eimpsa.com\/web\/producto\/variador-100371062-6sl3210-5bb17-5uv1-sinamics-v20-220v-1hp-7\/"]}]},{"@type":"ImageObject","inLanguage":"es","@id":"https:\/\/www.eimpsa.com\/web\/producto\/variador-100371062-6sl3210-5bb17-5uv1-sinamics-v20-220v-1hp-7\/#primaryimage","url":"https:\/\/www.eimpsa.com\/web\/wp-content\/uploads\/2023\/03\/P_D011_XX_00780I.jpg","contentUrl":"https:\/\/www.eimpsa.com\/web\/wp-content\/uploads\/2023\/03\/P_D011_XX_00780I.jpg","width":300,"height":300},{"@type":"BreadcrumbList","@id":"https:\/\/www.eimpsa.com\/web\/producto\/variador-100371062-6sl3210-5bb17-5uv1-sinamics-v20-220v-1hp-7\/#breadcrumb","itemListElement":[{"@type":"ListItem","position":1,"name":"Portada","item":"https:\/\/www.eimpsa.com\/web\/"},{"@type":"ListItem","position":2,"name":"Tienda","item":"https:\/\/www.eimpsa.com\/web\/tienda-virtual-eimpsa-productos-electricos-industriales\/"},{"@type":"ListItem","position":3,"name":"VARIADOR 100371062 6SL3210-5BB17-5UV1 SINAMICS V20 220V 1HP"}]},{"@type":"WebSite","@id":"https:\/\/www.eimpsa.com\/web\/#website","url":"https:\/\/www.eimpsa.com\/web\/","name":"EIMPSA Electricos Importados","description":"Materiales El\u00e9ctricos","publisher":{"@id":"https:\/\/www.eimpsa.com\/web\/#organization"},"alternateName":"eimpsa","potentialAction":[{"@type":"SearchAction","target":{"@type":"EntryPoint","urlTemplate":"https:\/\/www.eimpsa.com\/web\/?s={search_term_string}"},"query-input":{"@type":"PropertyValueSpecification","valueRequired":true,"valueName":"search_term_string"}}],"inLanguage":"es"},{"@type":"Organization","@id":"https:\/\/www.eimpsa.com\/web\/#organization","name":"EIMPSA El\u00e9ctricos Importados S.A.S","url":"https:\/\/www.eimpsa.com\/web\/","logo":{"@type":"ImageObject","inLanguage":"es","@id":"https:\/\/www.eimpsa.com\/web\/#\/schema\/logo\/image\/","url":"https:\/\/www.eimpsa.com\/web\/wp-content\/uploads\/2023\/10\/EIMPSA-Versiones-RGB_Base.png","contentUrl":"https:\/\/www.eimpsa.com\/web\/wp-content\/uploads\/2023\/10\/EIMPSA-Versiones-RGB_Base.png","width":1471,"height":473,"caption":"EIMPSA El\u00e9ctricos Importados S.A.S"},"image":{"@id":"https:\/\/www.eimpsa.com\/web\/#\/schema\/logo\/image\/"},"sameAs":["https:\/\/www.facebook.com\/eimpsa\/","https:\/\/www.linkedin.com\/company\/el-ctricos-importados-s-a-\/","https:\/\/www.youtube.com\/channel\/UCaCHlQ9m86kFaeAq_dMUOHg?view_as=subscriber","https:\/\/www.instagram.com\/eimpsa_electricos_importados\/"]}]}},"_links":{"self":[{"href":"https:\/\/www.eimpsa.com\/web\/wp-json\/wp\/v2\/product\/19644","targetHints":{"allow":["GET"]}}],"collection":[{"href":"https:\/\/www.eimpsa.com\/web\/wp-json\/wp\/v2\/product"}],"about":[{"href":"https:\/\/www.eimpsa.com\/web\/wp-json\/wp\/v2\/types\/product"}],"replies":[{"embeddable":true,"href":"https:\/\/www.eimpsa.com\/web\/wp-json\/wp\/v2\/comments?post=19644"}],"version-history":[{"count":1,"href":"https:\/\/www.eimpsa.com\/web\/wp-json\/wp\/v2\/product\/19644\/revisions"}],"predecessor-version":[{"id":19645,"href":"https:\/\/www.eimpsa.com\/web\/wp-json\/wp\/v2\/product\/19644\/revisions\/19645"}],"wp:featuredmedia":[{"embeddable":true,"href":"https:\/\/www.eimpsa.com\/web\/wp-json\/wp\/v2\/media\/19646"}],"wp:attachment":[{"href":"https:\/\/www.eimpsa.com\/web\/wp-json\/wp\/v2\/media?parent=19644"}],"wp:term":[{"taxonomy":"product_cat","embeddable":true,"href":"https:\/\/www.eimpsa.com\/web\/wp-json\/wp\/v2\/product_cat?post=19644"},{"taxonomy":"product_tag","embeddable":true,"href":"https:\/\/www.eimpsa.com\/web\/wp-json\/wp\/v2\/product_tag?post=19644"}],"curies":[{"name":"wp","href":"https:\/\/api.w.org\/{rel}","templated":true}]}}