{"id":19590,"date":"2023-03-06T15:42:51","date_gmt":"2023-03-06T20:42:51","guid":{"rendered":"https:\/\/www.eimpsa.com\/web\/producto\/selector-xa2ed25-2-posiciones-1na-1nc-corto-schneider-5\/"},"modified":"2024-05-14T07:58:53","modified_gmt":"2024-05-14T12:58:53","slug":"selector-xa2ed25-2-posiciones-1na-1nc-corto-schneider-5","status":"publish","type":"product","link":"https:\/\/www.eimpsa.com\/web\/producto\/selector-xa2ed25-2-posiciones-1na-1nc-corto-schneider-5\/","title":{"rendered":"SELECTOR XA2ED25 2 POSICIONES 1NA 1NC (CORTO) SCHNEIDER"},"content":{"rendered":"<p>Xa2 Sel 2 Pos Fijas 1Na 1Nc Man Corta. rango de producto: Harmony Easy XA2 &#8211; modelo de dispositivo: XA2 &#8211; di\u00e1metro de montaje: 22 mm.nn\u0095 Este Selector o Interruptor Selector proporciona una interfaz vers\u00e1til para el control de maquinaria, es de f\u00e1cil instalaci\u00f3n pues se ajusta en perforaciones est\u00e1ndar de 22mm de di\u00e1metro y se conecta mediante dos contactos NA NC que cuentan con sistema de conexi\u00f3n por tornillo y abrazaderan\u0095 Proporciona una manera efectiva de configurar su m\u00e1quina en varios modos de operaci\u00f3nn\u0095 Cuenta con certificaci\u00f3n IP65 que garantiza resistencia a impactos, al polvo y al agua.nn\u0095 Bisel Met\u00e1lico, Ideal para ambientes hostiles, especial para aplicaciones que requieren resistencia a impactos y vibraciones.n\u0095 Dise\u00f1o modular simple que facilita servicios post instalaci\u00f3n, modificaciones y adaptaci\u00f3n de equipos, sin necesidad de especialistas.n\u0095 Dise\u00f1ado para encajar en cortes est\u00e1ndar de 22mm de di\u00e1metro, asegurando compatibilidad de instalaci\u00f3n en maquinaria pre existente.n\u0095 Operaci\u00f3n en un amplio rango de temperaturas (-25\u00b0C a 70\u00b0C) permitiendo una gran versatilidad de uso.n\u0095 La resistencia a la vibraci\u00f3n en sus terminales de conexi\u00f3n hace de este un producto altamente confiable de instalar en maquinaria de alto impacto.nn<\/p>\n<p>Visits: 491<\/p>","protected":false},"excerpt":{"rendered":"<p>Xa2 Sel 2 Pos Fijas 1Na 1Nc Man Corta. rango de producto: Harmony Easy XA2 &#8211; modelo de dispositivo: XA2 &#8211; di\u00e1metro de montaje: 22 mm.nn\u0095 Este Selector o Interruptor Selector proporciona una interfaz vers\u00e1til para el control de maquinaria, es de f\u00e1cil instalaci\u00f3n pues se ajusta en perforaciones est\u00e1ndar de 22mm de di\u00e1metro y [&hellip;]<\/p>\n","protected":false},"featured_media":7589,"comment_status":"closed","ping_status":"open","template":"","meta":[],"product_cat":[18],"product_tag":[],"class_list":["post-19590","product","type-product","status-publish","has-post-thumbnail","hentry","product_cat-schneider"],"yoast_head":"<!-- This site is optimized with the Yoast SEO plugin v27.4 - https:\/\/yoast.com\/product\/yoast-seo-wordpress\/ -->\n<title>SELECTOR XA2ED25 2 POSICIONES 1NA 1NC (CORTO) SCHNEIDER - Electricos Importados<\/title>\n<meta name=\"robots\" content=\"index, follow, max-snippet:-1, max-image-preview:large, max-video-preview:-1\" \/>\n<link rel=\"canonical\" href=\"https:\/\/www.eimpsa.com\/web\/producto\/selector-xa2ed25-2-posiciones-1na-1nc-corto-schneider-5\/\" \/>\n<meta property=\"og:locale\" content=\"es_ES\" \/>\n<meta property=\"og:type\" content=\"article\" \/>\n<meta property=\"og:title\" content=\"SELECTOR XA2ED25 2 POSICIONES 1NA 1NC (CORTO) SCHNEIDER - Electricos Importados\" \/>\n<meta property=\"og:description\" content=\"Xa2 Sel 2 Pos Fijas 1Na 1Nc Man Corta. rango de producto: Harmony Easy XA2 &#8211; modelo de dispositivo: XA2 &#8211; di\u00e1metro de montaje: 22 mm.nn\u0095 Este Selector o Interruptor Selector proporciona una interfaz vers\u00e1til para el control de maquinaria, es de f\u00e1cil instalaci\u00f3n pues se ajusta en perforaciones est\u00e1ndar de 22mm de di\u00e1metro y [&hellip;]\" \/>\n<meta property=\"og:url\" content=\"https:\/\/www.eimpsa.com\/web\/producto\/selector-xa2ed25-2-posiciones-1na-1nc-corto-schneider-5\/\" \/>\n<meta property=\"og:site_name\" content=\"Electricos Importados\" \/>\n<meta property=\"article:publisher\" content=\"https:\/\/www.facebook.com\/eimpsa\/\" \/>\n<meta property=\"article:modified_time\" content=\"2024-05-14T12:58:53+00:00\" \/>\n<meta property=\"og:image\" content=\"https:\/\/www.eimpsa.com\/web\/wp-content\/uploads\/2021\/05\/SELECTOR-XA2ED25-2-POSICIONES-1NA-1NC-CORTO-SCHNEIDER.jpg\" \/>\n\t<meta property=\"og:image:width\" content=\"468\" \/>\n\t<meta property=\"og:image:height\" content=\"373\" \/>\n\t<meta property=\"og:image:type\" content=\"image\/jpeg\" \/>\n<meta name=\"twitter:card\" content=\"summary_large_image\" \/>\n<meta name=\"twitter:label1\" content=\"Tiempo de lectura\" \/>\n\t<meta name=\"twitter:data1\" content=\"1 minuto\" \/>\n<script type=\"application\/ld+json\" class=\"yoast-schema-graph\">{\"@context\":\"https:\\\/\\\/schema.org\",\"@graph\":[{\"@type\":\"WebPage\",\"@id\":\"https:\\\/\\\/www.eimpsa.com\\\/web\\\/producto\\\/selector-xa2ed25-2-posiciones-1na-1nc-corto-schneider-5\\\/\",\"url\":\"https:\\\/\\\/www.eimpsa.com\\\/web\\\/producto\\\/selector-xa2ed25-2-posiciones-1na-1nc-corto-schneider-5\\\/\",\"name\":\"SELECTOR XA2ED25 2 POSICIONES 1NA 1NC (CORTO) SCHNEIDER - Electricos Importados\",\"isPartOf\":{\"@id\":\"https:\\\/\\\/www.eimpsa.com\\\/web\\\/#website\"},\"primaryImageOfPage\":{\"@id\":\"https:\\\/\\\/www.eimpsa.com\\\/web\\\/producto\\\/selector-xa2ed25-2-posiciones-1na-1nc-corto-schneider-5\\\/#primaryimage\"},\"image\":{\"@id\":\"https:\\\/\\\/www.eimpsa.com\\\/web\\\/producto\\\/selector-xa2ed25-2-posiciones-1na-1nc-corto-schneider-5\\\/#primaryimage\"},\"thumbnailUrl\":\"https:\\\/\\\/www.eimpsa.com\\\/web\\\/wp-content\\\/uploads\\\/2021\\\/05\\\/SELECTOR-XA2ED25-2-POSICIONES-1NA-1NC-CORTO-SCHNEIDER.jpg\",\"datePublished\":\"2023-03-06T20:42:51+00:00\",\"dateModified\":\"2024-05-14T12:58:53+00:00\",\"breadcrumb\":{\"@id\":\"https:\\\/\\\/www.eimpsa.com\\\/web\\\/producto\\\/selector-xa2ed25-2-posiciones-1na-1nc-corto-schneider-5\\\/#breadcrumb\"},\"inLanguage\":\"es\",\"potentialAction\":[{\"@type\":\"ReadAction\",\"target\":[\"https:\\\/\\\/www.eimpsa.com\\\/web\\\/producto\\\/selector-xa2ed25-2-posiciones-1na-1nc-corto-schneider-5\\\/\"]}]},{\"@type\":\"ImageObject\",\"inLanguage\":\"es\",\"@id\":\"https:\\\/\\\/www.eimpsa.com\\\/web\\\/producto\\\/selector-xa2ed25-2-posiciones-1na-1nc-corto-schneider-5\\\/#primaryimage\",\"url\":\"https:\\\/\\\/www.eimpsa.com\\\/web\\\/wp-content\\\/uploads\\\/2021\\\/05\\\/SELECTOR-XA2ED25-2-POSICIONES-1NA-1NC-CORTO-SCHNEIDER.jpg\",\"contentUrl\":\"https:\\\/\\\/www.eimpsa.com\\\/web\\\/wp-content\\\/uploads\\\/2021\\\/05\\\/SELECTOR-XA2ED25-2-POSICIONES-1NA-1NC-CORTO-SCHNEIDER.jpg\",\"width\":468,\"height\":373,\"caption\":\"SELECTOR XA2ED25 2 POSICIONES 1NA 1NC (CORTO) SCHNEIDER\"},{\"@type\":\"BreadcrumbList\",\"@id\":\"https:\\\/\\\/www.eimpsa.com\\\/web\\\/producto\\\/selector-xa2ed25-2-posiciones-1na-1nc-corto-schneider-5\\\/#breadcrumb\",\"itemListElement\":[{\"@type\":\"ListItem\",\"position\":1,\"name\":\"Portada\",\"item\":\"https:\\\/\\\/www.eimpsa.com\\\/web\\\/\"},{\"@type\":\"ListItem\",\"position\":2,\"name\":\"Tienda\",\"item\":\"https:\\\/\\\/www.eimpsa.com\\\/web\\\/tienda-virtual-eimpsa-productos-electricos-industriales\\\/\"},{\"@type\":\"ListItem\",\"position\":3,\"name\":\"SELECTOR XA2ED25 2 POSICIONES 1NA 1NC (CORTO) SCHNEIDER\"}]},{\"@type\":\"WebSite\",\"@id\":\"https:\\\/\\\/www.eimpsa.com\\\/web\\\/#website\",\"url\":\"https:\\\/\\\/www.eimpsa.com\\\/web\\\/\",\"name\":\"EIMPSA Electricos Importados\",\"description\":\"Materiales El\u00e9ctricos\",\"publisher\":{\"@id\":\"https:\\\/\\\/www.eimpsa.com\\\/web\\\/#organization\"},\"alternateName\":\"eimpsa\",\"potentialAction\":[{\"@type\":\"SearchAction\",\"target\":{\"@type\":\"EntryPoint\",\"urlTemplate\":\"https:\\\/\\\/www.eimpsa.com\\\/web\\\/?s={search_term_string}\"},\"query-input\":{\"@type\":\"PropertyValueSpecification\",\"valueRequired\":true,\"valueName\":\"search_term_string\"}}],\"inLanguage\":\"es\"},{\"@type\":\"Organization\",\"@id\":\"https:\\\/\\\/www.eimpsa.com\\\/web\\\/#organization\",\"name\":\"EIMPSA El\u00e9ctricos Importados S.A.S\",\"url\":\"https:\\\/\\\/www.eimpsa.com\\\/web\\\/\",\"logo\":{\"@type\":\"ImageObject\",\"inLanguage\":\"es\",\"@id\":\"https:\\\/\\\/www.eimpsa.com\\\/web\\\/#\\\/schema\\\/logo\\\/image\\\/\",\"url\":\"https:\\\/\\\/www.eimpsa.com\\\/web\\\/wp-content\\\/uploads\\\/2023\\\/10\\\/EIMPSA-Versiones-RGB_Base.png\",\"contentUrl\":\"https:\\\/\\\/www.eimpsa.com\\\/web\\\/wp-content\\\/uploads\\\/2023\\\/10\\\/EIMPSA-Versiones-RGB_Base.png\",\"width\":1471,\"height\":473,\"caption\":\"EIMPSA El\u00e9ctricos Importados S.A.S\"},\"image\":{\"@id\":\"https:\\\/\\\/www.eimpsa.com\\\/web\\\/#\\\/schema\\\/logo\\\/image\\\/\"},\"sameAs\":[\"https:\\\/\\\/www.facebook.com\\\/eimpsa\\\/\",\"https:\\\/\\\/www.linkedin.com\\\/company\\\/el-ctricos-importados-s-a-\\\/\",\"https:\\\/\\\/www.youtube.com\\\/channel\\\/UCaCHlQ9m86kFaeAq_dMUOHg?view_as=subscriber\",\"https:\\\/\\\/www.instagram.com\\\/eimpsa_electricos_importados\\\/\"]}]}<\/script>\n<!-- \/ Yoast SEO plugin. -->","yoast_head_json":{"title":"SELECTOR XA2ED25 2 POSICIONES 1NA 1NC (CORTO) SCHNEIDER - Electricos Importados","robots":{"index":"index","follow":"follow","max-snippet":"max-snippet:-1","max-image-preview":"max-image-preview:large","max-video-preview":"max-video-preview:-1"},"canonical":"https:\/\/www.eimpsa.com\/web\/producto\/selector-xa2ed25-2-posiciones-1na-1nc-corto-schneider-5\/","og_locale":"es_ES","og_type":"article","og_title":"SELECTOR XA2ED25 2 POSICIONES 1NA 1NC (CORTO) SCHNEIDER - Electricos Importados","og_description":"Xa2 Sel 2 Pos Fijas 1Na 1Nc Man Corta. rango de producto: Harmony Easy XA2 &#8211; modelo de dispositivo: XA2 &#8211; di\u00e1metro de montaje: 22 mm.nn\u0095 Este Selector o Interruptor Selector proporciona una interfaz vers\u00e1til para el control de maquinaria, es de f\u00e1cil instalaci\u00f3n pues se ajusta en perforaciones est\u00e1ndar de 22mm de di\u00e1metro y [&hellip;]","og_url":"https:\/\/www.eimpsa.com\/web\/producto\/selector-xa2ed25-2-posiciones-1na-1nc-corto-schneider-5\/","og_site_name":"Electricos Importados","article_publisher":"https:\/\/www.facebook.com\/eimpsa\/","article_modified_time":"2024-05-14T12:58:53+00:00","og_image":[{"width":468,"height":373,"url":"https:\/\/www.eimpsa.com\/web\/wp-content\/uploads\/2021\/05\/SELECTOR-XA2ED25-2-POSICIONES-1NA-1NC-CORTO-SCHNEIDER.jpg","type":"image\/jpeg"}],"twitter_card":"summary_large_image","twitter_misc":{"Tiempo de lectura":"1 minuto"},"schema":{"@context":"https:\/\/schema.org","@graph":[{"@type":"WebPage","@id":"https:\/\/www.eimpsa.com\/web\/producto\/selector-xa2ed25-2-posiciones-1na-1nc-corto-schneider-5\/","url":"https:\/\/www.eimpsa.com\/web\/producto\/selector-xa2ed25-2-posiciones-1na-1nc-corto-schneider-5\/","name":"SELECTOR XA2ED25 2 POSICIONES 1NA 1NC (CORTO) SCHNEIDER - Electricos Importados","isPartOf":{"@id":"https:\/\/www.eimpsa.com\/web\/#website"},"primaryImageOfPage":{"@id":"https:\/\/www.eimpsa.com\/web\/producto\/selector-xa2ed25-2-posiciones-1na-1nc-corto-schneider-5\/#primaryimage"},"image":{"@id":"https:\/\/www.eimpsa.com\/web\/producto\/selector-xa2ed25-2-posiciones-1na-1nc-corto-schneider-5\/#primaryimage"},"thumbnailUrl":"https:\/\/www.eimpsa.com\/web\/wp-content\/uploads\/2021\/05\/SELECTOR-XA2ED25-2-POSICIONES-1NA-1NC-CORTO-SCHNEIDER.jpg","datePublished":"2023-03-06T20:42:51+00:00","dateModified":"2024-05-14T12:58:53+00:00","breadcrumb":{"@id":"https:\/\/www.eimpsa.com\/web\/producto\/selector-xa2ed25-2-posiciones-1na-1nc-corto-schneider-5\/#breadcrumb"},"inLanguage":"es","potentialAction":[{"@type":"ReadAction","target":["https:\/\/www.eimpsa.com\/web\/producto\/selector-xa2ed25-2-posiciones-1na-1nc-corto-schneider-5\/"]}]},{"@type":"ImageObject","inLanguage":"es","@id":"https:\/\/www.eimpsa.com\/web\/producto\/selector-xa2ed25-2-posiciones-1na-1nc-corto-schneider-5\/#primaryimage","url":"https:\/\/www.eimpsa.com\/web\/wp-content\/uploads\/2021\/05\/SELECTOR-XA2ED25-2-POSICIONES-1NA-1NC-CORTO-SCHNEIDER.jpg","contentUrl":"https:\/\/www.eimpsa.com\/web\/wp-content\/uploads\/2021\/05\/SELECTOR-XA2ED25-2-POSICIONES-1NA-1NC-CORTO-SCHNEIDER.jpg","width":468,"height":373,"caption":"SELECTOR XA2ED25 2 POSICIONES 1NA 1NC (CORTO) SCHNEIDER"},{"@type":"BreadcrumbList","@id":"https:\/\/www.eimpsa.com\/web\/producto\/selector-xa2ed25-2-posiciones-1na-1nc-corto-schneider-5\/#breadcrumb","itemListElement":[{"@type":"ListItem","position":1,"name":"Portada","item":"https:\/\/www.eimpsa.com\/web\/"},{"@type":"ListItem","position":2,"name":"Tienda","item":"https:\/\/www.eimpsa.com\/web\/tienda-virtual-eimpsa-productos-electricos-industriales\/"},{"@type":"ListItem","position":3,"name":"SELECTOR XA2ED25 2 POSICIONES 1NA 1NC (CORTO) SCHNEIDER"}]},{"@type":"WebSite","@id":"https:\/\/www.eimpsa.com\/web\/#website","url":"https:\/\/www.eimpsa.com\/web\/","name":"EIMPSA Electricos Importados","description":"Materiales El\u00e9ctricos","publisher":{"@id":"https:\/\/www.eimpsa.com\/web\/#organization"},"alternateName":"eimpsa","potentialAction":[{"@type":"SearchAction","target":{"@type":"EntryPoint","urlTemplate":"https:\/\/www.eimpsa.com\/web\/?s={search_term_string}"},"query-input":{"@type":"PropertyValueSpecification","valueRequired":true,"valueName":"search_term_string"}}],"inLanguage":"es"},{"@type":"Organization","@id":"https:\/\/www.eimpsa.com\/web\/#organization","name":"EIMPSA El\u00e9ctricos Importados S.A.S","url":"https:\/\/www.eimpsa.com\/web\/","logo":{"@type":"ImageObject","inLanguage":"es","@id":"https:\/\/www.eimpsa.com\/web\/#\/schema\/logo\/image\/","url":"https:\/\/www.eimpsa.com\/web\/wp-content\/uploads\/2023\/10\/EIMPSA-Versiones-RGB_Base.png","contentUrl":"https:\/\/www.eimpsa.com\/web\/wp-content\/uploads\/2023\/10\/EIMPSA-Versiones-RGB_Base.png","width":1471,"height":473,"caption":"EIMPSA El\u00e9ctricos Importados S.A.S"},"image":{"@id":"https:\/\/www.eimpsa.com\/web\/#\/schema\/logo\/image\/"},"sameAs":["https:\/\/www.facebook.com\/eimpsa\/","https:\/\/www.linkedin.com\/company\/el-ctricos-importados-s-a-\/","https:\/\/www.youtube.com\/channel\/UCaCHlQ9m86kFaeAq_dMUOHg?view_as=subscriber","https:\/\/www.instagram.com\/eimpsa_electricos_importados\/"]}]}},"_links":{"self":[{"href":"https:\/\/www.eimpsa.com\/web\/wp-json\/wp\/v2\/product\/19590","targetHints":{"allow":["GET"]}}],"collection":[{"href":"https:\/\/www.eimpsa.com\/web\/wp-json\/wp\/v2\/product"}],"about":[{"href":"https:\/\/www.eimpsa.com\/web\/wp-json\/wp\/v2\/types\/product"}],"replies":[{"embeddable":true,"href":"https:\/\/www.eimpsa.com\/web\/wp-json\/wp\/v2\/comments?post=19590"}],"version-history":[{"count":1,"href":"https:\/\/www.eimpsa.com\/web\/wp-json\/wp\/v2\/product\/19590\/revisions"}],"predecessor-version":[{"id":19591,"href":"https:\/\/www.eimpsa.com\/web\/wp-json\/wp\/v2\/product\/19590\/revisions\/19591"}],"wp:featuredmedia":[{"embeddable":true,"href":"https:\/\/www.eimpsa.com\/web\/wp-json\/wp\/v2\/media\/7589"}],"wp:attachment":[{"href":"https:\/\/www.eimpsa.com\/web\/wp-json\/wp\/v2\/media?parent=19590"}],"wp:term":[{"taxonomy":"product_cat","embeddable":true,"href":"https:\/\/www.eimpsa.com\/web\/wp-json\/wp\/v2\/product_cat?post=19590"},{"taxonomy":"product_tag","embeddable":true,"href":"https:\/\/www.eimpsa.com\/web\/wp-json\/wp\/v2\/product_tag?post=19590"}],"curies":[{"name":"wp","href":"https:\/\/api.w.org\/{rel}","templated":true}]}}