{"id":19530,"date":"2023-03-06T15:42:24","date_gmt":"2023-03-06T20:42:24","guid":{"rendered":"https:\/\/www.eimpsa.com\/web\/producto\/rele-lrd14-7-10amp-d09-d38-pp-34\/"},"modified":"2024-05-14T07:58:58","modified_gmt":"2024-05-14T12:58:58","slug":"rele-lrd14-7-10amp-d09-d38-pp-34","status":"publish","type":"product","link":"https:\/\/www.eimpsa.com\/web\/producto\/rele-lrd14-7-10amp-d09-d38-pp-34\/","title":{"rendered":"RELE LRD14 7-10AMP (D09-D38) PP"},"content":{"rendered":"<p>\u0095 El Rel\u00e9 T\u00e9rmico TeSys LRD de Schneider Electric se conecta con los contactores TeSys D, brindando protecci\u00f3n a motores de 4kW a 400V gracias a un rango t\u00e9rmico entre 7-10An\u0095 Tiene clase de disparo 10A y protecci\u00f3n diferencial.n\u0095 Este Rel\u00e9 T\u00e9rmico TeSys LRD se fija directamente debajo de los contactores TeSys Dn\u0095 Cuenta con un rango de ajuste t\u00e9rmico entre 7-10A, una clase de disparo 10A y protecci\u00f3n diferencialn\u0095 Protege los motores de 4kW a 400Vn\u0095 Ofrece botones de prueba y restablecimiento manual, restablecimiento autom\u00e1tico y contacto auxiliar de disparon\u0095 Disponible en todo el mundo, cuenta con certificaci\u00f3n de m\u00faltiples est\u00e1ndares (IEC, UL, CSA, CCC, EAC, Marine) y cumple con Green Premium (RoHs \/ Reach)<\/p>\n<p>Visits: 206<\/p>","protected":false},"excerpt":{"rendered":"<p>\u0095 El Rel\u00e9 T\u00e9rmico TeSys LRD de Schneider Electric se conecta con los contactores TeSys D, brindando protecci\u00f3n a motores de 4kW a 400V gracias a un rango t\u00e9rmico entre 7-10An\u0095 Tiene clase de disparo 10A y protecci\u00f3n diferencial.n\u0095 Este Rel\u00e9 T\u00e9rmico TeSys LRD se fija directamente debajo de los contactores TeSys Dn\u0095 Cuenta con [&hellip;]<\/p>\n","protected":false},"featured_media":19519,"comment_status":"closed","ping_status":"closed","template":"","meta":[],"product_cat":[18],"product_tag":[],"class_list":["post-19530","product","type-product","status-publish","has-post-thumbnail","hentry","product_cat-schneider"],"yoast_head":"<!-- This site is optimized with the Yoast SEO plugin v27.4 - https:\/\/yoast.com\/product\/yoast-seo-wordpress\/ -->\n<title>RELE LRD14 7-10AMP (D09-D38) PP - Electricos Importados<\/title>\n<meta name=\"robots\" content=\"index, follow, max-snippet:-1, max-image-preview:large, max-video-preview:-1\" \/>\n<link rel=\"canonical\" href=\"https:\/\/www.eimpsa.com\/web\/producto\/rele-lrd14-7-10amp-d09-d38-pp-34\/\" \/>\n<meta property=\"og:locale\" content=\"es_ES\" \/>\n<meta property=\"og:type\" content=\"article\" \/>\n<meta property=\"og:title\" content=\"RELE LRD14 7-10AMP (D09-D38) PP - Electricos Importados\" \/>\n<meta property=\"og:description\" content=\"\u0095 El Rel\u00e9 T\u00e9rmico TeSys LRD de Schneider Electric se conecta con los contactores TeSys D, brindando protecci\u00f3n a motores de 4kW a 400V gracias a un rango t\u00e9rmico entre 7-10An\u0095 Tiene clase de disparo 10A y protecci\u00f3n diferencial.n\u0095 Este Rel\u00e9 T\u00e9rmico TeSys LRD se fija directamente debajo de los contactores TeSys Dn\u0095 Cuenta con [&hellip;]\" \/>\n<meta property=\"og:url\" content=\"https:\/\/www.eimpsa.com\/web\/producto\/rele-lrd14-7-10amp-d09-d38-pp-34\/\" \/>\n<meta property=\"og:site_name\" content=\"Electricos Importados\" \/>\n<meta property=\"article:publisher\" content=\"https:\/\/www.facebook.com\/eimpsa\/\" \/>\n<meta property=\"article:modified_time\" content=\"2024-05-14T12:58:58+00:00\" \/>\n<meta property=\"og:image\" content=\"https:\/\/www.eimpsa.com\/web\/wp-content\/uploads\/2023\/03\/files-9-1024x1024.png\" \/>\n\t<meta property=\"og:image:width\" content=\"1024\" \/>\n\t<meta property=\"og:image:height\" content=\"1024\" \/>\n\t<meta property=\"og:image:type\" content=\"image\/png\" \/>\n<meta name=\"twitter:card\" content=\"summary_large_image\" \/>\n<meta name=\"twitter:label1\" content=\"Tiempo de lectura\" \/>\n\t<meta name=\"twitter:data1\" content=\"1 minuto\" \/>\n<script type=\"application\/ld+json\" class=\"yoast-schema-graph\">{\"@context\":\"https:\\\/\\\/schema.org\",\"@graph\":[{\"@type\":\"WebPage\",\"@id\":\"https:\\\/\\\/www.eimpsa.com\\\/web\\\/producto\\\/rele-lrd14-7-10amp-d09-d38-pp-34\\\/\",\"url\":\"https:\\\/\\\/www.eimpsa.com\\\/web\\\/producto\\\/rele-lrd14-7-10amp-d09-d38-pp-34\\\/\",\"name\":\"RELE LRD14 7-10AMP (D09-D38) PP - Electricos Importados\",\"isPartOf\":{\"@id\":\"https:\\\/\\\/www.eimpsa.com\\\/web\\\/#website\"},\"primaryImageOfPage\":{\"@id\":\"https:\\\/\\\/www.eimpsa.com\\\/web\\\/producto\\\/rele-lrd14-7-10amp-d09-d38-pp-34\\\/#primaryimage\"},\"image\":{\"@id\":\"https:\\\/\\\/www.eimpsa.com\\\/web\\\/producto\\\/rele-lrd14-7-10amp-d09-d38-pp-34\\\/#primaryimage\"},\"thumbnailUrl\":\"https:\\\/\\\/www.eimpsa.com\\\/web\\\/wp-content\\\/uploads\\\/2023\\\/03\\\/files-9.png\",\"datePublished\":\"2023-03-06T20:42:24+00:00\",\"dateModified\":\"2024-05-14T12:58:58+00:00\",\"breadcrumb\":{\"@id\":\"https:\\\/\\\/www.eimpsa.com\\\/web\\\/producto\\\/rele-lrd14-7-10amp-d09-d38-pp-34\\\/#breadcrumb\"},\"inLanguage\":\"es\",\"potentialAction\":[{\"@type\":\"ReadAction\",\"target\":[\"https:\\\/\\\/www.eimpsa.com\\\/web\\\/producto\\\/rele-lrd14-7-10amp-d09-d38-pp-34\\\/\"]}]},{\"@type\":\"ImageObject\",\"inLanguage\":\"es\",\"@id\":\"https:\\\/\\\/www.eimpsa.com\\\/web\\\/producto\\\/rele-lrd14-7-10amp-d09-d38-pp-34\\\/#primaryimage\",\"url\":\"https:\\\/\\\/www.eimpsa.com\\\/web\\\/wp-content\\\/uploads\\\/2023\\\/03\\\/files-9.png\",\"contentUrl\":\"https:\\\/\\\/www.eimpsa.com\\\/web\\\/wp-content\\\/uploads\\\/2023\\\/03\\\/files-9.png\",\"width\":4000,\"height\":4000},{\"@type\":\"BreadcrumbList\",\"@id\":\"https:\\\/\\\/www.eimpsa.com\\\/web\\\/producto\\\/rele-lrd14-7-10amp-d09-d38-pp-34\\\/#breadcrumb\",\"itemListElement\":[{\"@type\":\"ListItem\",\"position\":1,\"name\":\"Portada\",\"item\":\"https:\\\/\\\/www.eimpsa.com\\\/web\\\/\"},{\"@type\":\"ListItem\",\"position\":2,\"name\":\"Tienda\",\"item\":\"https:\\\/\\\/www.eimpsa.com\\\/web\\\/tienda-virtual-eimpsa-productos-electricos-industriales\\\/\"},{\"@type\":\"ListItem\",\"position\":3,\"name\":\"RELE LRD14 7-10AMP (D09-D38) PP\"}]},{\"@type\":\"WebSite\",\"@id\":\"https:\\\/\\\/www.eimpsa.com\\\/web\\\/#website\",\"url\":\"https:\\\/\\\/www.eimpsa.com\\\/web\\\/\",\"name\":\"EIMPSA Electricos Importados\",\"description\":\"Materiales El\u00e9ctricos\",\"publisher\":{\"@id\":\"https:\\\/\\\/www.eimpsa.com\\\/web\\\/#organization\"},\"alternateName\":\"eimpsa\",\"potentialAction\":[{\"@type\":\"SearchAction\",\"target\":{\"@type\":\"EntryPoint\",\"urlTemplate\":\"https:\\\/\\\/www.eimpsa.com\\\/web\\\/?s={search_term_string}\"},\"query-input\":{\"@type\":\"PropertyValueSpecification\",\"valueRequired\":true,\"valueName\":\"search_term_string\"}}],\"inLanguage\":\"es\"},{\"@type\":\"Organization\",\"@id\":\"https:\\\/\\\/www.eimpsa.com\\\/web\\\/#organization\",\"name\":\"EIMPSA El\u00e9ctricos Importados S.A.S\",\"url\":\"https:\\\/\\\/www.eimpsa.com\\\/web\\\/\",\"logo\":{\"@type\":\"ImageObject\",\"inLanguage\":\"es\",\"@id\":\"https:\\\/\\\/www.eimpsa.com\\\/web\\\/#\\\/schema\\\/logo\\\/image\\\/\",\"url\":\"https:\\\/\\\/www.eimpsa.com\\\/web\\\/wp-content\\\/uploads\\\/2023\\\/10\\\/EIMPSA-Versiones-RGB_Base.png\",\"contentUrl\":\"https:\\\/\\\/www.eimpsa.com\\\/web\\\/wp-content\\\/uploads\\\/2023\\\/10\\\/EIMPSA-Versiones-RGB_Base.png\",\"width\":1471,\"height\":473,\"caption\":\"EIMPSA El\u00e9ctricos Importados S.A.S\"},\"image\":{\"@id\":\"https:\\\/\\\/www.eimpsa.com\\\/web\\\/#\\\/schema\\\/logo\\\/image\\\/\"},\"sameAs\":[\"https:\\\/\\\/www.facebook.com\\\/eimpsa\\\/\",\"https:\\\/\\\/www.linkedin.com\\\/company\\\/el-ctricos-importados-s-a-\\\/\",\"https:\\\/\\\/www.youtube.com\\\/channel\\\/UCaCHlQ9m86kFaeAq_dMUOHg?view_as=subscriber\",\"https:\\\/\\\/www.instagram.com\\\/eimpsa_electricos_importados\\\/\"]}]}<\/script>\n<!-- \/ Yoast SEO plugin. -->","yoast_head_json":{"title":"RELE LRD14 7-10AMP (D09-D38) PP - Electricos Importados","robots":{"index":"index","follow":"follow","max-snippet":"max-snippet:-1","max-image-preview":"max-image-preview:large","max-video-preview":"max-video-preview:-1"},"canonical":"https:\/\/www.eimpsa.com\/web\/producto\/rele-lrd14-7-10amp-d09-d38-pp-34\/","og_locale":"es_ES","og_type":"article","og_title":"RELE LRD14 7-10AMP (D09-D38) PP - Electricos Importados","og_description":"\u0095 El Rel\u00e9 T\u00e9rmico TeSys LRD de Schneider Electric se conecta con los contactores TeSys D, brindando protecci\u00f3n a motores de 4kW a 400V gracias a un rango t\u00e9rmico entre 7-10An\u0095 Tiene clase de disparo 10A y protecci\u00f3n diferencial.n\u0095 Este Rel\u00e9 T\u00e9rmico TeSys LRD se fija directamente debajo de los contactores TeSys Dn\u0095 Cuenta con [&hellip;]","og_url":"https:\/\/www.eimpsa.com\/web\/producto\/rele-lrd14-7-10amp-d09-d38-pp-34\/","og_site_name":"Electricos Importados","article_publisher":"https:\/\/www.facebook.com\/eimpsa\/","article_modified_time":"2024-05-14T12:58:58+00:00","og_image":[{"width":1024,"height":1024,"url":"https:\/\/www.eimpsa.com\/web\/wp-content\/uploads\/2023\/03\/files-9-1024x1024.png","type":"image\/png"}],"twitter_card":"summary_large_image","twitter_misc":{"Tiempo de lectura":"1 minuto"},"schema":{"@context":"https:\/\/schema.org","@graph":[{"@type":"WebPage","@id":"https:\/\/www.eimpsa.com\/web\/producto\/rele-lrd14-7-10amp-d09-d38-pp-34\/","url":"https:\/\/www.eimpsa.com\/web\/producto\/rele-lrd14-7-10amp-d09-d38-pp-34\/","name":"RELE LRD14 7-10AMP (D09-D38) PP - Electricos Importados","isPartOf":{"@id":"https:\/\/www.eimpsa.com\/web\/#website"},"primaryImageOfPage":{"@id":"https:\/\/www.eimpsa.com\/web\/producto\/rele-lrd14-7-10amp-d09-d38-pp-34\/#primaryimage"},"image":{"@id":"https:\/\/www.eimpsa.com\/web\/producto\/rele-lrd14-7-10amp-d09-d38-pp-34\/#primaryimage"},"thumbnailUrl":"https:\/\/www.eimpsa.com\/web\/wp-content\/uploads\/2023\/03\/files-9.png","datePublished":"2023-03-06T20:42:24+00:00","dateModified":"2024-05-14T12:58:58+00:00","breadcrumb":{"@id":"https:\/\/www.eimpsa.com\/web\/producto\/rele-lrd14-7-10amp-d09-d38-pp-34\/#breadcrumb"},"inLanguage":"es","potentialAction":[{"@type":"ReadAction","target":["https:\/\/www.eimpsa.com\/web\/producto\/rele-lrd14-7-10amp-d09-d38-pp-34\/"]}]},{"@type":"ImageObject","inLanguage":"es","@id":"https:\/\/www.eimpsa.com\/web\/producto\/rele-lrd14-7-10amp-d09-d38-pp-34\/#primaryimage","url":"https:\/\/www.eimpsa.com\/web\/wp-content\/uploads\/2023\/03\/files-9.png","contentUrl":"https:\/\/www.eimpsa.com\/web\/wp-content\/uploads\/2023\/03\/files-9.png","width":4000,"height":4000},{"@type":"BreadcrumbList","@id":"https:\/\/www.eimpsa.com\/web\/producto\/rele-lrd14-7-10amp-d09-d38-pp-34\/#breadcrumb","itemListElement":[{"@type":"ListItem","position":1,"name":"Portada","item":"https:\/\/www.eimpsa.com\/web\/"},{"@type":"ListItem","position":2,"name":"Tienda","item":"https:\/\/www.eimpsa.com\/web\/tienda-virtual-eimpsa-productos-electricos-industriales\/"},{"@type":"ListItem","position":3,"name":"RELE LRD14 7-10AMP (D09-D38) PP"}]},{"@type":"WebSite","@id":"https:\/\/www.eimpsa.com\/web\/#website","url":"https:\/\/www.eimpsa.com\/web\/","name":"EIMPSA Electricos Importados","description":"Materiales El\u00e9ctricos","publisher":{"@id":"https:\/\/www.eimpsa.com\/web\/#organization"},"alternateName":"eimpsa","potentialAction":[{"@type":"SearchAction","target":{"@type":"EntryPoint","urlTemplate":"https:\/\/www.eimpsa.com\/web\/?s={search_term_string}"},"query-input":{"@type":"PropertyValueSpecification","valueRequired":true,"valueName":"search_term_string"}}],"inLanguage":"es"},{"@type":"Organization","@id":"https:\/\/www.eimpsa.com\/web\/#organization","name":"EIMPSA El\u00e9ctricos Importados S.A.S","url":"https:\/\/www.eimpsa.com\/web\/","logo":{"@type":"ImageObject","inLanguage":"es","@id":"https:\/\/www.eimpsa.com\/web\/#\/schema\/logo\/image\/","url":"https:\/\/www.eimpsa.com\/web\/wp-content\/uploads\/2023\/10\/EIMPSA-Versiones-RGB_Base.png","contentUrl":"https:\/\/www.eimpsa.com\/web\/wp-content\/uploads\/2023\/10\/EIMPSA-Versiones-RGB_Base.png","width":1471,"height":473,"caption":"EIMPSA El\u00e9ctricos Importados S.A.S"},"image":{"@id":"https:\/\/www.eimpsa.com\/web\/#\/schema\/logo\/image\/"},"sameAs":["https:\/\/www.facebook.com\/eimpsa\/","https:\/\/www.linkedin.com\/company\/el-ctricos-importados-s-a-\/","https:\/\/www.youtube.com\/channel\/UCaCHlQ9m86kFaeAq_dMUOHg?view_as=subscriber","https:\/\/www.instagram.com\/eimpsa_electricos_importados\/"]}]}},"_links":{"self":[{"href":"https:\/\/www.eimpsa.com\/web\/wp-json\/wp\/v2\/product\/19530","targetHints":{"allow":["GET"]}}],"collection":[{"href":"https:\/\/www.eimpsa.com\/web\/wp-json\/wp\/v2\/product"}],"about":[{"href":"https:\/\/www.eimpsa.com\/web\/wp-json\/wp\/v2\/types\/product"}],"replies":[{"embeddable":true,"href":"https:\/\/www.eimpsa.com\/web\/wp-json\/wp\/v2\/comments?post=19530"}],"version-history":[{"count":1,"href":"https:\/\/www.eimpsa.com\/web\/wp-json\/wp\/v2\/product\/19530\/revisions"}],"predecessor-version":[{"id":19531,"href":"https:\/\/www.eimpsa.com\/web\/wp-json\/wp\/v2\/product\/19530\/revisions\/19531"}],"wp:featuredmedia":[{"embeddable":true,"href":"https:\/\/www.eimpsa.com\/web\/wp-json\/wp\/v2\/media\/19519"}],"wp:attachment":[{"href":"https:\/\/www.eimpsa.com\/web\/wp-json\/wp\/v2\/media?parent=19530"}],"wp:term":[{"taxonomy":"product_cat","embeddable":true,"href":"https:\/\/www.eimpsa.com\/web\/wp-json\/wp\/v2\/product_cat?post=19530"},{"taxonomy":"product_tag","embeddable":true,"href":"https:\/\/www.eimpsa.com\/web\/wp-json\/wp\/v2\/product_tag?post=19530"}],"curies":[{"name":"wp","href":"https:\/\/api.w.org\/{rel}","templated":true}]}}