{"id":19356,"date":"2023-03-06T15:40:19","date_gmt":"2023-03-06T20:40:19","guid":{"rendered":"https:\/\/www.eimpsa.com\/web\/producto\/pulsador-xa2ea21-rasante-negro-1na-schneider-5\/"},"modified":"2024-05-14T08:00:18","modified_gmt":"2024-05-14T13:00:18","slug":"pulsador-xa2ea21-rasante-negro-1na-schneider-5","status":"publish","type":"product","link":"https:\/\/www.eimpsa.com\/web\/producto\/pulsador-xa2ea21-rasante-negro-1na-schneider-5\/","title":{"rendered":"PULSADOR XA2EA21 RASANTE NEGRO 1NA SCHNEIDER"},"content":{"rendered":"<p>Xa2 Pulsador Rasante 1Na Negro. rango de producto: Harmony Easy XA2 &#8211; tipo de producto o componente: pulsador completo &#8211; modelo de dispositivo: XA2 &#8211; material anillo fijaci\u00f3n: pl\u00e1stico.nnLos pulsadores, interruptores y pilotos luminosos que componen la gama Harmony Easy XA2 han sido dise\u00f1ados para ser utilizados en numerosas aplicaciones de control y se\u00f1alizaci\u00f3n. Combinan sencillez de instalaci\u00f3n, flexibilidad y robustez.nn\u0095\tSu di\u00e1metro, \u00d8 22 mm \/0.866 pulg. los hace adecuados para OEM est\u00e1ndar y aplicaciones de armado de tableros.n\u0095\tMaterial pl\u00e1stico, proporcionan una soluci\u00f3n para aplicaciones industriales, exigiendo una alta resistencia a los agentes qu\u00edmicos.n\u0095\tSoportan un rango de temperatura de -40\u00b0 C a   70\u00b0 Cnn\u0095 Bisel Met\u00e1lico, Ideal para ambientes hostiles, especial para aplicaciones que requieren resistencia a impactos y vibraciones.n\u0095 Dise\u00f1o modular simple que facilita servicios post instalaci\u00f3n, modificaciones y adaptaci\u00f3n de equipos, sin necesidad de especialistas.n\u0095 Dise\u00f1ado para encajar en cortes est\u00e1ndar de 22mm de di\u00e1metro, asegurando compatibilidad de instalaci\u00f3n en maquinaria pre existente.n\u0095 Operaci\u00f3n en un amplio rango de temperaturas (-40\u00b0C a 70\u00b0C) permitiendo una gran versatilidad de uso.n\u0095 La resistencia a la vibraci\u00f3n en sus terminales de conexi\u00f3n hace de este un producto altamente confiable de instalar en maquinaria de alto impacto.nnbotonera, pulsador rasante, pulsador redondo, harmony, di\u00e1metro 22, parada de emergencia, piloto luminoso, selectora, caja colgante, baliza, manipulador, xa2, xb4, xb5, xb7, schneider electric, merlin gerin, schneider, telemecanique,<\/p>\n<p>Visits: 105<\/p>","protected":false},"excerpt":{"rendered":"<p>Xa2 Pulsador Rasante 1Na Negro. rango de producto: Harmony Easy XA2 &#8211; tipo de producto o componente: pulsador completo &#8211; modelo de dispositivo: XA2 &#8211; material anillo fijaci\u00f3n: pl\u00e1stico.nnLos pulsadores, interruptores y pilotos luminosos que componen la gama Harmony Easy XA2 han sido dise\u00f1ados para ser utilizados en numerosas aplicaciones de control y se\u00f1alizaci\u00f3n. Combinan [&hellip;]<\/p>\n","protected":false},"featured_media":7578,"comment_status":"closed","ping_status":"open","template":"","meta":[],"product_cat":[18],"product_tag":[],"class_list":["post-19356","product","type-product","status-publish","has-post-thumbnail","hentry","product_cat-schneider"],"yoast_head":"<!-- This site is optimized with the Yoast SEO plugin v27.4 - https:\/\/yoast.com\/product\/yoast-seo-wordpress\/ -->\n<title>PULSADOR XA2EA21 RASANTE NEGRO 1NA SCHNEIDER - Electricos Importados<\/title>\n<meta name=\"robots\" content=\"index, follow, max-snippet:-1, max-image-preview:large, max-video-preview:-1\" \/>\n<link rel=\"canonical\" href=\"https:\/\/www.eimpsa.com\/web\/producto\/pulsador-xa2ea21-rasante-negro-1na-schneider-5\/\" \/>\n<meta property=\"og:locale\" content=\"es_ES\" \/>\n<meta property=\"og:type\" content=\"article\" \/>\n<meta property=\"og:title\" content=\"PULSADOR XA2EA21 RASANTE NEGRO 1NA SCHNEIDER - Electricos Importados\" \/>\n<meta property=\"og:description\" content=\"Xa2 Pulsador Rasante 1Na Negro. rango de producto: Harmony Easy XA2 &#8211; tipo de producto o componente: pulsador completo &#8211; modelo de dispositivo: XA2 &#8211; material anillo fijaci\u00f3n: pl\u00e1stico.nnLos pulsadores, interruptores y pilotos luminosos que componen la gama Harmony Easy XA2 han sido dise\u00f1ados para ser utilizados en numerosas aplicaciones de control y se\u00f1alizaci\u00f3n. Combinan [&hellip;]\" \/>\n<meta property=\"og:url\" content=\"https:\/\/www.eimpsa.com\/web\/producto\/pulsador-xa2ea21-rasante-negro-1na-schneider-5\/\" \/>\n<meta property=\"og:site_name\" content=\"Electricos Importados\" \/>\n<meta property=\"article:publisher\" content=\"https:\/\/www.facebook.com\/eimpsa\/\" \/>\n<meta property=\"article:modified_time\" content=\"2024-05-14T13:00:18+00:00\" \/>\n<meta property=\"og:image\" content=\"https:\/\/www.eimpsa.com\/web\/wp-content\/uploads\/2021\/05\/PULSADOR-XA2EA21-RASANTE-NEGRO-1NA-SCHNEIDER.png\" \/>\n\t<meta property=\"og:image:width\" content=\"288\" \/>\n\t<meta property=\"og:image:height\" content=\"288\" \/>\n\t<meta property=\"og:image:type\" content=\"image\/png\" \/>\n<meta name=\"twitter:card\" content=\"summary_large_image\" \/>\n<meta name=\"twitter:label1\" content=\"Tiempo de lectura\" \/>\n\t<meta name=\"twitter:data1\" content=\"1 minuto\" \/>\n<script type=\"application\/ld+json\" class=\"yoast-schema-graph\">{\"@context\":\"https:\\\/\\\/schema.org\",\"@graph\":[{\"@type\":\"WebPage\",\"@id\":\"https:\\\/\\\/www.eimpsa.com\\\/web\\\/producto\\\/pulsador-xa2ea21-rasante-negro-1na-schneider-5\\\/\",\"url\":\"https:\\\/\\\/www.eimpsa.com\\\/web\\\/producto\\\/pulsador-xa2ea21-rasante-negro-1na-schneider-5\\\/\",\"name\":\"PULSADOR XA2EA21 RASANTE NEGRO 1NA SCHNEIDER - Electricos Importados\",\"isPartOf\":{\"@id\":\"https:\\\/\\\/www.eimpsa.com\\\/web\\\/#website\"},\"primaryImageOfPage\":{\"@id\":\"https:\\\/\\\/www.eimpsa.com\\\/web\\\/producto\\\/pulsador-xa2ea21-rasante-negro-1na-schneider-5\\\/#primaryimage\"},\"image\":{\"@id\":\"https:\\\/\\\/www.eimpsa.com\\\/web\\\/producto\\\/pulsador-xa2ea21-rasante-negro-1na-schneider-5\\\/#primaryimage\"},\"thumbnailUrl\":\"https:\\\/\\\/www.eimpsa.com\\\/web\\\/wp-content\\\/uploads\\\/2021\\\/05\\\/PULSADOR-XA2EA21-RASANTE-NEGRO-1NA-SCHNEIDER.png\",\"datePublished\":\"2023-03-06T20:40:19+00:00\",\"dateModified\":\"2024-05-14T13:00:18+00:00\",\"breadcrumb\":{\"@id\":\"https:\\\/\\\/www.eimpsa.com\\\/web\\\/producto\\\/pulsador-xa2ea21-rasante-negro-1na-schneider-5\\\/#breadcrumb\"},\"inLanguage\":\"es\",\"potentialAction\":[{\"@type\":\"ReadAction\",\"target\":[\"https:\\\/\\\/www.eimpsa.com\\\/web\\\/producto\\\/pulsador-xa2ea21-rasante-negro-1na-schneider-5\\\/\"]}]},{\"@type\":\"ImageObject\",\"inLanguage\":\"es\",\"@id\":\"https:\\\/\\\/www.eimpsa.com\\\/web\\\/producto\\\/pulsador-xa2ea21-rasante-negro-1na-schneider-5\\\/#primaryimage\",\"url\":\"https:\\\/\\\/www.eimpsa.com\\\/web\\\/wp-content\\\/uploads\\\/2021\\\/05\\\/PULSADOR-XA2EA21-RASANTE-NEGRO-1NA-SCHNEIDER.png\",\"contentUrl\":\"https:\\\/\\\/www.eimpsa.com\\\/web\\\/wp-content\\\/uploads\\\/2021\\\/05\\\/PULSADOR-XA2EA21-RASANTE-NEGRO-1NA-SCHNEIDER.png\",\"width\":288,\"height\":288,\"caption\":\"PULSADOR XA2EA21 RASANTE NEGRO 1NA SCHNEIDER\"},{\"@type\":\"BreadcrumbList\",\"@id\":\"https:\\\/\\\/www.eimpsa.com\\\/web\\\/producto\\\/pulsador-xa2ea21-rasante-negro-1na-schneider-5\\\/#breadcrumb\",\"itemListElement\":[{\"@type\":\"ListItem\",\"position\":1,\"name\":\"Portada\",\"item\":\"https:\\\/\\\/www.eimpsa.com\\\/web\\\/\"},{\"@type\":\"ListItem\",\"position\":2,\"name\":\"Tienda\",\"item\":\"https:\\\/\\\/www.eimpsa.com\\\/web\\\/tienda-virtual-eimpsa-productos-electricos-industriales\\\/\"},{\"@type\":\"ListItem\",\"position\":3,\"name\":\"PULSADOR XA2EA21 RASANTE NEGRO 1NA SCHNEIDER\"}]},{\"@type\":\"WebSite\",\"@id\":\"https:\\\/\\\/www.eimpsa.com\\\/web\\\/#website\",\"url\":\"https:\\\/\\\/www.eimpsa.com\\\/web\\\/\",\"name\":\"EIMPSA Electricos Importados\",\"description\":\"Materiales El\u00e9ctricos\",\"publisher\":{\"@id\":\"https:\\\/\\\/www.eimpsa.com\\\/web\\\/#organization\"},\"alternateName\":\"eimpsa\",\"potentialAction\":[{\"@type\":\"SearchAction\",\"target\":{\"@type\":\"EntryPoint\",\"urlTemplate\":\"https:\\\/\\\/www.eimpsa.com\\\/web\\\/?s={search_term_string}\"},\"query-input\":{\"@type\":\"PropertyValueSpecification\",\"valueRequired\":true,\"valueName\":\"search_term_string\"}}],\"inLanguage\":\"es\"},{\"@type\":\"Organization\",\"@id\":\"https:\\\/\\\/www.eimpsa.com\\\/web\\\/#organization\",\"name\":\"EIMPSA El\u00e9ctricos Importados S.A.S\",\"url\":\"https:\\\/\\\/www.eimpsa.com\\\/web\\\/\",\"logo\":{\"@type\":\"ImageObject\",\"inLanguage\":\"es\",\"@id\":\"https:\\\/\\\/www.eimpsa.com\\\/web\\\/#\\\/schema\\\/logo\\\/image\\\/\",\"url\":\"https:\\\/\\\/www.eimpsa.com\\\/web\\\/wp-content\\\/uploads\\\/2023\\\/10\\\/EIMPSA-Versiones-RGB_Base.png\",\"contentUrl\":\"https:\\\/\\\/www.eimpsa.com\\\/web\\\/wp-content\\\/uploads\\\/2023\\\/10\\\/EIMPSA-Versiones-RGB_Base.png\",\"width\":1471,\"height\":473,\"caption\":\"EIMPSA El\u00e9ctricos Importados S.A.S\"},\"image\":{\"@id\":\"https:\\\/\\\/www.eimpsa.com\\\/web\\\/#\\\/schema\\\/logo\\\/image\\\/\"},\"sameAs\":[\"https:\\\/\\\/www.facebook.com\\\/eimpsa\\\/\",\"https:\\\/\\\/www.linkedin.com\\\/company\\\/el-ctricos-importados-s-a-\\\/\",\"https:\\\/\\\/www.youtube.com\\\/channel\\\/UCaCHlQ9m86kFaeAq_dMUOHg?view_as=subscriber\",\"https:\\\/\\\/www.instagram.com\\\/eimpsa_electricos_importados\\\/\"]}]}<\/script>\n<!-- \/ Yoast SEO plugin. -->","yoast_head_json":{"title":"PULSADOR XA2EA21 RASANTE NEGRO 1NA SCHNEIDER - Electricos Importados","robots":{"index":"index","follow":"follow","max-snippet":"max-snippet:-1","max-image-preview":"max-image-preview:large","max-video-preview":"max-video-preview:-1"},"canonical":"https:\/\/www.eimpsa.com\/web\/producto\/pulsador-xa2ea21-rasante-negro-1na-schneider-5\/","og_locale":"es_ES","og_type":"article","og_title":"PULSADOR XA2EA21 RASANTE NEGRO 1NA SCHNEIDER - Electricos Importados","og_description":"Xa2 Pulsador Rasante 1Na Negro. rango de producto: Harmony Easy XA2 &#8211; tipo de producto o componente: pulsador completo &#8211; modelo de dispositivo: XA2 &#8211; material anillo fijaci\u00f3n: pl\u00e1stico.nnLos pulsadores, interruptores y pilotos luminosos que componen la gama Harmony Easy XA2 han sido dise\u00f1ados para ser utilizados en numerosas aplicaciones de control y se\u00f1alizaci\u00f3n. Combinan [&hellip;]","og_url":"https:\/\/www.eimpsa.com\/web\/producto\/pulsador-xa2ea21-rasante-negro-1na-schneider-5\/","og_site_name":"Electricos Importados","article_publisher":"https:\/\/www.facebook.com\/eimpsa\/","article_modified_time":"2024-05-14T13:00:18+00:00","og_image":[{"width":288,"height":288,"url":"https:\/\/www.eimpsa.com\/web\/wp-content\/uploads\/2021\/05\/PULSADOR-XA2EA21-RASANTE-NEGRO-1NA-SCHNEIDER.png","type":"image\/png"}],"twitter_card":"summary_large_image","twitter_misc":{"Tiempo de lectura":"1 minuto"},"schema":{"@context":"https:\/\/schema.org","@graph":[{"@type":"WebPage","@id":"https:\/\/www.eimpsa.com\/web\/producto\/pulsador-xa2ea21-rasante-negro-1na-schneider-5\/","url":"https:\/\/www.eimpsa.com\/web\/producto\/pulsador-xa2ea21-rasante-negro-1na-schneider-5\/","name":"PULSADOR XA2EA21 RASANTE NEGRO 1NA SCHNEIDER - Electricos Importados","isPartOf":{"@id":"https:\/\/www.eimpsa.com\/web\/#website"},"primaryImageOfPage":{"@id":"https:\/\/www.eimpsa.com\/web\/producto\/pulsador-xa2ea21-rasante-negro-1na-schneider-5\/#primaryimage"},"image":{"@id":"https:\/\/www.eimpsa.com\/web\/producto\/pulsador-xa2ea21-rasante-negro-1na-schneider-5\/#primaryimage"},"thumbnailUrl":"https:\/\/www.eimpsa.com\/web\/wp-content\/uploads\/2021\/05\/PULSADOR-XA2EA21-RASANTE-NEGRO-1NA-SCHNEIDER.png","datePublished":"2023-03-06T20:40:19+00:00","dateModified":"2024-05-14T13:00:18+00:00","breadcrumb":{"@id":"https:\/\/www.eimpsa.com\/web\/producto\/pulsador-xa2ea21-rasante-negro-1na-schneider-5\/#breadcrumb"},"inLanguage":"es","potentialAction":[{"@type":"ReadAction","target":["https:\/\/www.eimpsa.com\/web\/producto\/pulsador-xa2ea21-rasante-negro-1na-schneider-5\/"]}]},{"@type":"ImageObject","inLanguage":"es","@id":"https:\/\/www.eimpsa.com\/web\/producto\/pulsador-xa2ea21-rasante-negro-1na-schneider-5\/#primaryimage","url":"https:\/\/www.eimpsa.com\/web\/wp-content\/uploads\/2021\/05\/PULSADOR-XA2EA21-RASANTE-NEGRO-1NA-SCHNEIDER.png","contentUrl":"https:\/\/www.eimpsa.com\/web\/wp-content\/uploads\/2021\/05\/PULSADOR-XA2EA21-RASANTE-NEGRO-1NA-SCHNEIDER.png","width":288,"height":288,"caption":"PULSADOR XA2EA21 RASANTE NEGRO 1NA SCHNEIDER"},{"@type":"BreadcrumbList","@id":"https:\/\/www.eimpsa.com\/web\/producto\/pulsador-xa2ea21-rasante-negro-1na-schneider-5\/#breadcrumb","itemListElement":[{"@type":"ListItem","position":1,"name":"Portada","item":"https:\/\/www.eimpsa.com\/web\/"},{"@type":"ListItem","position":2,"name":"Tienda","item":"https:\/\/www.eimpsa.com\/web\/tienda-virtual-eimpsa-productos-electricos-industriales\/"},{"@type":"ListItem","position":3,"name":"PULSADOR XA2EA21 RASANTE NEGRO 1NA SCHNEIDER"}]},{"@type":"WebSite","@id":"https:\/\/www.eimpsa.com\/web\/#website","url":"https:\/\/www.eimpsa.com\/web\/","name":"EIMPSA Electricos Importados","description":"Materiales El\u00e9ctricos","publisher":{"@id":"https:\/\/www.eimpsa.com\/web\/#organization"},"alternateName":"eimpsa","potentialAction":[{"@type":"SearchAction","target":{"@type":"EntryPoint","urlTemplate":"https:\/\/www.eimpsa.com\/web\/?s={search_term_string}"},"query-input":{"@type":"PropertyValueSpecification","valueRequired":true,"valueName":"search_term_string"}}],"inLanguage":"es"},{"@type":"Organization","@id":"https:\/\/www.eimpsa.com\/web\/#organization","name":"EIMPSA El\u00e9ctricos Importados S.A.S","url":"https:\/\/www.eimpsa.com\/web\/","logo":{"@type":"ImageObject","inLanguage":"es","@id":"https:\/\/www.eimpsa.com\/web\/#\/schema\/logo\/image\/","url":"https:\/\/www.eimpsa.com\/web\/wp-content\/uploads\/2023\/10\/EIMPSA-Versiones-RGB_Base.png","contentUrl":"https:\/\/www.eimpsa.com\/web\/wp-content\/uploads\/2023\/10\/EIMPSA-Versiones-RGB_Base.png","width":1471,"height":473,"caption":"EIMPSA El\u00e9ctricos Importados S.A.S"},"image":{"@id":"https:\/\/www.eimpsa.com\/web\/#\/schema\/logo\/image\/"},"sameAs":["https:\/\/www.facebook.com\/eimpsa\/","https:\/\/www.linkedin.com\/company\/el-ctricos-importados-s-a-\/","https:\/\/www.youtube.com\/channel\/UCaCHlQ9m86kFaeAq_dMUOHg?view_as=subscriber","https:\/\/www.instagram.com\/eimpsa_electricos_importados\/"]}]}},"_links":{"self":[{"href":"https:\/\/www.eimpsa.com\/web\/wp-json\/wp\/v2\/product\/19356","targetHints":{"allow":["GET"]}}],"collection":[{"href":"https:\/\/www.eimpsa.com\/web\/wp-json\/wp\/v2\/product"}],"about":[{"href":"https:\/\/www.eimpsa.com\/web\/wp-json\/wp\/v2\/types\/product"}],"replies":[{"embeddable":true,"href":"https:\/\/www.eimpsa.com\/web\/wp-json\/wp\/v2\/comments?post=19356"}],"version-history":[{"count":1,"href":"https:\/\/www.eimpsa.com\/web\/wp-json\/wp\/v2\/product\/19356\/revisions"}],"predecessor-version":[{"id":19357,"href":"https:\/\/www.eimpsa.com\/web\/wp-json\/wp\/v2\/product\/19356\/revisions\/19357"}],"wp:featuredmedia":[{"embeddable":true,"href":"https:\/\/www.eimpsa.com\/web\/wp-json\/wp\/v2\/media\/7578"}],"wp:attachment":[{"href":"https:\/\/www.eimpsa.com\/web\/wp-json\/wp\/v2\/media?parent=19356"}],"wp:term":[{"taxonomy":"product_cat","embeddable":true,"href":"https:\/\/www.eimpsa.com\/web\/wp-json\/wp\/v2\/product_cat?post=19356"},{"taxonomy":"product_tag","embeddable":true,"href":"https:\/\/www.eimpsa.com\/web\/wp-json\/wp\/v2\/product_tag?post=19356"}],"curies":[{"name":"wp","href":"https:\/\/api.w.org\/{rel}","templated":true}]}}