{"id":19242,"date":"2023-03-06T15:39:09","date_gmt":"2023-03-06T20:39:09","guid":{"rendered":"https:\/\/www.eimpsa.com\/web\/producto\/lampara-led-hermetica-50w-dl-p24359-100-277v-6500k-sylvania-6\/"},"modified":"2024-05-14T08:00:39","modified_gmt":"2024-05-14T13:00:39","slug":"lampara-led-hermetica-50w-dl-p24359-100-277v-6500k-sylvania-6","status":"publish","type":"product","link":"https:\/\/www.eimpsa.com\/web\/producto\/lampara-led-hermetica-50w-dl-p24359-100-277v-6500k-sylvania-6\/","title":{"rendered":"LAMPARA LED HERMETICA 50W DL P24359 100-277V 6500K SYLVANIA"},"content":{"rendered":"<p>LAMPARA HERMETICA LED 50W DL 100-277V 6500K P24359-36 SYLVANIA<\/p>\n<p>Luminaria industrial tipo herm\u00e9tica, dise\u00f1ada con LED de alta eficacia y driver independiente.<br \/>\nProyecci\u00f3n uniforme de la luz, reduce los costos de consumo de energ\u00eda y de mantenimiento.<br \/>\nAplicaciones: Bodegas y \u00e1reas de almacenamiento, estacionamientos y ambientes industriales.<\/p>\n<p>Dise\u00f1o con strip LED y difusor opalizado<br \/>\nChasis en policarbonato resistente al impacto<br \/>\nF\u00e1cil mantenimiento<br \/>\nCompatibilidad electromagn\u00e9tica bajo las normas IEC 61000, IEC 61547, IEC 62493 e IEC61326<\/p>\n<p>Potencia: 50W<br \/>\nTensi\u00f3n de Operaci\u00f3n: 100-277V<br \/>\nFrecuencia: 50\/60 Hz<br \/>\nTemperatura de Color: 6500K<br \/>\nFlujo Luminoso: 5300lm<br \/>\nVida \u00fatil: 50.000h<br \/>\nGrado de protecci\u00f3n: IP65\/IK05<br \/>\nChasis: Policarbonato<br \/>\nTipo de montaje: Sobreponer\/Suspender<\/p>\n<p>L\u00e1mpara, herm\u00e9tica, led 80mm 1476mm 70mm<\/p>\n<p><strong>Ver Ficha T\u00e9cnica<\/strong><\/p>\n<p><a href=\"https:\/\/sylvania-colombia.com\/wp-content\/uploads\/2023\/01\/6.-FT-P24359.pdf\" target=\"_blank\" rel=\"noopener\">https:\/\/sylvania-colombia.com\/wp-content\/uploads\/2023\/01\/6.-FT-P24359.pdf<\/a><\/p>\n<p>CARACTER\u00cdSTICASnn\u2022 Luminaria con m\u00f3dulo LED integrado para ambientes con alto grado de humedad y suciedad, como parqueaderos, instalaciones industriales, plantas de procesamiento de alimentos y cocinas.n\u2022 Tipo de montaje: Sobreponer o descolgar en techo, instalaci\u00f3n sencilla con clips de montaje y ganchos para f\u00e1cil mantenimiento.n\u2022 Chasis en ABS, difusor en policarbonato opalizado que reduce el deslumbramiento.n\u2022 Tipo de distribuci\u00f3n: Indirecta.n\u2022 Cubierta opalizada.<\/p>\n<p>Visits: 1339<\/p>","protected":false},"excerpt":{"rendered":"<p>LAMPARA HERMETICA LED 50W DL 100-277V 6500K P24359-36 SYLVANIA Luminaria industrial tipo herm\u00e9tica, dise\u00f1ada con LED de alta eficacia y driver independiente. Proyecci\u00f3n uniforme de la luz, reduce los costos de consumo de energ\u00eda y de mantenimiento. Aplicaciones: Bodegas y \u00e1reas de almacenamiento, estacionamientos y ambientes industriales. Dise\u00f1o con strip LED y difusor opalizado Chasis [&hellip;]<\/p>\n","protected":false},"featured_media":19241,"comment_status":"closed","ping_status":"closed","template":"","meta":[],"product_cat":[39],"product_tag":[],"class_list":["post-19242","product","type-product","status-publish","has-post-thumbnail","hentry","product_cat-sylvania-colombia"],"yoast_head":"<!-- This site is optimized with the Yoast SEO plugin v27.4 - https:\/\/yoast.com\/product\/yoast-seo-wordpress\/ -->\n<title>LAMPARA LED HERMETICA 50W DL P24359 100-277V 6500K SYLVANIA - Electricos Importados<\/title>\n<meta name=\"robots\" content=\"index, follow, max-snippet:-1, max-image-preview:large, max-video-preview:-1\" \/>\n<link rel=\"canonical\" href=\"https:\/\/www.eimpsa.com\/web\/producto\/lampara-led-hermetica-50w-dl-p24359-100-277v-6500k-sylvania-6\/\" \/>\n<meta property=\"og:locale\" content=\"es_ES\" \/>\n<meta property=\"og:type\" content=\"article\" \/>\n<meta property=\"og:title\" content=\"LAMPARA LED HERMETICA 50W DL P24359 100-277V 6500K SYLVANIA - Electricos Importados\" \/>\n<meta property=\"og:description\" content=\"LAMPARA HERMETICA LED 50W DL 100-277V 6500K P24359-36 SYLVANIA Luminaria industrial tipo herm\u00e9tica, dise\u00f1ada con LED de alta eficacia y driver independiente. Proyecci\u00f3n uniforme de la luz, reduce los costos de consumo de energ\u00eda y de mantenimiento. Aplicaciones: Bodegas y \u00e1reas de almacenamiento, estacionamientos y ambientes industriales. Dise\u00f1o con strip LED y difusor opalizado Chasis [&hellip;]\" \/>\n<meta property=\"og:url\" content=\"https:\/\/www.eimpsa.com\/web\/producto\/lampara-led-hermetica-50w-dl-p24359-100-277v-6500k-sylvania-6\/\" \/>\n<meta property=\"og:site_name\" content=\"Electricos Importados\" \/>\n<meta property=\"article:publisher\" content=\"https:\/\/www.facebook.com\/eimpsa\/\" \/>\n<meta property=\"article:modified_time\" content=\"2024-05-14T13:00:39+00:00\" \/>\n<meta property=\"og:image\" content=\"https:\/\/www.eimpsa.com\/web\/wp-content\/uploads\/2023\/03\/Hermetica-modulo-producto.jpg\" \/>\n\t<meta property=\"og:image:width\" content=\"1080\" \/>\n\t<meta property=\"og:image:height\" content=\"1080\" \/>\n\t<meta property=\"og:image:type\" content=\"image\/jpeg\" \/>\n<meta name=\"twitter:card\" content=\"summary_large_image\" \/>\n<meta name=\"twitter:label1\" content=\"Tiempo de lectura\" \/>\n\t<meta name=\"twitter:data1\" content=\"1 minuto\" \/>\n<script type=\"application\/ld+json\" class=\"yoast-schema-graph\">{\"@context\":\"https:\\\/\\\/schema.org\",\"@graph\":[{\"@type\":\"WebPage\",\"@id\":\"https:\\\/\\\/www.eimpsa.com\\\/web\\\/producto\\\/lampara-led-hermetica-50w-dl-p24359-100-277v-6500k-sylvania-6\\\/\",\"url\":\"https:\\\/\\\/www.eimpsa.com\\\/web\\\/producto\\\/lampara-led-hermetica-50w-dl-p24359-100-277v-6500k-sylvania-6\\\/\",\"name\":\"LAMPARA LED HERMETICA 50W DL P24359 100-277V 6500K SYLVANIA - Electricos Importados\",\"isPartOf\":{\"@id\":\"https:\\\/\\\/www.eimpsa.com\\\/web\\\/#website\"},\"primaryImageOfPage\":{\"@id\":\"https:\\\/\\\/www.eimpsa.com\\\/web\\\/producto\\\/lampara-led-hermetica-50w-dl-p24359-100-277v-6500k-sylvania-6\\\/#primaryimage\"},\"image\":{\"@id\":\"https:\\\/\\\/www.eimpsa.com\\\/web\\\/producto\\\/lampara-led-hermetica-50w-dl-p24359-100-277v-6500k-sylvania-6\\\/#primaryimage\"},\"thumbnailUrl\":\"https:\\\/\\\/www.eimpsa.com\\\/web\\\/wp-content\\\/uploads\\\/2023\\\/03\\\/Hermetica-modulo-producto.jpg\",\"datePublished\":\"2023-03-06T20:39:09+00:00\",\"dateModified\":\"2024-05-14T13:00:39+00:00\",\"breadcrumb\":{\"@id\":\"https:\\\/\\\/www.eimpsa.com\\\/web\\\/producto\\\/lampara-led-hermetica-50w-dl-p24359-100-277v-6500k-sylvania-6\\\/#breadcrumb\"},\"inLanguage\":\"es\",\"potentialAction\":[{\"@type\":\"ReadAction\",\"target\":[\"https:\\\/\\\/www.eimpsa.com\\\/web\\\/producto\\\/lampara-led-hermetica-50w-dl-p24359-100-277v-6500k-sylvania-6\\\/\"]}]},{\"@type\":\"ImageObject\",\"inLanguage\":\"es\",\"@id\":\"https:\\\/\\\/www.eimpsa.com\\\/web\\\/producto\\\/lampara-led-hermetica-50w-dl-p24359-100-277v-6500k-sylvania-6\\\/#primaryimage\",\"url\":\"https:\\\/\\\/www.eimpsa.com\\\/web\\\/wp-content\\\/uploads\\\/2023\\\/03\\\/Hermetica-modulo-producto.jpg\",\"contentUrl\":\"https:\\\/\\\/www.eimpsa.com\\\/web\\\/wp-content\\\/uploads\\\/2023\\\/03\\\/Hermetica-modulo-producto.jpg\",\"width\":1080,\"height\":1080},{\"@type\":\"BreadcrumbList\",\"@id\":\"https:\\\/\\\/www.eimpsa.com\\\/web\\\/producto\\\/lampara-led-hermetica-50w-dl-p24359-100-277v-6500k-sylvania-6\\\/#breadcrumb\",\"itemListElement\":[{\"@type\":\"ListItem\",\"position\":1,\"name\":\"Portada\",\"item\":\"https:\\\/\\\/www.eimpsa.com\\\/web\\\/\"},{\"@type\":\"ListItem\",\"position\":2,\"name\":\"Tienda\",\"item\":\"https:\\\/\\\/www.eimpsa.com\\\/web\\\/tienda-virtual-eimpsa-productos-electricos-industriales\\\/\"},{\"@type\":\"ListItem\",\"position\":3,\"name\":\"LAMPARA LED HERMETICA 50W DL P24359 100-277V 6500K SYLVANIA\"}]},{\"@type\":\"WebSite\",\"@id\":\"https:\\\/\\\/www.eimpsa.com\\\/web\\\/#website\",\"url\":\"https:\\\/\\\/www.eimpsa.com\\\/web\\\/\",\"name\":\"EIMPSA Electricos Importados\",\"description\":\"Materiales El\u00e9ctricos\",\"publisher\":{\"@id\":\"https:\\\/\\\/www.eimpsa.com\\\/web\\\/#organization\"},\"alternateName\":\"eimpsa\",\"potentialAction\":[{\"@type\":\"SearchAction\",\"target\":{\"@type\":\"EntryPoint\",\"urlTemplate\":\"https:\\\/\\\/www.eimpsa.com\\\/web\\\/?s={search_term_string}\"},\"query-input\":{\"@type\":\"PropertyValueSpecification\",\"valueRequired\":true,\"valueName\":\"search_term_string\"}}],\"inLanguage\":\"es\"},{\"@type\":\"Organization\",\"@id\":\"https:\\\/\\\/www.eimpsa.com\\\/web\\\/#organization\",\"name\":\"EIMPSA El\u00e9ctricos Importados S.A.S\",\"url\":\"https:\\\/\\\/www.eimpsa.com\\\/web\\\/\",\"logo\":{\"@type\":\"ImageObject\",\"inLanguage\":\"es\",\"@id\":\"https:\\\/\\\/www.eimpsa.com\\\/web\\\/#\\\/schema\\\/logo\\\/image\\\/\",\"url\":\"https:\\\/\\\/www.eimpsa.com\\\/web\\\/wp-content\\\/uploads\\\/2023\\\/10\\\/EIMPSA-Versiones-RGB_Base.png\",\"contentUrl\":\"https:\\\/\\\/www.eimpsa.com\\\/web\\\/wp-content\\\/uploads\\\/2023\\\/10\\\/EIMPSA-Versiones-RGB_Base.png\",\"width\":1471,\"height\":473,\"caption\":\"EIMPSA El\u00e9ctricos Importados S.A.S\"},\"image\":{\"@id\":\"https:\\\/\\\/www.eimpsa.com\\\/web\\\/#\\\/schema\\\/logo\\\/image\\\/\"},\"sameAs\":[\"https:\\\/\\\/www.facebook.com\\\/eimpsa\\\/\",\"https:\\\/\\\/www.linkedin.com\\\/company\\\/el-ctricos-importados-s-a-\\\/\",\"https:\\\/\\\/www.youtube.com\\\/channel\\\/UCaCHlQ9m86kFaeAq_dMUOHg?view_as=subscriber\",\"https:\\\/\\\/www.instagram.com\\\/eimpsa_electricos_importados\\\/\"]}]}<\/script>\n<!-- \/ Yoast SEO plugin. -->","yoast_head_json":{"title":"LAMPARA LED HERMETICA 50W DL P24359 100-277V 6500K SYLVANIA - Electricos Importados","robots":{"index":"index","follow":"follow","max-snippet":"max-snippet:-1","max-image-preview":"max-image-preview:large","max-video-preview":"max-video-preview:-1"},"canonical":"https:\/\/www.eimpsa.com\/web\/producto\/lampara-led-hermetica-50w-dl-p24359-100-277v-6500k-sylvania-6\/","og_locale":"es_ES","og_type":"article","og_title":"LAMPARA LED HERMETICA 50W DL P24359 100-277V 6500K SYLVANIA - Electricos Importados","og_description":"LAMPARA HERMETICA LED 50W DL 100-277V 6500K P24359-36 SYLVANIA Luminaria industrial tipo herm\u00e9tica, dise\u00f1ada con LED de alta eficacia y driver independiente. Proyecci\u00f3n uniforme de la luz, reduce los costos de consumo de energ\u00eda y de mantenimiento. Aplicaciones: Bodegas y \u00e1reas de almacenamiento, estacionamientos y ambientes industriales. Dise\u00f1o con strip LED y difusor opalizado Chasis [&hellip;]","og_url":"https:\/\/www.eimpsa.com\/web\/producto\/lampara-led-hermetica-50w-dl-p24359-100-277v-6500k-sylvania-6\/","og_site_name":"Electricos Importados","article_publisher":"https:\/\/www.facebook.com\/eimpsa\/","article_modified_time":"2024-05-14T13:00:39+00:00","og_image":[{"width":1080,"height":1080,"url":"https:\/\/www.eimpsa.com\/web\/wp-content\/uploads\/2023\/03\/Hermetica-modulo-producto.jpg","type":"image\/jpeg"}],"twitter_card":"summary_large_image","twitter_misc":{"Tiempo de lectura":"1 minuto"},"schema":{"@context":"https:\/\/schema.org","@graph":[{"@type":"WebPage","@id":"https:\/\/www.eimpsa.com\/web\/producto\/lampara-led-hermetica-50w-dl-p24359-100-277v-6500k-sylvania-6\/","url":"https:\/\/www.eimpsa.com\/web\/producto\/lampara-led-hermetica-50w-dl-p24359-100-277v-6500k-sylvania-6\/","name":"LAMPARA LED HERMETICA 50W DL P24359 100-277V 6500K SYLVANIA - Electricos Importados","isPartOf":{"@id":"https:\/\/www.eimpsa.com\/web\/#website"},"primaryImageOfPage":{"@id":"https:\/\/www.eimpsa.com\/web\/producto\/lampara-led-hermetica-50w-dl-p24359-100-277v-6500k-sylvania-6\/#primaryimage"},"image":{"@id":"https:\/\/www.eimpsa.com\/web\/producto\/lampara-led-hermetica-50w-dl-p24359-100-277v-6500k-sylvania-6\/#primaryimage"},"thumbnailUrl":"https:\/\/www.eimpsa.com\/web\/wp-content\/uploads\/2023\/03\/Hermetica-modulo-producto.jpg","datePublished":"2023-03-06T20:39:09+00:00","dateModified":"2024-05-14T13:00:39+00:00","breadcrumb":{"@id":"https:\/\/www.eimpsa.com\/web\/producto\/lampara-led-hermetica-50w-dl-p24359-100-277v-6500k-sylvania-6\/#breadcrumb"},"inLanguage":"es","potentialAction":[{"@type":"ReadAction","target":["https:\/\/www.eimpsa.com\/web\/producto\/lampara-led-hermetica-50w-dl-p24359-100-277v-6500k-sylvania-6\/"]}]},{"@type":"ImageObject","inLanguage":"es","@id":"https:\/\/www.eimpsa.com\/web\/producto\/lampara-led-hermetica-50w-dl-p24359-100-277v-6500k-sylvania-6\/#primaryimage","url":"https:\/\/www.eimpsa.com\/web\/wp-content\/uploads\/2023\/03\/Hermetica-modulo-producto.jpg","contentUrl":"https:\/\/www.eimpsa.com\/web\/wp-content\/uploads\/2023\/03\/Hermetica-modulo-producto.jpg","width":1080,"height":1080},{"@type":"BreadcrumbList","@id":"https:\/\/www.eimpsa.com\/web\/producto\/lampara-led-hermetica-50w-dl-p24359-100-277v-6500k-sylvania-6\/#breadcrumb","itemListElement":[{"@type":"ListItem","position":1,"name":"Portada","item":"https:\/\/www.eimpsa.com\/web\/"},{"@type":"ListItem","position":2,"name":"Tienda","item":"https:\/\/www.eimpsa.com\/web\/tienda-virtual-eimpsa-productos-electricos-industriales\/"},{"@type":"ListItem","position":3,"name":"LAMPARA LED HERMETICA 50W DL P24359 100-277V 6500K SYLVANIA"}]},{"@type":"WebSite","@id":"https:\/\/www.eimpsa.com\/web\/#website","url":"https:\/\/www.eimpsa.com\/web\/","name":"EIMPSA Electricos Importados","description":"Materiales El\u00e9ctricos","publisher":{"@id":"https:\/\/www.eimpsa.com\/web\/#organization"},"alternateName":"eimpsa","potentialAction":[{"@type":"SearchAction","target":{"@type":"EntryPoint","urlTemplate":"https:\/\/www.eimpsa.com\/web\/?s={search_term_string}"},"query-input":{"@type":"PropertyValueSpecification","valueRequired":true,"valueName":"search_term_string"}}],"inLanguage":"es"},{"@type":"Organization","@id":"https:\/\/www.eimpsa.com\/web\/#organization","name":"EIMPSA El\u00e9ctricos Importados S.A.S","url":"https:\/\/www.eimpsa.com\/web\/","logo":{"@type":"ImageObject","inLanguage":"es","@id":"https:\/\/www.eimpsa.com\/web\/#\/schema\/logo\/image\/","url":"https:\/\/www.eimpsa.com\/web\/wp-content\/uploads\/2023\/10\/EIMPSA-Versiones-RGB_Base.png","contentUrl":"https:\/\/www.eimpsa.com\/web\/wp-content\/uploads\/2023\/10\/EIMPSA-Versiones-RGB_Base.png","width":1471,"height":473,"caption":"EIMPSA El\u00e9ctricos Importados S.A.S"},"image":{"@id":"https:\/\/www.eimpsa.com\/web\/#\/schema\/logo\/image\/"},"sameAs":["https:\/\/www.facebook.com\/eimpsa\/","https:\/\/www.linkedin.com\/company\/el-ctricos-importados-s-a-\/","https:\/\/www.youtube.com\/channel\/UCaCHlQ9m86kFaeAq_dMUOHg?view_as=subscriber","https:\/\/www.instagram.com\/eimpsa_electricos_importados\/"]}]}},"_links":{"self":[{"href":"https:\/\/www.eimpsa.com\/web\/wp-json\/wp\/v2\/product\/19242","targetHints":{"allow":["GET"]}}],"collection":[{"href":"https:\/\/www.eimpsa.com\/web\/wp-json\/wp\/v2\/product"}],"about":[{"href":"https:\/\/www.eimpsa.com\/web\/wp-json\/wp\/v2\/types\/product"}],"replies":[{"embeddable":true,"href":"https:\/\/www.eimpsa.com\/web\/wp-json\/wp\/v2\/comments?post=19242"}],"version-history":[{"count":4,"href":"https:\/\/www.eimpsa.com\/web\/wp-json\/wp\/v2\/product\/19242\/revisions"}],"predecessor-version":[{"id":20283,"href":"https:\/\/www.eimpsa.com\/web\/wp-json\/wp\/v2\/product\/19242\/revisions\/20283"}],"wp:featuredmedia":[{"embeddable":true,"href":"https:\/\/www.eimpsa.com\/web\/wp-json\/wp\/v2\/media\/19241"}],"wp:attachment":[{"href":"https:\/\/www.eimpsa.com\/web\/wp-json\/wp\/v2\/media?parent=19242"}],"wp:term":[{"taxonomy":"product_cat","embeddable":true,"href":"https:\/\/www.eimpsa.com\/web\/wp-json\/wp\/v2\/product_cat?post=19242"},{"taxonomy":"product_tag","embeddable":true,"href":"https:\/\/www.eimpsa.com\/web\/wp-json\/wp\/v2\/product_tag?post=19242"}],"curies":[{"name":"wp","href":"https:\/\/api.w.org\/{rel}","templated":true}]}}