{"id":19222,"date":"2023-03-06T15:38:22","date_gmt":"2023-03-06T20:38:22","guid":{"rendered":"https:\/\/www.eimpsa.com\/web\/producto\/interruptor-ezc100n3100-100amp-25ka-pp-5\/"},"modified":"2024-05-14T08:00:42","modified_gmt":"2024-05-14T13:00:42","slug":"interruptor-ezc100n3100-100amp-25ka-pp-5","status":"publish","type":"product","link":"https:\/\/www.eimpsa.com\/web\/producto\/interruptor-ezc100n3100-100amp-25ka-pp-5\/","title":{"rendered":"INTERRUPTOR EZC100N3100 100AMP 25KA PP"},"content":{"rendered":"<p>Int. Automatico Ezc100N 3X100A 18Ka. rango de producto: EasyPact &#8211; tipo de producto o componente: disyuntor &#8211; aplicaci\u00f3n del dispositivo: distribuci\u00f3n &#8211; tipo de red: CA, CC &#8211; tensi\u00f3n asignada de empleo: 550 V CA 50\/60 Hz conforme a IEC 60947-2, 250 V CC conforme a IEC 60947-2 &#8211; tipo de poder de corte: N &#8211; poder de corte: 18 kA Icu a 380 V CA 50\/60 Hz conforme a IEC 60947-2, 5 kA Icu a 250 V CC 2P conforme a IEC 60947-2, 25 kA Icu at 110&#8230;130 V CA 50\/60 Hz conforming to IEC 60947-2, 5 kA Icu a 125 V CC 1P conforme a IEC 60947-2, 10 kA Icu a 440 V CA 50\/60 Hz conforme a IEC 60947-2, 15 kA Icu a 400&#8230;415 V CA 50\/60 Hz conforme a IEC 60947-2, 25 kA Icu at 220&#8230;240 V CA 50\/60 Hz conforming to IEC 60947-2, 5 kA Icu a 550 V CA 50\/60 Hz conforme a IEC 60947-2 &#8211; [Ics] poder de corte en servicio: Ics 12.5 kA 110\/130 V CA 50\/60 Hz conforme a IEC 60947-2, Ics 2.5 kA 250 V CC conforme a IEC 60947-2, Ics 12.5 kA 220\/230\/240 V CA 50\/60 Hz conforme a IEC 60947-2, Ics 2.5 kA 125 V CC conforme a IEC 60947-2, Ics 2.5 kA 550 V CA 50\/60 Hz conforme a IEC 60947-2, Ics 9 kA 380 V CA 50\/60 Hz conforme a IEC 60947-2, Ics 5 kA 440 V CA 50\/60 Hz conforme a IEC 60947-2, Ics 7.5 kA 400\/415 V CA 50\/60 Hz conforme a IEC 60947-2 &#8211; categor\u00eda de empleo: A &#8211; tipo de unidad de control: t\u00e9rmico-magn\u00e9tico &#8211; tipo de protecci\u00f3n: protecci\u00f3n contra cortocirc., protecci\u00f3n sobrecargas &#8211; grado de contaminaci\u00f3n: 3 conforme a IEC 60664-1, 3 conforme a IEC 947-1. Beneficios: de principio a fin&#8230;. Aplicaciones: .. n<\/p>\n<p>nnnnnnnnnnnnnnn<\/p>\n<table>\n<thead>\n<tr>\n<th>Caracter\u00edsticas<\/th>\n<th><\/th>\n<\/tr>\n<\/thead>\n<tbody>\n<tr>\n<td>rango de producto<\/td>\n<td>EasyPact<\/td>\n<\/tr>\n<tr>\n<td>tipo de producto o componente<\/td>\n<td>disyuntor<\/td>\n<\/tr>\n<\/tbody>\n<\/table>\n<p>n<\/p>\n<table>\n<caption>Principal<\/caption>\n<tbody>\n<tr>\n<th>gama de producto<\/th>\n<td>EasyPact<\/td>\n<td><\/td>\n<\/tr>\n<tr>\n<th>tipo de producto o componente<\/th>\n<td>Interruptor autom\u00e1tico<\/td>\n<td><\/td>\n<\/tr>\n<tr>\n<th>nombre corto del dispositivo<\/th>\n<td>Easypact EZC100N<\/td>\n<td><\/td>\n<\/tr>\n<tr>\n<th>nombre del interruptor autom\u00e1tico<\/th>\n<td>Easypact EZC100N<\/td>\n<td><\/td>\n<\/tr>\n<tr>\n<th>aplicaci\u00f3n del dispositivo<\/th>\n<td>Distribuci\u00f3n<\/td>\n<td><\/td>\n<\/tr>\n<tr>\n<th>n\u00famero de polos<\/th>\n<td>3P<\/td>\n<td><\/td>\n<\/tr>\n<tr>\n<th>descripci\u00f3n de polos protegidos<\/th>\n<td>3t<\/td>\n<td><\/td>\n<\/tr>\n<tr>\n<th>tipo de red<\/th>\n<td>DC<br \/>\nCA<\/td>\n<td><\/td>\n<\/tr>\n<tr>\n<th>frecuencia de red<\/th>\n<td>50\/60 Hz<\/td>\n<td><\/td>\n<\/tr>\n<tr>\n<th>corriente nominal (In)<\/th>\n<td>100\u00a0A en 40\u00a0\u00b0C<\/td>\n<td><\/td>\n<\/tr>\n<tr>\n<th>[Ui] tensi\u00f3n asignada de aislamiento<\/th>\n<td>690\u00a0V CA 50\/60 Hz acorde a IEC 60947-2<\/td>\n<td><\/td>\n<\/tr>\n<tr>\n<th>[Uimp] Tensi\u00f3n asignada de resistencia a los choques<\/th>\n<td>6\u00a0kV acorde a IEC 60947-2<\/td>\n<td><\/td>\n<\/tr>\n<tr>\n<th>[Ue] tensi\u00f3n asignada de empleo<\/th>\n<td>550 V CA 50\/60 Hz acorde a IEC 60947-2<br \/>\n250 V DC acorde a IEC 60947-2<\/td>\n<td><\/td>\n<\/tr>\n<tr>\n<th>c\u00f3digo de poder de corte<\/th>\n<td>N<\/td>\n<td><\/td>\n<\/tr>\n<tr>\n<th>poder de corte<\/th>\n<td>10\u00a0kA Icu en 440 V CA 50\/60 Hz acorde a IEC 60947-2<br \/>\n15\u00a0kA Icu en 400&#8230;415 V CA 50\/60 Hz acorde a IEC 60947-2<br \/>\n18\u00a0kA Icu en 380 V CA 50\/60 Hz acorde a IEC 60947-2<br \/>\n25\u00a0kA Icu en 110&#8230;130 V CA 50\/60 Hz acorde a IEC 60947-2<br \/>\n25\u00a0kA Icu en 220&#8230;240 V CA 50\/60 Hz acorde a IEC 60947-2<br \/>\n5\u00a0kA Icu en 125 V DC 1P acorde a IEC 60947-2<br \/>\n5\u00a0kA Icu en 250 V DC 2P acorde a IEC 60947-2<br \/>\n5\u00a0kA Icu en 550 V CA 50\/60 Hz acorde a IEC 60947-2<\/td>\n<td><\/td>\n<\/tr>\n<tr>\n<th>[Ics] poder de corte en servicio<\/th>\n<td>5\u00a0kA en 440 V CA 50\/60 Hz acorde a IEC 60947-2<br \/>\n9\u00a0kA en 380 V CA 50\/60 Hz acorde a IEC 60947-2<br \/>\n12,5\u00a0kA en 110\/130 V CA 50\/60 Hz acorde a IEC 60947-2<br \/>\n12,5\u00a0kA en 220\/230\/240 V CA 50\/60 Hz acorde a IEC 60947-2<br \/>\n2,5\u00a0kA en 125 V DC acorde a IEC 60947-2<br \/>\n2,5\u00a0kA en 250 V DC acorde a IEC 60947-2<br \/>\n2,5\u00a0kA en 550 V CA 50\/60 Hz acorde a IEC 60947-2<br \/>\n7,5\u00a0kA en 400\/415 V CA 50\/60 Hz acorde a IEC 60947-2<\/td>\n<td><\/td>\n<\/tr>\n<tr>\n<th>apto para seccionamiento<\/th>\n<td>S\u00ed acorde a IEC 60947-2<\/td>\n<td><\/td>\n<\/tr>\n<tr>\n<th>categor\u00eda de empleo<\/th>\n<td>Categor\u00eda A<\/td>\n<td><\/td>\n<\/tr>\n<tr>\n<th>unidad de control<\/th>\n<td>TM-D<\/td>\n<td><\/td>\n<\/tr>\n<tr>\n<th>tecnolog\u00eda de unidad de disparo<\/th>\n<td>T\u00e9rmico-magn\u00e9tico<\/td>\n<td><\/td>\n<\/tr>\n<tr>\n<th>calibre de la unidad de disparo<\/th>\n<td>100\u00a0A en 50\u00a0\u00b0C<\/td>\n<td><\/td>\n<\/tr>\n<tr>\n<th>tipo de protecci\u00f3n<\/th>\n<td>Protecci\u00f3n contra cortocircuitos<br \/>\nProtecci\u00f3n contra sobrecargas<\/td>\n<td><\/td>\n<\/tr>\n<tr>\n<th>grado de contaminaci\u00f3n<\/th>\n<td>3 acorde a IEC 60664-1<br \/>\n3 acorde a IEC 947-1<\/td>\n<td><\/td>\n<\/tr>\n<\/tbody>\n<\/table>\n<table style=\"height: 618px;\" width=\"529\">\n<caption>Complementario<\/caption>\n<tbody>\n<tr>\n<th>tipo de control<\/th>\n<td>Maneta<\/td>\n<td><\/td>\n<\/tr>\n<tr>\n<th>tipo de montaje<\/th>\n<td>Fijo<\/td>\n<td><\/td>\n<\/tr>\n<tr>\n<th>tipo de montaje<\/th>\n<td>Placa posterior<\/td>\n<td><\/td>\n<\/tr>\n<tr>\n<th>conexi\u00f3n superior<\/th>\n<td>Frontal<\/td>\n<td><\/td>\n<\/tr>\n<tr>\n<th>conexi\u00f3n hacia abajo<\/th>\n<td>Parte frontal<\/td>\n<td><\/td>\n<\/tr>\n<tr>\n<th>endurancia mec\u00e1nica<\/th>\n<td>8500\u00a0cycles<\/td>\n<td><\/td>\n<\/tr>\n<tr>\n<th>durabilidad el\u00e9ctrica<\/th>\n<td>Categor\u00eda A, estado 1 1500\u00a0cycles 415 V CA 50\/60 Hz acorde a IEC 60947-2<\/td>\n<td><\/td>\n<\/tr>\n<tr>\n<th>paso de conexi\u00f3n<\/th>\n<td>25\u00a0mm<\/td>\n<td><\/td>\n<\/tr>\n<tr>\n<th>se\u00f1alizaciones en local<\/th>\n<td>Indicaci\u00f3n de contacto positivo<\/td>\n<td><\/td>\n<\/tr>\n<tr>\n<th>ajustes de protecci\u00f3n de neutro<\/th>\n<td>Sin protecci\u00f3n<\/td>\n<td><\/td>\n<\/tr>\n<tr>\n<th>protecci\u00f3n contra fugas a tierra<\/th>\n<td>Sin<\/td>\n<td><\/td>\n<\/tr>\n<tr>\n<th>altura<\/th>\n<td>130\u00a0mm<\/td>\n<td><\/td>\n<\/tr>\n<tr>\n<th>anchura<\/th>\n<td>75\u00a0mm<\/td>\n<td><\/td>\n<\/tr>\n<tr>\n<th>profundidad<\/th>\n<td>60\u00a0mm<\/td>\n<td><\/td>\n<\/tr>\n<\/tbody>\n<\/table>\n<table>\n<caption>Entorno<\/caption>\n<tbody>\n<tr>\n<th>normas<\/th>\n<td>EN\/IEC 60947-1<br \/>\nGB\/T 14048.2<br \/>\nEN\/IEC 60947-2<br \/>\nJIS C8201-2-2<\/td>\n<td><\/td>\n<\/tr>\n<tr>\n<th>grado de protecci\u00f3n IP<\/th>\n<td>IP20 acorde a IEC 60529<\/td>\n<td><\/td>\n<\/tr>\n<tr>\n<th>grado de protecci\u00f3n IK<\/th>\n<td>IK07 acorde a IEC 62262<\/td>\n<td><\/td>\n<\/tr>\n<tr>\n<th>temperatura ambiente de funcionamiento<\/th>\n<td>-25\u202670\u00a0\u00b0C<\/td>\n<td><\/td>\n<\/tr>\n<tr>\n<th>temperatura ambiente de almacenamiento<\/th>\n<td>-35\u202685\u00a0\u00b0C<\/td>\n<td><\/td>\n<\/tr>\n<\/tbody>\n<\/table>\n<table>\n<caption>Unidades de embalaje<\/caption>\n<tbody>\n<tr>\n<th>Tipo de Unidad de Paquete 1<\/th>\n<td>PCE<\/td>\n<td><\/td>\n<\/tr>\n<tr>\n<th>N\u00famero de Unidades en el Paquete 1<\/th>\n<td>1<\/td>\n<td><\/td>\n<\/tr>\n<tr>\n<th>Paquete 1 Peso<\/th>\n<td>784\u00a0g<\/td>\n<td><\/td>\n<\/tr>\n<tr>\n<th>Paquete 1 Altura<\/th>\n<td>9,5\u00a0cm<\/td>\n<td><\/td>\n<\/tr>\n<tr>\n<th>Paquete 1 ancho<\/th>\n<td>9\u00a0cm<\/td>\n<td><\/td>\n<\/tr>\n<tr>\n<th>Paquete 1 Largo<\/th>\n<td>14\u00a0cm<\/td>\n<td><\/td>\n<\/tr>\n<tr>\n<th>Tipo de Unidad de Paquete 2<\/th>\n<td>S02<\/td>\n<td><\/td>\n<\/tr>\n<tr>\n<th>N\u00famero de Unidades en el Paquete 2<\/th>\n<td>12<\/td>\n<td><\/td>\n<\/tr>\n<tr>\n<th>Paquete 2 Peso<\/th>\n<td>9,81\u00a0kg<\/td>\n<td><\/td>\n<\/tr>\n<tr>\n<th>Paquete 2 Altura<\/th>\n<td>15\u00a0cm<\/td>\n<td><\/td>\n<\/tr>\n<tr>\n<th>Paquete 2 Ancho<\/th>\n<td>30\u00a0cm<\/td>\n<td><\/td>\n<\/tr>\n<tr>\n<th>Paquete 2 Largo<\/th>\n<td>40\u00a0cm<\/td>\n<td><\/td>\n<\/tr>\n<tr>\n<th>Tipo de Unidad de Paquete 3<\/th>\n<td>P06<\/td>\n<td><\/td>\n<\/tr>\n<tr>\n<th>N\u00famero de Unidades en el Paquete 3<\/th>\n<td>192<\/td>\n<td><\/td>\n<\/tr>\n<tr>\n<th>Paquete 3 Peso<\/th>\n<td>166,308\u00a0kg<\/td>\n<td><\/td>\n<\/tr>\n<tr>\n<th>Paquete 3 Altura<\/th>\n<td>80\u00a0cm<\/td>\n<td><\/td>\n<\/tr>\n<tr>\n<th>Paquete 3 Ancho<\/th>\n<td>80\u00a0cm<\/td>\n<td><\/td>\n<\/tr>\n<tr>\n<th>Paquete 3 Largo<\/th>\n<td>60\u00a0cm<\/td>\n<td><\/td>\n<\/tr>\n<\/tbody>\n<\/table>\n<table>\n<caption>\u00a0<\/caption>\n<tbody>\n<tr>\n<th>Estado de oferta sostenible<\/th>\n<td>Producto Green Premium<\/td>\n<td><\/td>\n<\/tr>\n<tr>\n<th>Conforme con REACh sin SVHC<\/th>\n<td>Si<\/td>\n<td><\/td>\n<\/tr>\n<tr>\n<th>Directiva RoHS UE<\/th>\n<td>Conforme<br \/>\n<a title=\"\" href=\"http:\/\/www.reach.schneider-electric.com\/DistantRequestDispatcher.aspx?action=export&amp;pid=846890&amp;lang=es\" target=\"\" rel=\"noopener noreferrer\">Declaraci\u00f3n RoHS UE<\/a><\/td>\n<td><\/td>\n<\/tr>\n<tr>\n<th>Sin metales pesados t\u00f3xicos<\/th>\n<td>Si<\/td>\n<td><\/td>\n<\/tr>\n<tr>\n<th>Sin mercurio<\/th>\n<td>Si<\/td>\n<td><\/td>\n<\/tr>\n<tr>\n<th>Informaci\u00f3n sobre exenciones de RoHS<\/th>\n<td><a title=\"\" href=\"http:\/\/www.reach.schneider-electric.com\/DistantRequestDispatcher.aspx?action=export&amp;pid=846890&amp;lang=es\" target=\"\" rel=\"noopener noreferrer\">Si<\/a><\/td>\n<td><\/td>\n<\/tr>\n<tr>\n<th>Normativa de RoHS China<\/th>\n<td><a title=\"\" href=\"http:\/\/www.reach.schneider-electric.com\/DistantRequestDispatcher.aspx?action=exportPdfRoHsChina&amp;pid=846890&amp;lang=es\" target=\"\" rel=\"noopener noreferrer\">Declaraci\u00f3n RoHS China<\/a><\/td>\n<td><\/td>\n<\/tr>\n<tr>\n<th>Comunicaci\u00f3n ambiental<\/th>\n<td><a title=\"\" href=\"https:\/\/download.schneider-electric.com\/files?p_Doc_Ref=ENVPEP1407009EN\" target=\"\" rel=\"noopener noreferrer\">Perfil ambiental del producto<\/a><\/td>\n<td><\/td>\n<\/tr>\n<tr>\n<th>RAEE<\/th>\n<td>En el mercado de la Uni\u00f3n Europea, el producto debe desecharse de acuerdo con un sistema de recolecci\u00f3n de residuos espec\u00edfico y nunca terminar en un contenedor de basura.<\/td>\n<td><\/td>\n<\/tr>\n<\/tbody>\n<\/table>\n<table style=\"height: 60px;\" width=\"103\">\n<caption>\u00a0<\/caption>\n<tbody>\n<tr>\n<th>Periodo de garant\u00eda<\/th>\n<td>18 Meses<\/td>\n<\/tr>\n<\/tbody>\n<\/table>\n<p>Visits: 306<\/p>","protected":false},"excerpt":{"rendered":"<p>Int. Automatico Ezc100N 3X100A 18Ka. rango de producto: EasyPact &#8211; tipo de producto o componente: disyuntor &#8211; aplicaci\u00f3n del dispositivo: distribuci\u00f3n &#8211; tipo de red: CA, CC &#8211; tensi\u00f3n asignada de empleo: 550 V CA 50\/60 Hz conforme a IEC 60947-2, 250 V CC conforme a IEC 60947-2 &#8211; tipo de poder de corte: N [&hellip;]<\/p>\n","protected":false},"featured_media":19221,"comment_status":"closed","ping_status":"closed","template":"","meta":[],"product_cat":[18],"product_tag":[],"class_list":["post-19222","product","type-product","status-publish","has-post-thumbnail","hentry","product_cat-schneider"],"yoast_head":"<!-- This site is optimized with the Yoast SEO plugin v27.4 - https:\/\/yoast.com\/product\/yoast-seo-wordpress\/ -->\n<title>INTERRUPTOR EZC100N3100 100AMP 25KA PP - Electricos Importados<\/title>\n<meta name=\"robots\" content=\"index, follow, max-snippet:-1, max-image-preview:large, max-video-preview:-1\" \/>\n<link rel=\"canonical\" href=\"https:\/\/www.eimpsa.com\/web\/producto\/interruptor-ezc100n3100-100amp-25ka-pp-5\/\" \/>\n<meta property=\"og:locale\" content=\"es_ES\" \/>\n<meta property=\"og:type\" content=\"article\" \/>\n<meta property=\"og:title\" content=\"INTERRUPTOR EZC100N3100 100AMP 25KA PP - Electricos Importados\" \/>\n<meta property=\"og:description\" content=\"Int. Automatico Ezc100N 3X100A 18Ka. rango de producto: EasyPact &#8211; tipo de producto o componente: disyuntor &#8211; aplicaci\u00f3n del dispositivo: distribuci\u00f3n &#8211; tipo de red: CA, CC &#8211; tensi\u00f3n asignada de empleo: 550 V CA 50\/60 Hz conforme a IEC 60947-2, 250 V CC conforme a IEC 60947-2 &#8211; tipo de poder de corte: N [&hellip;]\" \/>\n<meta property=\"og:url\" content=\"https:\/\/www.eimpsa.com\/web\/producto\/interruptor-ezc100n3100-100amp-25ka-pp-5\/\" \/>\n<meta property=\"og:site_name\" content=\"Electricos Importados\" \/>\n<meta property=\"article:publisher\" content=\"https:\/\/www.facebook.com\/eimpsa\/\" \/>\n<meta property=\"article:modified_time\" content=\"2024-05-14T13:00:42+00:00\" \/>\n<meta property=\"og:image\" content=\"https:\/\/www.eimpsa.com\/web\/wp-content\/uploads\/2023\/03\/INTERRUPTOR-EZC100N3100-100AMP-25KA-PP.png\" \/>\n\t<meta property=\"og:image:width\" content=\"2369\" \/>\n\t<meta property=\"og:image:height\" content=\"2369\" \/>\n\t<meta property=\"og:image:type\" content=\"image\/png\" \/>\n<meta name=\"twitter:card\" content=\"summary_large_image\" \/>\n<meta name=\"twitter:label1\" content=\"Tiempo de lectura\" \/>\n\t<meta name=\"twitter:data1\" content=\"5 minutos\" \/>\n<script type=\"application\/ld+json\" class=\"yoast-schema-graph\">{\"@context\":\"https:\\\/\\\/schema.org\",\"@graph\":[{\"@type\":\"WebPage\",\"@id\":\"https:\\\/\\\/www.eimpsa.com\\\/web\\\/producto\\\/interruptor-ezc100n3100-100amp-25ka-pp-5\\\/\",\"url\":\"https:\\\/\\\/www.eimpsa.com\\\/web\\\/producto\\\/interruptor-ezc100n3100-100amp-25ka-pp-5\\\/\",\"name\":\"INTERRUPTOR EZC100N3100 100AMP 25KA PP - Electricos Importados\",\"isPartOf\":{\"@id\":\"https:\\\/\\\/www.eimpsa.com\\\/web\\\/#website\"},\"primaryImageOfPage\":{\"@id\":\"https:\\\/\\\/www.eimpsa.com\\\/web\\\/producto\\\/interruptor-ezc100n3100-100amp-25ka-pp-5\\\/#primaryimage\"},\"image\":{\"@id\":\"https:\\\/\\\/www.eimpsa.com\\\/web\\\/producto\\\/interruptor-ezc100n3100-100amp-25ka-pp-5\\\/#primaryimage\"},\"thumbnailUrl\":\"https:\\\/\\\/www.eimpsa.com\\\/web\\\/wp-content\\\/uploads\\\/2023\\\/03\\\/INTERRUPTOR-EZC100N3100-100AMP-25KA-PP.png\",\"datePublished\":\"2023-03-06T20:38:22+00:00\",\"dateModified\":\"2024-05-14T13:00:42+00:00\",\"breadcrumb\":{\"@id\":\"https:\\\/\\\/www.eimpsa.com\\\/web\\\/producto\\\/interruptor-ezc100n3100-100amp-25ka-pp-5\\\/#breadcrumb\"},\"inLanguage\":\"es\",\"potentialAction\":[{\"@type\":\"ReadAction\",\"target\":[\"https:\\\/\\\/www.eimpsa.com\\\/web\\\/producto\\\/interruptor-ezc100n3100-100amp-25ka-pp-5\\\/\"]}]},{\"@type\":\"ImageObject\",\"inLanguage\":\"es\",\"@id\":\"https:\\\/\\\/www.eimpsa.com\\\/web\\\/producto\\\/interruptor-ezc100n3100-100amp-25ka-pp-5\\\/#primaryimage\",\"url\":\"https:\\\/\\\/www.eimpsa.com\\\/web\\\/wp-content\\\/uploads\\\/2023\\\/03\\\/INTERRUPTOR-EZC100N3100-100AMP-25KA-PP.png\",\"contentUrl\":\"https:\\\/\\\/www.eimpsa.com\\\/web\\\/wp-content\\\/uploads\\\/2023\\\/03\\\/INTERRUPTOR-EZC100N3100-100AMP-25KA-PP.png\",\"width\":2369,\"height\":2369},{\"@type\":\"BreadcrumbList\",\"@id\":\"https:\\\/\\\/www.eimpsa.com\\\/web\\\/producto\\\/interruptor-ezc100n3100-100amp-25ka-pp-5\\\/#breadcrumb\",\"itemListElement\":[{\"@type\":\"ListItem\",\"position\":1,\"name\":\"Portada\",\"item\":\"https:\\\/\\\/www.eimpsa.com\\\/web\\\/\"},{\"@type\":\"ListItem\",\"position\":2,\"name\":\"Tienda\",\"item\":\"https:\\\/\\\/www.eimpsa.com\\\/web\\\/tienda-virtual-eimpsa-productos-electricos-industriales\\\/\"},{\"@type\":\"ListItem\",\"position\":3,\"name\":\"INTERRUPTOR EZC100N3100 100AMP 25KA PP\"}]},{\"@type\":\"WebSite\",\"@id\":\"https:\\\/\\\/www.eimpsa.com\\\/web\\\/#website\",\"url\":\"https:\\\/\\\/www.eimpsa.com\\\/web\\\/\",\"name\":\"EIMPSA Electricos Importados\",\"description\":\"Materiales El\u00e9ctricos\",\"publisher\":{\"@id\":\"https:\\\/\\\/www.eimpsa.com\\\/web\\\/#organization\"},\"alternateName\":\"eimpsa\",\"potentialAction\":[{\"@type\":\"SearchAction\",\"target\":{\"@type\":\"EntryPoint\",\"urlTemplate\":\"https:\\\/\\\/www.eimpsa.com\\\/web\\\/?s={search_term_string}\"},\"query-input\":{\"@type\":\"PropertyValueSpecification\",\"valueRequired\":true,\"valueName\":\"search_term_string\"}}],\"inLanguage\":\"es\"},{\"@type\":\"Organization\",\"@id\":\"https:\\\/\\\/www.eimpsa.com\\\/web\\\/#organization\",\"name\":\"EIMPSA El\u00e9ctricos Importados S.A.S\",\"url\":\"https:\\\/\\\/www.eimpsa.com\\\/web\\\/\",\"logo\":{\"@type\":\"ImageObject\",\"inLanguage\":\"es\",\"@id\":\"https:\\\/\\\/www.eimpsa.com\\\/web\\\/#\\\/schema\\\/logo\\\/image\\\/\",\"url\":\"https:\\\/\\\/www.eimpsa.com\\\/web\\\/wp-content\\\/uploads\\\/2023\\\/10\\\/EIMPSA-Versiones-RGB_Base.png\",\"contentUrl\":\"https:\\\/\\\/www.eimpsa.com\\\/web\\\/wp-content\\\/uploads\\\/2023\\\/10\\\/EIMPSA-Versiones-RGB_Base.png\",\"width\":1471,\"height\":473,\"caption\":\"EIMPSA El\u00e9ctricos Importados S.A.S\"},\"image\":{\"@id\":\"https:\\\/\\\/www.eimpsa.com\\\/web\\\/#\\\/schema\\\/logo\\\/image\\\/\"},\"sameAs\":[\"https:\\\/\\\/www.facebook.com\\\/eimpsa\\\/\",\"https:\\\/\\\/www.linkedin.com\\\/company\\\/el-ctricos-importados-s-a-\\\/\",\"https:\\\/\\\/www.youtube.com\\\/channel\\\/UCaCHlQ9m86kFaeAq_dMUOHg?view_as=subscriber\",\"https:\\\/\\\/www.instagram.com\\\/eimpsa_electricos_importados\\\/\"]}]}<\/script>\n<!-- \/ Yoast SEO plugin. -->","yoast_head_json":{"title":"INTERRUPTOR EZC100N3100 100AMP 25KA PP - Electricos Importados","robots":{"index":"index","follow":"follow","max-snippet":"max-snippet:-1","max-image-preview":"max-image-preview:large","max-video-preview":"max-video-preview:-1"},"canonical":"https:\/\/www.eimpsa.com\/web\/producto\/interruptor-ezc100n3100-100amp-25ka-pp-5\/","og_locale":"es_ES","og_type":"article","og_title":"INTERRUPTOR EZC100N3100 100AMP 25KA PP - Electricos Importados","og_description":"Int. Automatico Ezc100N 3X100A 18Ka. rango de producto: EasyPact &#8211; tipo de producto o componente: disyuntor &#8211; aplicaci\u00f3n del dispositivo: distribuci\u00f3n &#8211; tipo de red: CA, CC &#8211; tensi\u00f3n asignada de empleo: 550 V CA 50\/60 Hz conforme a IEC 60947-2, 250 V CC conforme a IEC 60947-2 &#8211; tipo de poder de corte: N [&hellip;]","og_url":"https:\/\/www.eimpsa.com\/web\/producto\/interruptor-ezc100n3100-100amp-25ka-pp-5\/","og_site_name":"Electricos Importados","article_publisher":"https:\/\/www.facebook.com\/eimpsa\/","article_modified_time":"2024-05-14T13:00:42+00:00","og_image":[{"width":2369,"height":2369,"url":"https:\/\/www.eimpsa.com\/web\/wp-content\/uploads\/2023\/03\/INTERRUPTOR-EZC100N3100-100AMP-25KA-PP.png","type":"image\/png"}],"twitter_card":"summary_large_image","twitter_misc":{"Tiempo de lectura":"5 minutos"},"schema":{"@context":"https:\/\/schema.org","@graph":[{"@type":"WebPage","@id":"https:\/\/www.eimpsa.com\/web\/producto\/interruptor-ezc100n3100-100amp-25ka-pp-5\/","url":"https:\/\/www.eimpsa.com\/web\/producto\/interruptor-ezc100n3100-100amp-25ka-pp-5\/","name":"INTERRUPTOR EZC100N3100 100AMP 25KA PP - Electricos Importados","isPartOf":{"@id":"https:\/\/www.eimpsa.com\/web\/#website"},"primaryImageOfPage":{"@id":"https:\/\/www.eimpsa.com\/web\/producto\/interruptor-ezc100n3100-100amp-25ka-pp-5\/#primaryimage"},"image":{"@id":"https:\/\/www.eimpsa.com\/web\/producto\/interruptor-ezc100n3100-100amp-25ka-pp-5\/#primaryimage"},"thumbnailUrl":"https:\/\/www.eimpsa.com\/web\/wp-content\/uploads\/2023\/03\/INTERRUPTOR-EZC100N3100-100AMP-25KA-PP.png","datePublished":"2023-03-06T20:38:22+00:00","dateModified":"2024-05-14T13:00:42+00:00","breadcrumb":{"@id":"https:\/\/www.eimpsa.com\/web\/producto\/interruptor-ezc100n3100-100amp-25ka-pp-5\/#breadcrumb"},"inLanguage":"es","potentialAction":[{"@type":"ReadAction","target":["https:\/\/www.eimpsa.com\/web\/producto\/interruptor-ezc100n3100-100amp-25ka-pp-5\/"]}]},{"@type":"ImageObject","inLanguage":"es","@id":"https:\/\/www.eimpsa.com\/web\/producto\/interruptor-ezc100n3100-100amp-25ka-pp-5\/#primaryimage","url":"https:\/\/www.eimpsa.com\/web\/wp-content\/uploads\/2023\/03\/INTERRUPTOR-EZC100N3100-100AMP-25KA-PP.png","contentUrl":"https:\/\/www.eimpsa.com\/web\/wp-content\/uploads\/2023\/03\/INTERRUPTOR-EZC100N3100-100AMP-25KA-PP.png","width":2369,"height":2369},{"@type":"BreadcrumbList","@id":"https:\/\/www.eimpsa.com\/web\/producto\/interruptor-ezc100n3100-100amp-25ka-pp-5\/#breadcrumb","itemListElement":[{"@type":"ListItem","position":1,"name":"Portada","item":"https:\/\/www.eimpsa.com\/web\/"},{"@type":"ListItem","position":2,"name":"Tienda","item":"https:\/\/www.eimpsa.com\/web\/tienda-virtual-eimpsa-productos-electricos-industriales\/"},{"@type":"ListItem","position":3,"name":"INTERRUPTOR EZC100N3100 100AMP 25KA PP"}]},{"@type":"WebSite","@id":"https:\/\/www.eimpsa.com\/web\/#website","url":"https:\/\/www.eimpsa.com\/web\/","name":"EIMPSA Electricos Importados","description":"Materiales El\u00e9ctricos","publisher":{"@id":"https:\/\/www.eimpsa.com\/web\/#organization"},"alternateName":"eimpsa","potentialAction":[{"@type":"SearchAction","target":{"@type":"EntryPoint","urlTemplate":"https:\/\/www.eimpsa.com\/web\/?s={search_term_string}"},"query-input":{"@type":"PropertyValueSpecification","valueRequired":true,"valueName":"search_term_string"}}],"inLanguage":"es"},{"@type":"Organization","@id":"https:\/\/www.eimpsa.com\/web\/#organization","name":"EIMPSA El\u00e9ctricos Importados S.A.S","url":"https:\/\/www.eimpsa.com\/web\/","logo":{"@type":"ImageObject","inLanguage":"es","@id":"https:\/\/www.eimpsa.com\/web\/#\/schema\/logo\/image\/","url":"https:\/\/www.eimpsa.com\/web\/wp-content\/uploads\/2023\/10\/EIMPSA-Versiones-RGB_Base.png","contentUrl":"https:\/\/www.eimpsa.com\/web\/wp-content\/uploads\/2023\/10\/EIMPSA-Versiones-RGB_Base.png","width":1471,"height":473,"caption":"EIMPSA El\u00e9ctricos Importados S.A.S"},"image":{"@id":"https:\/\/www.eimpsa.com\/web\/#\/schema\/logo\/image\/"},"sameAs":["https:\/\/www.facebook.com\/eimpsa\/","https:\/\/www.linkedin.com\/company\/el-ctricos-importados-s-a-\/","https:\/\/www.youtube.com\/channel\/UCaCHlQ9m86kFaeAq_dMUOHg?view_as=subscriber","https:\/\/www.instagram.com\/eimpsa_electricos_importados\/"]}]}},"_links":{"self":[{"href":"https:\/\/www.eimpsa.com\/web\/wp-json\/wp\/v2\/product\/19222","targetHints":{"allow":["GET"]}}],"collection":[{"href":"https:\/\/www.eimpsa.com\/web\/wp-json\/wp\/v2\/product"}],"about":[{"href":"https:\/\/www.eimpsa.com\/web\/wp-json\/wp\/v2\/types\/product"}],"replies":[{"embeddable":true,"href":"https:\/\/www.eimpsa.com\/web\/wp-json\/wp\/v2\/comments?post=19222"}],"version-history":[{"count":2,"href":"https:\/\/www.eimpsa.com\/web\/wp-json\/wp\/v2\/product\/19222\/revisions"}],"predecessor-version":[{"id":19829,"href":"https:\/\/www.eimpsa.com\/web\/wp-json\/wp\/v2\/product\/19222\/revisions\/19829"}],"wp:featuredmedia":[{"embeddable":true,"href":"https:\/\/www.eimpsa.com\/web\/wp-json\/wp\/v2\/media\/19221"}],"wp:attachment":[{"href":"https:\/\/www.eimpsa.com\/web\/wp-json\/wp\/v2\/media?parent=19222"}],"wp:term":[{"taxonomy":"product_cat","embeddable":true,"href":"https:\/\/www.eimpsa.com\/web\/wp-json\/wp\/v2\/product_cat?post=19222"},{"taxonomy":"product_tag","embeddable":true,"href":"https:\/\/www.eimpsa.com\/web\/wp-json\/wp\/v2\/product_tag?post=19222"}],"curies":[{"name":"wp","href":"https:\/\/api.w.org\/{rel}","templated":true}]}}