{"id":19192,"date":"2023-03-06T15:38:22","date_gmt":"2023-03-06T20:38:22","guid":{"rendered":"https:\/\/www.eimpsa.com\/web\/producto\/interruptor-ez9f56332-3x32a-pp-schneider-32\/"},"modified":"2024-05-14T08:00:48","modified_gmt":"2024-05-14T13:00:48","slug":"interruptor-ez9f56332-3x32a-pp-schneider-32","status":"publish","type":"product","link":"https:\/\/www.eimpsa.com\/web\/producto\/interruptor-ez9f56332-3x32a-pp-schneider-32\/","title":{"rendered":"INTERRUPTOR EZ9F56332 3X32A PP SCHNEIDER"},"content":{"rendered":"<p>\u0095 El Mini Breaker Easy9 de Schneider Electric de baja tensi\u00f3n esta fabricado para la protecci\u00f3n contra sobrecargas y cortocircuitosn\u0095 Tiene 3 Polos, capacidad de 32 amperios, poder de corte de 10 kA @ 230V AC y curva de disparo tipo C.n\u0095 Este Mini Breaker de tres polos refleja la experiencia de Schneider Electric con m\u00e1s de 40 a\u00f1os desarrollando dispositivos modulares para la protecci\u00f3n de circuitos el\u00e9ctricos en todas las aplicacionesn\u0095 Este producto cumple con la norma IEC 60898-1, protecci\u00f3n IP20 y se puede montar en riel DIN<\/p>\n<p>Visits: 181<\/p>","protected":false},"excerpt":{"rendered":"<p>\u0095 El Mini Breaker Easy9 de Schneider Electric de baja tensi\u00f3n esta fabricado para la protecci\u00f3n contra sobrecargas y cortocircuitosn\u0095 Tiene 3 Polos, capacidad de 32 amperios, poder de corte de 10 kA @ 230V AC y curva de disparo tipo C.n\u0095 Este Mini Breaker de tres polos refleja la experiencia de Schneider Electric con [&hellip;]<\/p>\n","protected":false},"featured_media":19183,"comment_status":"closed","ping_status":"closed","template":"","meta":[],"product_cat":[18],"product_tag":[],"class_list":["post-19192","product","type-product","status-publish","has-post-thumbnail","hentry","product_cat-schneider"],"yoast_head":"<!-- This site is optimized with the Yoast SEO plugin v27.4 - https:\/\/yoast.com\/product\/yoast-seo-wordpress\/ -->\n<title>INTERRUPTOR EZ9F56332 3X32A PP SCHNEIDER - Electricos Importados<\/title>\n<meta name=\"robots\" content=\"index, follow, max-snippet:-1, max-image-preview:large, max-video-preview:-1\" \/>\n<link rel=\"canonical\" href=\"https:\/\/www.eimpsa.com\/web\/producto\/interruptor-ez9f56332-3x32a-pp-schneider-32\/\" \/>\n<meta property=\"og:locale\" content=\"es_ES\" \/>\n<meta property=\"og:type\" content=\"article\" \/>\n<meta property=\"og:title\" content=\"INTERRUPTOR EZ9F56332 3X32A PP SCHNEIDER - Electricos Importados\" \/>\n<meta property=\"og:description\" content=\"\u0095 El Mini Breaker Easy9 de Schneider Electric de baja tensi\u00f3n esta fabricado para la protecci\u00f3n contra sobrecargas y cortocircuitosn\u0095 Tiene 3 Polos, capacidad de 32 amperios, poder de corte de 10 kA @ 230V AC y curva de disparo tipo C.n\u0095 Este Mini Breaker de tres polos refleja la experiencia de Schneider Electric con [&hellip;]\" \/>\n<meta property=\"og:url\" content=\"https:\/\/www.eimpsa.com\/web\/producto\/interruptor-ez9f56332-3x32a-pp-schneider-32\/\" \/>\n<meta property=\"og:site_name\" content=\"Electricos Importados\" \/>\n<meta property=\"article:publisher\" content=\"https:\/\/www.facebook.com\/eimpsa\/\" \/>\n<meta property=\"article:modified_time\" content=\"2024-05-14T13:00:48+00:00\" \/>\n<meta property=\"og:image\" content=\"https:\/\/www.eimpsa.com\/web\/wp-content\/uploads\/2023\/03\/files-6.png\" \/>\n\t<meta property=\"og:image:width\" content=\"4000\" \/>\n\t<meta property=\"og:image:height\" content=\"4000\" \/>\n\t<meta property=\"og:image:type\" content=\"image\/png\" \/>\n<meta name=\"twitter:card\" content=\"summary_large_image\" \/>\n<meta name=\"twitter:label1\" content=\"Tiempo de lectura\" \/>\n\t<meta name=\"twitter:data1\" content=\"1 minuto\" \/>\n<script type=\"application\/ld+json\" class=\"yoast-schema-graph\">{\"@context\":\"https:\\\/\\\/schema.org\",\"@graph\":[{\"@type\":\"WebPage\",\"@id\":\"https:\\\/\\\/www.eimpsa.com\\\/web\\\/producto\\\/interruptor-ez9f56332-3x32a-pp-schneider-32\\\/\",\"url\":\"https:\\\/\\\/www.eimpsa.com\\\/web\\\/producto\\\/interruptor-ez9f56332-3x32a-pp-schneider-32\\\/\",\"name\":\"INTERRUPTOR EZ9F56332 3X32A PP SCHNEIDER - Electricos Importados\",\"isPartOf\":{\"@id\":\"https:\\\/\\\/www.eimpsa.com\\\/web\\\/#website\"},\"primaryImageOfPage\":{\"@id\":\"https:\\\/\\\/www.eimpsa.com\\\/web\\\/producto\\\/interruptor-ez9f56332-3x32a-pp-schneider-32\\\/#primaryimage\"},\"image\":{\"@id\":\"https:\\\/\\\/www.eimpsa.com\\\/web\\\/producto\\\/interruptor-ez9f56332-3x32a-pp-schneider-32\\\/#primaryimage\"},\"thumbnailUrl\":\"https:\\\/\\\/www.eimpsa.com\\\/web\\\/wp-content\\\/uploads\\\/2023\\\/03\\\/files-6.png\",\"datePublished\":\"2023-03-06T20:38:22+00:00\",\"dateModified\":\"2024-05-14T13:00:48+00:00\",\"breadcrumb\":{\"@id\":\"https:\\\/\\\/www.eimpsa.com\\\/web\\\/producto\\\/interruptor-ez9f56332-3x32a-pp-schneider-32\\\/#breadcrumb\"},\"inLanguage\":\"es\",\"potentialAction\":[{\"@type\":\"ReadAction\",\"target\":[\"https:\\\/\\\/www.eimpsa.com\\\/web\\\/producto\\\/interruptor-ez9f56332-3x32a-pp-schneider-32\\\/\"]}]},{\"@type\":\"ImageObject\",\"inLanguage\":\"es\",\"@id\":\"https:\\\/\\\/www.eimpsa.com\\\/web\\\/producto\\\/interruptor-ez9f56332-3x32a-pp-schneider-32\\\/#primaryimage\",\"url\":\"https:\\\/\\\/www.eimpsa.com\\\/web\\\/wp-content\\\/uploads\\\/2023\\\/03\\\/files-6.png\",\"contentUrl\":\"https:\\\/\\\/www.eimpsa.com\\\/web\\\/wp-content\\\/uploads\\\/2023\\\/03\\\/files-6.png\",\"width\":4000,\"height\":4000},{\"@type\":\"BreadcrumbList\",\"@id\":\"https:\\\/\\\/www.eimpsa.com\\\/web\\\/producto\\\/interruptor-ez9f56332-3x32a-pp-schneider-32\\\/#breadcrumb\",\"itemListElement\":[{\"@type\":\"ListItem\",\"position\":1,\"name\":\"Portada\",\"item\":\"https:\\\/\\\/www.eimpsa.com\\\/web\\\/\"},{\"@type\":\"ListItem\",\"position\":2,\"name\":\"Tienda\",\"item\":\"https:\\\/\\\/www.eimpsa.com\\\/web\\\/tienda-virtual-eimpsa-productos-electricos-industriales\\\/\"},{\"@type\":\"ListItem\",\"position\":3,\"name\":\"INTERRUPTOR EZ9F56332 3X32A PP SCHNEIDER\"}]},{\"@type\":\"WebSite\",\"@id\":\"https:\\\/\\\/www.eimpsa.com\\\/web\\\/#website\",\"url\":\"https:\\\/\\\/www.eimpsa.com\\\/web\\\/\",\"name\":\"EIMPSA Electricos Importados\",\"description\":\"Materiales El\u00e9ctricos\",\"publisher\":{\"@id\":\"https:\\\/\\\/www.eimpsa.com\\\/web\\\/#organization\"},\"alternateName\":\"eimpsa\",\"potentialAction\":[{\"@type\":\"SearchAction\",\"target\":{\"@type\":\"EntryPoint\",\"urlTemplate\":\"https:\\\/\\\/www.eimpsa.com\\\/web\\\/?s={search_term_string}\"},\"query-input\":{\"@type\":\"PropertyValueSpecification\",\"valueRequired\":true,\"valueName\":\"search_term_string\"}}],\"inLanguage\":\"es\"},{\"@type\":\"Organization\",\"@id\":\"https:\\\/\\\/www.eimpsa.com\\\/web\\\/#organization\",\"name\":\"EIMPSA El\u00e9ctricos Importados S.A.S\",\"url\":\"https:\\\/\\\/www.eimpsa.com\\\/web\\\/\",\"logo\":{\"@type\":\"ImageObject\",\"inLanguage\":\"es\",\"@id\":\"https:\\\/\\\/www.eimpsa.com\\\/web\\\/#\\\/schema\\\/logo\\\/image\\\/\",\"url\":\"https:\\\/\\\/www.eimpsa.com\\\/web\\\/wp-content\\\/uploads\\\/2023\\\/10\\\/EIMPSA-Versiones-RGB_Base.png\",\"contentUrl\":\"https:\\\/\\\/www.eimpsa.com\\\/web\\\/wp-content\\\/uploads\\\/2023\\\/10\\\/EIMPSA-Versiones-RGB_Base.png\",\"width\":1471,\"height\":473,\"caption\":\"EIMPSA El\u00e9ctricos Importados S.A.S\"},\"image\":{\"@id\":\"https:\\\/\\\/www.eimpsa.com\\\/web\\\/#\\\/schema\\\/logo\\\/image\\\/\"},\"sameAs\":[\"https:\\\/\\\/www.facebook.com\\\/eimpsa\\\/\",\"https:\\\/\\\/www.linkedin.com\\\/company\\\/el-ctricos-importados-s-a-\\\/\",\"https:\\\/\\\/www.youtube.com\\\/channel\\\/UCaCHlQ9m86kFaeAq_dMUOHg?view_as=subscriber\",\"https:\\\/\\\/www.instagram.com\\\/eimpsa_electricos_importados\\\/\"]}]}<\/script>\n<!-- \/ Yoast SEO plugin. -->","yoast_head_json":{"title":"INTERRUPTOR EZ9F56332 3X32A PP SCHNEIDER - Electricos Importados","robots":{"index":"index","follow":"follow","max-snippet":"max-snippet:-1","max-image-preview":"max-image-preview:large","max-video-preview":"max-video-preview:-1"},"canonical":"https:\/\/www.eimpsa.com\/web\/producto\/interruptor-ez9f56332-3x32a-pp-schneider-32\/","og_locale":"es_ES","og_type":"article","og_title":"INTERRUPTOR EZ9F56332 3X32A PP SCHNEIDER - Electricos Importados","og_description":"\u0095 El Mini Breaker Easy9 de Schneider Electric de baja tensi\u00f3n esta fabricado para la protecci\u00f3n contra sobrecargas y cortocircuitosn\u0095 Tiene 3 Polos, capacidad de 32 amperios, poder de corte de 10 kA @ 230V AC y curva de disparo tipo C.n\u0095 Este Mini Breaker de tres polos refleja la experiencia de Schneider Electric con [&hellip;]","og_url":"https:\/\/www.eimpsa.com\/web\/producto\/interruptor-ez9f56332-3x32a-pp-schneider-32\/","og_site_name":"Electricos Importados","article_publisher":"https:\/\/www.facebook.com\/eimpsa\/","article_modified_time":"2024-05-14T13:00:48+00:00","og_image":[{"width":4000,"height":4000,"url":"https:\/\/www.eimpsa.com\/web\/wp-content\/uploads\/2023\/03\/files-6.png","type":"image\/png"}],"twitter_card":"summary_large_image","twitter_misc":{"Tiempo de lectura":"1 minuto"},"schema":{"@context":"https:\/\/schema.org","@graph":[{"@type":"WebPage","@id":"https:\/\/www.eimpsa.com\/web\/producto\/interruptor-ez9f56332-3x32a-pp-schneider-32\/","url":"https:\/\/www.eimpsa.com\/web\/producto\/interruptor-ez9f56332-3x32a-pp-schneider-32\/","name":"INTERRUPTOR EZ9F56332 3X32A PP SCHNEIDER - Electricos Importados","isPartOf":{"@id":"https:\/\/www.eimpsa.com\/web\/#website"},"primaryImageOfPage":{"@id":"https:\/\/www.eimpsa.com\/web\/producto\/interruptor-ez9f56332-3x32a-pp-schneider-32\/#primaryimage"},"image":{"@id":"https:\/\/www.eimpsa.com\/web\/producto\/interruptor-ez9f56332-3x32a-pp-schneider-32\/#primaryimage"},"thumbnailUrl":"https:\/\/www.eimpsa.com\/web\/wp-content\/uploads\/2023\/03\/files-6.png","datePublished":"2023-03-06T20:38:22+00:00","dateModified":"2024-05-14T13:00:48+00:00","breadcrumb":{"@id":"https:\/\/www.eimpsa.com\/web\/producto\/interruptor-ez9f56332-3x32a-pp-schneider-32\/#breadcrumb"},"inLanguage":"es","potentialAction":[{"@type":"ReadAction","target":["https:\/\/www.eimpsa.com\/web\/producto\/interruptor-ez9f56332-3x32a-pp-schneider-32\/"]}]},{"@type":"ImageObject","inLanguage":"es","@id":"https:\/\/www.eimpsa.com\/web\/producto\/interruptor-ez9f56332-3x32a-pp-schneider-32\/#primaryimage","url":"https:\/\/www.eimpsa.com\/web\/wp-content\/uploads\/2023\/03\/files-6.png","contentUrl":"https:\/\/www.eimpsa.com\/web\/wp-content\/uploads\/2023\/03\/files-6.png","width":4000,"height":4000},{"@type":"BreadcrumbList","@id":"https:\/\/www.eimpsa.com\/web\/producto\/interruptor-ez9f56332-3x32a-pp-schneider-32\/#breadcrumb","itemListElement":[{"@type":"ListItem","position":1,"name":"Portada","item":"https:\/\/www.eimpsa.com\/web\/"},{"@type":"ListItem","position":2,"name":"Tienda","item":"https:\/\/www.eimpsa.com\/web\/tienda-virtual-eimpsa-productos-electricos-industriales\/"},{"@type":"ListItem","position":3,"name":"INTERRUPTOR EZ9F56332 3X32A PP SCHNEIDER"}]},{"@type":"WebSite","@id":"https:\/\/www.eimpsa.com\/web\/#website","url":"https:\/\/www.eimpsa.com\/web\/","name":"EIMPSA Electricos Importados","description":"Materiales El\u00e9ctricos","publisher":{"@id":"https:\/\/www.eimpsa.com\/web\/#organization"},"alternateName":"eimpsa","potentialAction":[{"@type":"SearchAction","target":{"@type":"EntryPoint","urlTemplate":"https:\/\/www.eimpsa.com\/web\/?s={search_term_string}"},"query-input":{"@type":"PropertyValueSpecification","valueRequired":true,"valueName":"search_term_string"}}],"inLanguage":"es"},{"@type":"Organization","@id":"https:\/\/www.eimpsa.com\/web\/#organization","name":"EIMPSA El\u00e9ctricos Importados S.A.S","url":"https:\/\/www.eimpsa.com\/web\/","logo":{"@type":"ImageObject","inLanguage":"es","@id":"https:\/\/www.eimpsa.com\/web\/#\/schema\/logo\/image\/","url":"https:\/\/www.eimpsa.com\/web\/wp-content\/uploads\/2023\/10\/EIMPSA-Versiones-RGB_Base.png","contentUrl":"https:\/\/www.eimpsa.com\/web\/wp-content\/uploads\/2023\/10\/EIMPSA-Versiones-RGB_Base.png","width":1471,"height":473,"caption":"EIMPSA El\u00e9ctricos Importados S.A.S"},"image":{"@id":"https:\/\/www.eimpsa.com\/web\/#\/schema\/logo\/image\/"},"sameAs":["https:\/\/www.facebook.com\/eimpsa\/","https:\/\/www.linkedin.com\/company\/el-ctricos-importados-s-a-\/","https:\/\/www.youtube.com\/channel\/UCaCHlQ9m86kFaeAq_dMUOHg?view_as=subscriber","https:\/\/www.instagram.com\/eimpsa_electricos_importados\/"]}]}},"_links":{"self":[{"href":"https:\/\/www.eimpsa.com\/web\/wp-json\/wp\/v2\/product\/19192","targetHints":{"allow":["GET"]}}],"collection":[{"href":"https:\/\/www.eimpsa.com\/web\/wp-json\/wp\/v2\/product"}],"about":[{"href":"https:\/\/www.eimpsa.com\/web\/wp-json\/wp\/v2\/types\/product"}],"replies":[{"embeddable":true,"href":"https:\/\/www.eimpsa.com\/web\/wp-json\/wp\/v2\/comments?post=19192"}],"version-history":[{"count":1,"href":"https:\/\/www.eimpsa.com\/web\/wp-json\/wp\/v2\/product\/19192\/revisions"}],"predecessor-version":[{"id":19193,"href":"https:\/\/www.eimpsa.com\/web\/wp-json\/wp\/v2\/product\/19192\/revisions\/19193"}],"wp:featuredmedia":[{"embeddable":true,"href":"https:\/\/www.eimpsa.com\/web\/wp-json\/wp\/v2\/media\/19183"}],"wp:attachment":[{"href":"https:\/\/www.eimpsa.com\/web\/wp-json\/wp\/v2\/media?parent=19192"}],"wp:term":[{"taxonomy":"product_cat","embeddable":true,"href":"https:\/\/www.eimpsa.com\/web\/wp-json\/wp\/v2\/product_cat?post=19192"},{"taxonomy":"product_tag","embeddable":true,"href":"https:\/\/www.eimpsa.com\/web\/wp-json\/wp\/v2\/product_tag?post=19192"}],"curies":[{"name":"wp","href":"https:\/\/api.w.org\/{rel}","templated":true}]}}