{"id":19136,"date":"2023-03-06T15:37:53","date_gmt":"2023-03-06T20:37:53","guid":{"rendered":"https:\/\/www.eimpsa.com\/web\/producto\/interruptor-a9f74202-2x2amp-ic60n-2p-2a-c-pp-4\/"},"modified":"2024-05-14T08:00:56","modified_gmt":"2024-05-14T13:00:56","slug":"interruptor-a9f74202-2x2amp-ic60n-2p-2a-c-pp-4","status":"publish","type":"product","link":"https:\/\/www.eimpsa.com\/web\/producto\/interruptor-a9f74202-2x2amp-ic60n-2p-2a-c-pp-4\/","title":{"rendered":"INTERRUPTOR A9F74202  2X2AMP  IC60N 2P  2A  C PP"},"content":{"rendered":"<p>Los interruptores termomagn\u00e9ticos, cumplen dos funciones muy importantes dentro de una instalaci\u00f3n el\u00e9ctrica, proteger los conductores contra cortocircuitos y sobrecargas de corriente. La l\u00ednea iC60N pensada para instalaciones el\u00e9ctricas en \u00e1mbitos terciarios o industriales, ofrece las siguientes ventajas:nnCapacidad de reducci\u00f3n de la corriente de cortocircuito Clase [3] (Menor deterioro de la instalaci\u00f3n ante un corto).nMayor vida \u00fatil gracias al Cierre Brusco que evita el desgaste prematuro entre sus bornes internos.nCorte simult\u00e1neo: Esto es, disparan todos los polos simult\u00e1neamente, evitando sobrecargas en las fases no disparadas.nBorne de conexi\u00f3n antierror: Agiliza la instalaci\u00f3n y evita errores en el conexionado de los conductores y calentamiento.nPosibilidad de enclavamiento por candado (ref. A9A26970) y peines.nDisparo y se\u00f1alizaci\u00f3n a distancia mediante auxiliares adicionales.nVisiTrip \u0099 para seguridad durante el mantenimiento y VisiSafe \u0099 para reducir el tiempo de intervenci\u00f3n.nCaracter\u00edsticas t\u00e9cnicas:nRango de calibres de 0,5 a 63 Ampere.nDisponible en 1, 2, 3 y 4 polos.nTensi\u00f3n de empleo: 230\/400 VCA.nPoder de Corte 6.000A seg\u00fan IEC 60898 y 10.000 seg\u00fan IEC 60947nCurvas de disparo disponibles:nCurva B: los disparos magn\u00e9ticos est\u00e1n entre 3 y 5 In.nCurva C: los disparos magn\u00e9ticos est\u00e1n entre 5 y 10 In.nCurva D: los disparos magn\u00e9ticos est\u00e1n entre 10 y 14 In.<\/p>\n<p>Visits: 34<\/p>","protected":false},"excerpt":{"rendered":"<p>Los interruptores termomagn\u00e9ticos, cumplen dos funciones muy importantes dentro de una instalaci\u00f3n el\u00e9ctrica, proteger los conductores contra cortocircuitos y sobrecargas de corriente. La l\u00ednea iC60N pensada para instalaciones el\u00e9ctricas en \u00e1mbitos terciarios o industriales, ofrece las siguientes ventajas:nnCapacidad de reducci\u00f3n de la corriente de cortocircuito Clase [3] (Menor deterioro de la instalaci\u00f3n ante un corto).nMayor [&hellip;]<\/p>\n","protected":false},"featured_media":19138,"comment_status":"closed","ping_status":"open","template":"","meta":[],"product_cat":[18],"product_tag":[],"class_list":["post-19136","product","type-product","status-publish","has-post-thumbnail","hentry","product_cat-schneider"],"yoast_head":"<!-- This site is optimized with the Yoast SEO plugin v27.4 - https:\/\/yoast.com\/product\/yoast-seo-wordpress\/ -->\n<title>INTERRUPTOR A9F74202 2X2AMP IC60N 2P 2A C PP - Electricos Importados<\/title>\n<meta name=\"robots\" content=\"index, follow, max-snippet:-1, max-image-preview:large, max-video-preview:-1\" \/>\n<link rel=\"canonical\" href=\"https:\/\/www.eimpsa.com\/web\/producto\/interruptor-a9f74202-2x2amp-ic60n-2p-2a-c-pp-4\/\" \/>\n<meta property=\"og:locale\" content=\"es_ES\" \/>\n<meta property=\"og:type\" content=\"article\" \/>\n<meta property=\"og:title\" content=\"INTERRUPTOR A9F74202 2X2AMP IC60N 2P 2A C PP - Electricos Importados\" \/>\n<meta property=\"og:description\" content=\"Los interruptores termomagn\u00e9ticos, cumplen dos funciones muy importantes dentro de una instalaci\u00f3n el\u00e9ctrica, proteger los conductores contra cortocircuitos y sobrecargas de corriente. La l\u00ednea iC60N pensada para instalaciones el\u00e9ctricas en \u00e1mbitos terciarios o industriales, ofrece las siguientes ventajas:nnCapacidad de reducci\u00f3n de la corriente de cortocircuito Clase [3] (Menor deterioro de la instalaci\u00f3n ante un corto).nMayor [&hellip;]\" \/>\n<meta property=\"og:url\" content=\"https:\/\/www.eimpsa.com\/web\/producto\/interruptor-a9f74202-2x2amp-ic60n-2p-2a-c-pp-4\/\" \/>\n<meta property=\"og:site_name\" content=\"Electricos Importados\" \/>\n<meta property=\"article:publisher\" content=\"https:\/\/www.facebook.com\/eimpsa\/\" \/>\n<meta property=\"article:modified_time\" content=\"2024-05-14T13:00:56+00:00\" \/>\n<meta property=\"og:image\" content=\"https:\/\/www.eimpsa.com\/web\/wp-content\/uploads\/2023\/03\/INTERRUPTOR-A9F74202-2X2AMP-IC60N-2P-2A-C-PP.png\" \/>\n\t<meta property=\"og:image:width\" content=\"1783\" \/>\n\t<meta property=\"og:image:height\" content=\"1783\" \/>\n\t<meta property=\"og:image:type\" content=\"image\/png\" \/>\n<meta name=\"twitter:card\" content=\"summary_large_image\" \/>\n<meta name=\"twitter:label1\" content=\"Tiempo de lectura\" \/>\n\t<meta name=\"twitter:data1\" content=\"1 minuto\" \/>\n<script type=\"application\/ld+json\" class=\"yoast-schema-graph\">{\"@context\":\"https:\\\/\\\/schema.org\",\"@graph\":[{\"@type\":\"WebPage\",\"@id\":\"https:\\\/\\\/www.eimpsa.com\\\/web\\\/producto\\\/interruptor-a9f74202-2x2amp-ic60n-2p-2a-c-pp-4\\\/\",\"url\":\"https:\\\/\\\/www.eimpsa.com\\\/web\\\/producto\\\/interruptor-a9f74202-2x2amp-ic60n-2p-2a-c-pp-4\\\/\",\"name\":\"INTERRUPTOR A9F74202 2X2AMP IC60N 2P 2A C PP - Electricos Importados\",\"isPartOf\":{\"@id\":\"https:\\\/\\\/www.eimpsa.com\\\/web\\\/#website\"},\"primaryImageOfPage\":{\"@id\":\"https:\\\/\\\/www.eimpsa.com\\\/web\\\/producto\\\/interruptor-a9f74202-2x2amp-ic60n-2p-2a-c-pp-4\\\/#primaryimage\"},\"image\":{\"@id\":\"https:\\\/\\\/www.eimpsa.com\\\/web\\\/producto\\\/interruptor-a9f74202-2x2amp-ic60n-2p-2a-c-pp-4\\\/#primaryimage\"},\"thumbnailUrl\":\"https:\\\/\\\/www.eimpsa.com\\\/web\\\/wp-content\\\/uploads\\\/2023\\\/03\\\/INTERRUPTOR-A9F74202-2X2AMP-IC60N-2P-2A-C-PP.png\",\"datePublished\":\"2023-03-06T20:37:53+00:00\",\"dateModified\":\"2024-05-14T13:00:56+00:00\",\"breadcrumb\":{\"@id\":\"https:\\\/\\\/www.eimpsa.com\\\/web\\\/producto\\\/interruptor-a9f74202-2x2amp-ic60n-2p-2a-c-pp-4\\\/#breadcrumb\"},\"inLanguage\":\"es\",\"potentialAction\":[{\"@type\":\"ReadAction\",\"target\":[\"https:\\\/\\\/www.eimpsa.com\\\/web\\\/producto\\\/interruptor-a9f74202-2x2amp-ic60n-2p-2a-c-pp-4\\\/\"]}]},{\"@type\":\"ImageObject\",\"inLanguage\":\"es\",\"@id\":\"https:\\\/\\\/www.eimpsa.com\\\/web\\\/producto\\\/interruptor-a9f74202-2x2amp-ic60n-2p-2a-c-pp-4\\\/#primaryimage\",\"url\":\"https:\\\/\\\/www.eimpsa.com\\\/web\\\/wp-content\\\/uploads\\\/2023\\\/03\\\/INTERRUPTOR-A9F74202-2X2AMP-IC60N-2P-2A-C-PP.png\",\"contentUrl\":\"https:\\\/\\\/www.eimpsa.com\\\/web\\\/wp-content\\\/uploads\\\/2023\\\/03\\\/INTERRUPTOR-A9F74202-2X2AMP-IC60N-2P-2A-C-PP.png\",\"width\":1783,\"height\":1783},{\"@type\":\"BreadcrumbList\",\"@id\":\"https:\\\/\\\/www.eimpsa.com\\\/web\\\/producto\\\/interruptor-a9f74202-2x2amp-ic60n-2p-2a-c-pp-4\\\/#breadcrumb\",\"itemListElement\":[{\"@type\":\"ListItem\",\"position\":1,\"name\":\"Portada\",\"item\":\"https:\\\/\\\/www.eimpsa.com\\\/web\\\/\"},{\"@type\":\"ListItem\",\"position\":2,\"name\":\"Tienda\",\"item\":\"https:\\\/\\\/www.eimpsa.com\\\/web\\\/tienda-virtual-eimpsa-productos-electricos-industriales\\\/\"},{\"@type\":\"ListItem\",\"position\":3,\"name\":\"INTERRUPTOR A9F74202 2X2AMP IC60N 2P 2A C PP\"}]},{\"@type\":\"WebSite\",\"@id\":\"https:\\\/\\\/www.eimpsa.com\\\/web\\\/#website\",\"url\":\"https:\\\/\\\/www.eimpsa.com\\\/web\\\/\",\"name\":\"EIMPSA Electricos Importados\",\"description\":\"Materiales El\u00e9ctricos\",\"publisher\":{\"@id\":\"https:\\\/\\\/www.eimpsa.com\\\/web\\\/#organization\"},\"alternateName\":\"eimpsa\",\"potentialAction\":[{\"@type\":\"SearchAction\",\"target\":{\"@type\":\"EntryPoint\",\"urlTemplate\":\"https:\\\/\\\/www.eimpsa.com\\\/web\\\/?s={search_term_string}\"},\"query-input\":{\"@type\":\"PropertyValueSpecification\",\"valueRequired\":true,\"valueName\":\"search_term_string\"}}],\"inLanguage\":\"es\"},{\"@type\":\"Organization\",\"@id\":\"https:\\\/\\\/www.eimpsa.com\\\/web\\\/#organization\",\"name\":\"EIMPSA El\u00e9ctricos Importados S.A.S\",\"url\":\"https:\\\/\\\/www.eimpsa.com\\\/web\\\/\",\"logo\":{\"@type\":\"ImageObject\",\"inLanguage\":\"es\",\"@id\":\"https:\\\/\\\/www.eimpsa.com\\\/web\\\/#\\\/schema\\\/logo\\\/image\\\/\",\"url\":\"https:\\\/\\\/www.eimpsa.com\\\/web\\\/wp-content\\\/uploads\\\/2023\\\/10\\\/EIMPSA-Versiones-RGB_Base.png\",\"contentUrl\":\"https:\\\/\\\/www.eimpsa.com\\\/web\\\/wp-content\\\/uploads\\\/2023\\\/10\\\/EIMPSA-Versiones-RGB_Base.png\",\"width\":1471,\"height\":473,\"caption\":\"EIMPSA El\u00e9ctricos Importados S.A.S\"},\"image\":{\"@id\":\"https:\\\/\\\/www.eimpsa.com\\\/web\\\/#\\\/schema\\\/logo\\\/image\\\/\"},\"sameAs\":[\"https:\\\/\\\/www.facebook.com\\\/eimpsa\\\/\",\"https:\\\/\\\/www.linkedin.com\\\/company\\\/el-ctricos-importados-s-a-\\\/\",\"https:\\\/\\\/www.youtube.com\\\/channel\\\/UCaCHlQ9m86kFaeAq_dMUOHg?view_as=subscriber\",\"https:\\\/\\\/www.instagram.com\\\/eimpsa_electricos_importados\\\/\"]}]}<\/script>\n<!-- \/ Yoast SEO plugin. -->","yoast_head_json":{"title":"INTERRUPTOR A9F74202 2X2AMP IC60N 2P 2A C PP - Electricos Importados","robots":{"index":"index","follow":"follow","max-snippet":"max-snippet:-1","max-image-preview":"max-image-preview:large","max-video-preview":"max-video-preview:-1"},"canonical":"https:\/\/www.eimpsa.com\/web\/producto\/interruptor-a9f74202-2x2amp-ic60n-2p-2a-c-pp-4\/","og_locale":"es_ES","og_type":"article","og_title":"INTERRUPTOR A9F74202 2X2AMP IC60N 2P 2A C PP - Electricos Importados","og_description":"Los interruptores termomagn\u00e9ticos, cumplen dos funciones muy importantes dentro de una instalaci\u00f3n el\u00e9ctrica, proteger los conductores contra cortocircuitos y sobrecargas de corriente. La l\u00ednea iC60N pensada para instalaciones el\u00e9ctricas en \u00e1mbitos terciarios o industriales, ofrece las siguientes ventajas:nnCapacidad de reducci\u00f3n de la corriente de cortocircuito Clase [3] (Menor deterioro de la instalaci\u00f3n ante un corto).nMayor [&hellip;]","og_url":"https:\/\/www.eimpsa.com\/web\/producto\/interruptor-a9f74202-2x2amp-ic60n-2p-2a-c-pp-4\/","og_site_name":"Electricos Importados","article_publisher":"https:\/\/www.facebook.com\/eimpsa\/","article_modified_time":"2024-05-14T13:00:56+00:00","og_image":[{"width":1783,"height":1783,"url":"https:\/\/www.eimpsa.com\/web\/wp-content\/uploads\/2023\/03\/INTERRUPTOR-A9F74202-2X2AMP-IC60N-2P-2A-C-PP.png","type":"image\/png"}],"twitter_card":"summary_large_image","twitter_misc":{"Tiempo de lectura":"1 minuto"},"schema":{"@context":"https:\/\/schema.org","@graph":[{"@type":"WebPage","@id":"https:\/\/www.eimpsa.com\/web\/producto\/interruptor-a9f74202-2x2amp-ic60n-2p-2a-c-pp-4\/","url":"https:\/\/www.eimpsa.com\/web\/producto\/interruptor-a9f74202-2x2amp-ic60n-2p-2a-c-pp-4\/","name":"INTERRUPTOR A9F74202 2X2AMP IC60N 2P 2A C PP - Electricos Importados","isPartOf":{"@id":"https:\/\/www.eimpsa.com\/web\/#website"},"primaryImageOfPage":{"@id":"https:\/\/www.eimpsa.com\/web\/producto\/interruptor-a9f74202-2x2amp-ic60n-2p-2a-c-pp-4\/#primaryimage"},"image":{"@id":"https:\/\/www.eimpsa.com\/web\/producto\/interruptor-a9f74202-2x2amp-ic60n-2p-2a-c-pp-4\/#primaryimage"},"thumbnailUrl":"https:\/\/www.eimpsa.com\/web\/wp-content\/uploads\/2023\/03\/INTERRUPTOR-A9F74202-2X2AMP-IC60N-2P-2A-C-PP.png","datePublished":"2023-03-06T20:37:53+00:00","dateModified":"2024-05-14T13:00:56+00:00","breadcrumb":{"@id":"https:\/\/www.eimpsa.com\/web\/producto\/interruptor-a9f74202-2x2amp-ic60n-2p-2a-c-pp-4\/#breadcrumb"},"inLanguage":"es","potentialAction":[{"@type":"ReadAction","target":["https:\/\/www.eimpsa.com\/web\/producto\/interruptor-a9f74202-2x2amp-ic60n-2p-2a-c-pp-4\/"]}]},{"@type":"ImageObject","inLanguage":"es","@id":"https:\/\/www.eimpsa.com\/web\/producto\/interruptor-a9f74202-2x2amp-ic60n-2p-2a-c-pp-4\/#primaryimage","url":"https:\/\/www.eimpsa.com\/web\/wp-content\/uploads\/2023\/03\/INTERRUPTOR-A9F74202-2X2AMP-IC60N-2P-2A-C-PP.png","contentUrl":"https:\/\/www.eimpsa.com\/web\/wp-content\/uploads\/2023\/03\/INTERRUPTOR-A9F74202-2X2AMP-IC60N-2P-2A-C-PP.png","width":1783,"height":1783},{"@type":"BreadcrumbList","@id":"https:\/\/www.eimpsa.com\/web\/producto\/interruptor-a9f74202-2x2amp-ic60n-2p-2a-c-pp-4\/#breadcrumb","itemListElement":[{"@type":"ListItem","position":1,"name":"Portada","item":"https:\/\/www.eimpsa.com\/web\/"},{"@type":"ListItem","position":2,"name":"Tienda","item":"https:\/\/www.eimpsa.com\/web\/tienda-virtual-eimpsa-productos-electricos-industriales\/"},{"@type":"ListItem","position":3,"name":"INTERRUPTOR A9F74202 2X2AMP IC60N 2P 2A C PP"}]},{"@type":"WebSite","@id":"https:\/\/www.eimpsa.com\/web\/#website","url":"https:\/\/www.eimpsa.com\/web\/","name":"EIMPSA Electricos Importados","description":"Materiales El\u00e9ctricos","publisher":{"@id":"https:\/\/www.eimpsa.com\/web\/#organization"},"alternateName":"eimpsa","potentialAction":[{"@type":"SearchAction","target":{"@type":"EntryPoint","urlTemplate":"https:\/\/www.eimpsa.com\/web\/?s={search_term_string}"},"query-input":{"@type":"PropertyValueSpecification","valueRequired":true,"valueName":"search_term_string"}}],"inLanguage":"es"},{"@type":"Organization","@id":"https:\/\/www.eimpsa.com\/web\/#organization","name":"EIMPSA El\u00e9ctricos Importados S.A.S","url":"https:\/\/www.eimpsa.com\/web\/","logo":{"@type":"ImageObject","inLanguage":"es","@id":"https:\/\/www.eimpsa.com\/web\/#\/schema\/logo\/image\/","url":"https:\/\/www.eimpsa.com\/web\/wp-content\/uploads\/2023\/10\/EIMPSA-Versiones-RGB_Base.png","contentUrl":"https:\/\/www.eimpsa.com\/web\/wp-content\/uploads\/2023\/10\/EIMPSA-Versiones-RGB_Base.png","width":1471,"height":473,"caption":"EIMPSA El\u00e9ctricos Importados S.A.S"},"image":{"@id":"https:\/\/www.eimpsa.com\/web\/#\/schema\/logo\/image\/"},"sameAs":["https:\/\/www.facebook.com\/eimpsa\/","https:\/\/www.linkedin.com\/company\/el-ctricos-importados-s-a-\/","https:\/\/www.youtube.com\/channel\/UCaCHlQ9m86kFaeAq_dMUOHg?view_as=subscriber","https:\/\/www.instagram.com\/eimpsa_electricos_importados\/"]}]}},"_links":{"self":[{"href":"https:\/\/www.eimpsa.com\/web\/wp-json\/wp\/v2\/product\/19136","targetHints":{"allow":["GET"]}}],"collection":[{"href":"https:\/\/www.eimpsa.com\/web\/wp-json\/wp\/v2\/product"}],"about":[{"href":"https:\/\/www.eimpsa.com\/web\/wp-json\/wp\/v2\/types\/product"}],"replies":[{"embeddable":true,"href":"https:\/\/www.eimpsa.com\/web\/wp-json\/wp\/v2\/comments?post=19136"}],"version-history":[{"count":1,"href":"https:\/\/www.eimpsa.com\/web\/wp-json\/wp\/v2\/product\/19136\/revisions"}],"predecessor-version":[{"id":19137,"href":"https:\/\/www.eimpsa.com\/web\/wp-json\/wp\/v2\/product\/19136\/revisions\/19137"}],"wp:featuredmedia":[{"embeddable":true,"href":"https:\/\/www.eimpsa.com\/web\/wp-json\/wp\/v2\/media\/19138"}],"wp:attachment":[{"href":"https:\/\/www.eimpsa.com\/web\/wp-json\/wp\/v2\/media?parent=19136"}],"wp:term":[{"taxonomy":"product_cat","embeddable":true,"href":"https:\/\/www.eimpsa.com\/web\/wp-json\/wp\/v2\/product_cat?post=19136"},{"taxonomy":"product_tag","embeddable":true,"href":"https:\/\/www.eimpsa.com\/web\/wp-json\/wp\/v2\/product_tag?post=19136"}],"curies":[{"name":"wp","href":"https:\/\/api.w.org\/{rel}","templated":true}]}}