{"id":19119,"date":"2023-03-06T15:37:23","date_gmt":"2023-03-06T20:37:23","guid":{"rendered":"https:\/\/www.eimpsa.com\/web\/producto\/interruptor-100184301-100383961-5sl6102-7mb-2a-230v-400v-8\/"},"modified":"2024-05-14T08:00:59","modified_gmt":"2024-05-14T13:00:59","slug":"interruptor-100184301-100383961-5sl6102-7mb-2a-230v-400v-8","status":"publish","type":"product","link":"https:\/\/www.eimpsa.com\/web\/producto\/interruptor-100184301-100383961-5sl6102-7mb-2a-230v-400v-8\/","title":{"rendered":"INTERRUPTOR 100184301\/100383961 5SL6102-7MB 2A 230V\/400V"},"content":{"rendered":"<p>ProductonN\u00famero de art\u00edculo (n\u00famero de mercado)\t5SL6102-7MBnDescripci\u00f3n de producto\tAutom\u00e1tico magnetot\u00e9rmico 230\/400V 6kA, 1 polo, C, 2AnFamilia de producto\tAparatos basenCiclo de vida del producto (PLM)\tPM300:Producto ActivonDatos de precionGrupo de precios\tQEnPrecio de lista\tMostrar preciosnPrecio de cliente\tMostrar preciosnFactor del metal\tL-A&#8212;&#8211;nInformaci\u00f3n de entreganRegulaciones de control de exportaci\u00f3n\tAL : N \/ ECCN : NnPeso neto (kg)\t0,124 KgnDimensi\u00f3n del embalaje\t93,00 x 216,00 x 82,00nUnidad de tama\u00f1o de paquete de medida\tMMnUnidad de medida\t1 piezanCantidad por paquete\t1nCantidad m\u00ednima de pedido\t12<\/p>\n<p>Visits: 0<\/p>","protected":false},"excerpt":{"rendered":"<p>ProductonN\u00famero de art\u00edculo (n\u00famero de mercado) 5SL6102-7MBnDescripci\u00f3n de producto Autom\u00e1tico magnetot\u00e9rmico 230\/400V 6kA, 1 polo, C, 2AnFamilia de producto Aparatos basenCiclo de vida del producto (PLM) PM300:Producto ActivonDatos de precionGrupo de precios QEnPrecio de lista Mostrar preciosnPrecio de cliente Mostrar preciosnFactor del metal L-A&#8212;&#8211;nInformaci\u00f3n de entreganRegulaciones de control de exportaci\u00f3n AL : N \/ ECCN [&hellip;]<\/p>\n","protected":false},"featured_media":19118,"comment_status":"closed","ping_status":"open","template":"","meta":[],"product_cat":[87],"product_tag":[],"class_list":["post-19119","product","type-product","status-publish","has-post-thumbnail","hentry","product_cat-accesorios"],"yoast_head":"<!-- This site is optimized with the Yoast SEO plugin v27.4 - https:\/\/yoast.com\/product\/yoast-seo-wordpress\/ -->\n<title>INTERRUPTOR 100184301\/100383961 5SL6102-7MB 2A 230V\/400V - Electricos Importados<\/title>\n<meta name=\"robots\" content=\"index, follow, max-snippet:-1, max-image-preview:large, max-video-preview:-1\" \/>\n<link rel=\"canonical\" href=\"https:\/\/www.eimpsa.com\/web\/producto\/interruptor-100184301-100383961-5sl6102-7mb-2a-230v-400v-8\/\" \/>\n<meta property=\"og:locale\" content=\"es_ES\" \/>\n<meta property=\"og:type\" content=\"article\" \/>\n<meta property=\"og:title\" content=\"INTERRUPTOR 100184301\/100383961 5SL6102-7MB 2A 230V\/400V - Electricos Importados\" \/>\n<meta property=\"og:description\" content=\"ProductonN\u00famero de art\u00edculo (n\u00famero de mercado) 5SL6102-7MBnDescripci\u00f3n de producto Autom\u00e1tico magnetot\u00e9rmico 230\/400V 6kA, 1 polo, C, 2AnFamilia de producto Aparatos basenCiclo de vida del producto (PLM) PM300:Producto ActivonDatos de precionGrupo de precios QEnPrecio de lista Mostrar preciosnPrecio de cliente Mostrar preciosnFactor del metal L-A&#8212;&#8211;nInformaci\u00f3n de entreganRegulaciones de control de exportaci\u00f3n AL : N \/ ECCN [&hellip;]\" \/>\n<meta property=\"og:url\" content=\"https:\/\/www.eimpsa.com\/web\/producto\/interruptor-100184301-100383961-5sl6102-7mb-2a-230v-400v-8\/\" \/>\n<meta property=\"og:site_name\" content=\"Electricos Importados\" \/>\n<meta property=\"article:publisher\" content=\"https:\/\/www.facebook.com\/eimpsa\/\" \/>\n<meta property=\"article:modified_time\" content=\"2024-05-14T13:00:59+00:00\" \/>\n<meta property=\"og:image\" content=\"https:\/\/www.eimpsa.com\/web\/wp-content\/uploads\/2023\/03\/G_I202_XX_26130I.jpg\" \/>\n\t<meta property=\"og:image:width\" content=\"300\" \/>\n\t<meta property=\"og:image:height\" content=\"300\" \/>\n\t<meta property=\"og:image:type\" content=\"image\/jpeg\" \/>\n<meta name=\"twitter:card\" content=\"summary_large_image\" \/>\n<script type=\"application\/ld+json\" class=\"yoast-schema-graph\">{\"@context\":\"https:\\\/\\\/schema.org\",\"@graph\":[{\"@type\":\"WebPage\",\"@id\":\"https:\\\/\\\/www.eimpsa.com\\\/web\\\/producto\\\/interruptor-100184301-100383961-5sl6102-7mb-2a-230v-400v-8\\\/\",\"url\":\"https:\\\/\\\/www.eimpsa.com\\\/web\\\/producto\\\/interruptor-100184301-100383961-5sl6102-7mb-2a-230v-400v-8\\\/\",\"name\":\"INTERRUPTOR 100184301\\\/100383961 5SL6102-7MB 2A 230V\\\/400V - Electricos Importados\",\"isPartOf\":{\"@id\":\"https:\\\/\\\/www.eimpsa.com\\\/web\\\/#website\"},\"primaryImageOfPage\":{\"@id\":\"https:\\\/\\\/www.eimpsa.com\\\/web\\\/producto\\\/interruptor-100184301-100383961-5sl6102-7mb-2a-230v-400v-8\\\/#primaryimage\"},\"image\":{\"@id\":\"https:\\\/\\\/www.eimpsa.com\\\/web\\\/producto\\\/interruptor-100184301-100383961-5sl6102-7mb-2a-230v-400v-8\\\/#primaryimage\"},\"thumbnailUrl\":\"https:\\\/\\\/www.eimpsa.com\\\/web\\\/wp-content\\\/uploads\\\/2023\\\/03\\\/G_I202_XX_26130I.jpg\",\"datePublished\":\"2023-03-06T20:37:23+00:00\",\"dateModified\":\"2024-05-14T13:00:59+00:00\",\"breadcrumb\":{\"@id\":\"https:\\\/\\\/www.eimpsa.com\\\/web\\\/producto\\\/interruptor-100184301-100383961-5sl6102-7mb-2a-230v-400v-8\\\/#breadcrumb\"},\"inLanguage\":\"es\",\"potentialAction\":[{\"@type\":\"ReadAction\",\"target\":[\"https:\\\/\\\/www.eimpsa.com\\\/web\\\/producto\\\/interruptor-100184301-100383961-5sl6102-7mb-2a-230v-400v-8\\\/\"]}]},{\"@type\":\"ImageObject\",\"inLanguage\":\"es\",\"@id\":\"https:\\\/\\\/www.eimpsa.com\\\/web\\\/producto\\\/interruptor-100184301-100383961-5sl6102-7mb-2a-230v-400v-8\\\/#primaryimage\",\"url\":\"https:\\\/\\\/www.eimpsa.com\\\/web\\\/wp-content\\\/uploads\\\/2023\\\/03\\\/G_I202_XX_26130I.jpg\",\"contentUrl\":\"https:\\\/\\\/www.eimpsa.com\\\/web\\\/wp-content\\\/uploads\\\/2023\\\/03\\\/G_I202_XX_26130I.jpg\",\"width\":300,\"height\":300},{\"@type\":\"BreadcrumbList\",\"@id\":\"https:\\\/\\\/www.eimpsa.com\\\/web\\\/producto\\\/interruptor-100184301-100383961-5sl6102-7mb-2a-230v-400v-8\\\/#breadcrumb\",\"itemListElement\":[{\"@type\":\"ListItem\",\"position\":1,\"name\":\"Portada\",\"item\":\"https:\\\/\\\/www.eimpsa.com\\\/web\\\/\"},{\"@type\":\"ListItem\",\"position\":2,\"name\":\"Tienda\",\"item\":\"https:\\\/\\\/www.eimpsa.com\\\/web\\\/tienda-virtual-eimpsa-productos-electricos-industriales\\\/\"},{\"@type\":\"ListItem\",\"position\":3,\"name\":\"INTERRUPTOR 100184301\\\/100383961 5SL6102-7MB 2A 230V\\\/400V\"}]},{\"@type\":\"WebSite\",\"@id\":\"https:\\\/\\\/www.eimpsa.com\\\/web\\\/#website\",\"url\":\"https:\\\/\\\/www.eimpsa.com\\\/web\\\/\",\"name\":\"EIMPSA Electricos Importados\",\"description\":\"Materiales El\u00e9ctricos\",\"publisher\":{\"@id\":\"https:\\\/\\\/www.eimpsa.com\\\/web\\\/#organization\"},\"alternateName\":\"eimpsa\",\"potentialAction\":[{\"@type\":\"SearchAction\",\"target\":{\"@type\":\"EntryPoint\",\"urlTemplate\":\"https:\\\/\\\/www.eimpsa.com\\\/web\\\/?s={search_term_string}\"},\"query-input\":{\"@type\":\"PropertyValueSpecification\",\"valueRequired\":true,\"valueName\":\"search_term_string\"}}],\"inLanguage\":\"es\"},{\"@type\":\"Organization\",\"@id\":\"https:\\\/\\\/www.eimpsa.com\\\/web\\\/#organization\",\"name\":\"EIMPSA El\u00e9ctricos Importados S.A.S\",\"url\":\"https:\\\/\\\/www.eimpsa.com\\\/web\\\/\",\"logo\":{\"@type\":\"ImageObject\",\"inLanguage\":\"es\",\"@id\":\"https:\\\/\\\/www.eimpsa.com\\\/web\\\/#\\\/schema\\\/logo\\\/image\\\/\",\"url\":\"https:\\\/\\\/www.eimpsa.com\\\/web\\\/wp-content\\\/uploads\\\/2023\\\/10\\\/EIMPSA-Versiones-RGB_Base.png\",\"contentUrl\":\"https:\\\/\\\/www.eimpsa.com\\\/web\\\/wp-content\\\/uploads\\\/2023\\\/10\\\/EIMPSA-Versiones-RGB_Base.png\",\"width\":1471,\"height\":473,\"caption\":\"EIMPSA El\u00e9ctricos Importados S.A.S\"},\"image\":{\"@id\":\"https:\\\/\\\/www.eimpsa.com\\\/web\\\/#\\\/schema\\\/logo\\\/image\\\/\"},\"sameAs\":[\"https:\\\/\\\/www.facebook.com\\\/eimpsa\\\/\",\"https:\\\/\\\/www.linkedin.com\\\/company\\\/el-ctricos-importados-s-a-\\\/\",\"https:\\\/\\\/www.youtube.com\\\/channel\\\/UCaCHlQ9m86kFaeAq_dMUOHg?view_as=subscriber\",\"https:\\\/\\\/www.instagram.com\\\/eimpsa_electricos_importados\\\/\"]}]}<\/script>\n<!-- \/ Yoast SEO plugin. -->","yoast_head_json":{"title":"INTERRUPTOR 100184301\/100383961 5SL6102-7MB 2A 230V\/400V - Electricos Importados","robots":{"index":"index","follow":"follow","max-snippet":"max-snippet:-1","max-image-preview":"max-image-preview:large","max-video-preview":"max-video-preview:-1"},"canonical":"https:\/\/www.eimpsa.com\/web\/producto\/interruptor-100184301-100383961-5sl6102-7mb-2a-230v-400v-8\/","og_locale":"es_ES","og_type":"article","og_title":"INTERRUPTOR 100184301\/100383961 5SL6102-7MB 2A 230V\/400V - Electricos Importados","og_description":"ProductonN\u00famero de art\u00edculo (n\u00famero de mercado) 5SL6102-7MBnDescripci\u00f3n de producto Autom\u00e1tico magnetot\u00e9rmico 230\/400V 6kA, 1 polo, C, 2AnFamilia de producto Aparatos basenCiclo de vida del producto (PLM) PM300:Producto ActivonDatos de precionGrupo de precios QEnPrecio de lista Mostrar preciosnPrecio de cliente Mostrar preciosnFactor del metal L-A&#8212;&#8211;nInformaci\u00f3n de entreganRegulaciones de control de exportaci\u00f3n AL : N \/ ECCN [&hellip;]","og_url":"https:\/\/www.eimpsa.com\/web\/producto\/interruptor-100184301-100383961-5sl6102-7mb-2a-230v-400v-8\/","og_site_name":"Electricos Importados","article_publisher":"https:\/\/www.facebook.com\/eimpsa\/","article_modified_time":"2024-05-14T13:00:59+00:00","og_image":[{"width":300,"height":300,"url":"https:\/\/www.eimpsa.com\/web\/wp-content\/uploads\/2023\/03\/G_I202_XX_26130I.jpg","type":"image\/jpeg"}],"twitter_card":"summary_large_image","schema":{"@context":"https:\/\/schema.org","@graph":[{"@type":"WebPage","@id":"https:\/\/www.eimpsa.com\/web\/producto\/interruptor-100184301-100383961-5sl6102-7mb-2a-230v-400v-8\/","url":"https:\/\/www.eimpsa.com\/web\/producto\/interruptor-100184301-100383961-5sl6102-7mb-2a-230v-400v-8\/","name":"INTERRUPTOR 100184301\/100383961 5SL6102-7MB 2A 230V\/400V - Electricos Importados","isPartOf":{"@id":"https:\/\/www.eimpsa.com\/web\/#website"},"primaryImageOfPage":{"@id":"https:\/\/www.eimpsa.com\/web\/producto\/interruptor-100184301-100383961-5sl6102-7mb-2a-230v-400v-8\/#primaryimage"},"image":{"@id":"https:\/\/www.eimpsa.com\/web\/producto\/interruptor-100184301-100383961-5sl6102-7mb-2a-230v-400v-8\/#primaryimage"},"thumbnailUrl":"https:\/\/www.eimpsa.com\/web\/wp-content\/uploads\/2023\/03\/G_I202_XX_26130I.jpg","datePublished":"2023-03-06T20:37:23+00:00","dateModified":"2024-05-14T13:00:59+00:00","breadcrumb":{"@id":"https:\/\/www.eimpsa.com\/web\/producto\/interruptor-100184301-100383961-5sl6102-7mb-2a-230v-400v-8\/#breadcrumb"},"inLanguage":"es","potentialAction":[{"@type":"ReadAction","target":["https:\/\/www.eimpsa.com\/web\/producto\/interruptor-100184301-100383961-5sl6102-7mb-2a-230v-400v-8\/"]}]},{"@type":"ImageObject","inLanguage":"es","@id":"https:\/\/www.eimpsa.com\/web\/producto\/interruptor-100184301-100383961-5sl6102-7mb-2a-230v-400v-8\/#primaryimage","url":"https:\/\/www.eimpsa.com\/web\/wp-content\/uploads\/2023\/03\/G_I202_XX_26130I.jpg","contentUrl":"https:\/\/www.eimpsa.com\/web\/wp-content\/uploads\/2023\/03\/G_I202_XX_26130I.jpg","width":300,"height":300},{"@type":"BreadcrumbList","@id":"https:\/\/www.eimpsa.com\/web\/producto\/interruptor-100184301-100383961-5sl6102-7mb-2a-230v-400v-8\/#breadcrumb","itemListElement":[{"@type":"ListItem","position":1,"name":"Portada","item":"https:\/\/www.eimpsa.com\/web\/"},{"@type":"ListItem","position":2,"name":"Tienda","item":"https:\/\/www.eimpsa.com\/web\/tienda-virtual-eimpsa-productos-electricos-industriales\/"},{"@type":"ListItem","position":3,"name":"INTERRUPTOR 100184301\/100383961 5SL6102-7MB 2A 230V\/400V"}]},{"@type":"WebSite","@id":"https:\/\/www.eimpsa.com\/web\/#website","url":"https:\/\/www.eimpsa.com\/web\/","name":"EIMPSA Electricos Importados","description":"Materiales El\u00e9ctricos","publisher":{"@id":"https:\/\/www.eimpsa.com\/web\/#organization"},"alternateName":"eimpsa","potentialAction":[{"@type":"SearchAction","target":{"@type":"EntryPoint","urlTemplate":"https:\/\/www.eimpsa.com\/web\/?s={search_term_string}"},"query-input":{"@type":"PropertyValueSpecification","valueRequired":true,"valueName":"search_term_string"}}],"inLanguage":"es"},{"@type":"Organization","@id":"https:\/\/www.eimpsa.com\/web\/#organization","name":"EIMPSA El\u00e9ctricos Importados S.A.S","url":"https:\/\/www.eimpsa.com\/web\/","logo":{"@type":"ImageObject","inLanguage":"es","@id":"https:\/\/www.eimpsa.com\/web\/#\/schema\/logo\/image\/","url":"https:\/\/www.eimpsa.com\/web\/wp-content\/uploads\/2023\/10\/EIMPSA-Versiones-RGB_Base.png","contentUrl":"https:\/\/www.eimpsa.com\/web\/wp-content\/uploads\/2023\/10\/EIMPSA-Versiones-RGB_Base.png","width":1471,"height":473,"caption":"EIMPSA El\u00e9ctricos Importados S.A.S"},"image":{"@id":"https:\/\/www.eimpsa.com\/web\/#\/schema\/logo\/image\/"},"sameAs":["https:\/\/www.facebook.com\/eimpsa\/","https:\/\/www.linkedin.com\/company\/el-ctricos-importados-s-a-\/","https:\/\/www.youtube.com\/channel\/UCaCHlQ9m86kFaeAq_dMUOHg?view_as=subscriber","https:\/\/www.instagram.com\/eimpsa_electricos_importados\/"]}]}},"_links":{"self":[{"href":"https:\/\/www.eimpsa.com\/web\/wp-json\/wp\/v2\/product\/19119","targetHints":{"allow":["GET"]}}],"collection":[{"href":"https:\/\/www.eimpsa.com\/web\/wp-json\/wp\/v2\/product"}],"about":[{"href":"https:\/\/www.eimpsa.com\/web\/wp-json\/wp\/v2\/types\/product"}],"replies":[{"embeddable":true,"href":"https:\/\/www.eimpsa.com\/web\/wp-json\/wp\/v2\/comments?post=19119"}],"version-history":[{"count":1,"href":"https:\/\/www.eimpsa.com\/web\/wp-json\/wp\/v2\/product\/19119\/revisions"}],"predecessor-version":[{"id":19120,"href":"https:\/\/www.eimpsa.com\/web\/wp-json\/wp\/v2\/product\/19119\/revisions\/19120"}],"wp:featuredmedia":[{"embeddable":true,"href":"https:\/\/www.eimpsa.com\/web\/wp-json\/wp\/v2\/media\/19118"}],"wp:attachment":[{"href":"https:\/\/www.eimpsa.com\/web\/wp-json\/wp\/v2\/media?parent=19119"}],"wp:term":[{"taxonomy":"product_cat","embeddable":true,"href":"https:\/\/www.eimpsa.com\/web\/wp-json\/wp\/v2\/product_cat?post=19119"},{"taxonomy":"product_tag","embeddable":true,"href":"https:\/\/www.eimpsa.com\/web\/wp-json\/wp\/v2\/product_tag?post=19119"}],"curies":[{"name":"wp","href":"https:\/\/api.w.org\/{rel}","templated":true}]}}