{"id":19019,"date":"2023-03-06T15:37:03","date_gmt":"2023-03-06T20:37:03","guid":{"rendered":"https:\/\/www.eimpsa.com\/web\/producto\/gabinete-poliester-036252-ip-66-500x400x206-mm-legrand\/"},"modified":"2024-05-14T08:02:22","modified_gmt":"2024-05-14T13:02:22","slug":"gabinete-poliester-036252-ip-66-500x400x206-mm-legrand","status":"publish","type":"product","link":"https:\/\/www.eimpsa.com\/web\/producto\/gabinete-poliester-036252-ip-66-500x400x206-mm-legrand\/","title":{"rendered":"GABINETE POLIESTER 036252 IP 66 &#8211; 500X400X206 MM LEGRAND"},"content":{"rendered":"<p>GABINETE POLIESTER 036252 IP 66 &#8211; 500X400X206 MM LEGRAND<br \/>\nn<br \/>\nn<b><span>Armarios RAL 7035<\/span><\/b><br \/>\nn<\/p>\n<ul>\nn \t<\/p>\n<li><span>Dimensiones exteriores Alto x Ancho x Fondo: 500 x 400 x 206 mm<\/span><\/li>\n<p>n \t<\/p>\n<li><span>Armarios met\u00e1licos correspondientes Alto x Ancho x Fondo: 500 x 400 x 200 mm<\/span><\/li>\n<p>n<\/ul>\n<p>n<b><span>Armarios Marina &#8211; poli\u00e9ster &#8211; IP 66 &#8211; IK 10<\/span><\/b><br \/>\nn<\/p>\n<ul>\nn \t<\/p>\n<li data-info=\"Titre descript. 4.1\"><span>IP 66 seg\u00fan IEC EN 60529. LCIE n\u00b060059283-560528<\/span><\/li>\n<p>n \t<\/p>\n<li data-info=\"Titre descript. 4.2\"><span>IK 10 seg\u00fan IEC EN 62262 (EN 50102)<\/span><\/li>\n<p>n \t<\/p>\n<li data-info=\"Titre descript. 4.3\"><span>Clase II (utilizado para realizar conjuntos totalmente aislados seg\u00fan EN 60439-1 y montajes para instalaciones fotovoltaicas seg\u00fan UTE C15-712-1)<\/span><\/li>\n<p>n \t<\/p>\n<li data-info=\"Titre descript. 4.4\"><span>Poli\u00e9ster reforzado con fibra de vidrio.\u00a0Autoextinguible 960\u00b0C acc.\u00a0seg\u00fan IEC EN 60695-2-11<\/span><\/li>\n<p>n \t<\/p>\n<li data-info=\"Titre descript. 4.5\"><span>Adaptado a entornos corrosivos y diferentes condiciones clim\u00e1ticas (ficha t\u00e9cnica detallada disponible en el cat\u00e1logo electr\u00f3nico)<\/span><\/li>\n<p>n \t<\/p>\n<li data-info=\"Titre descript. 4.6\"><span>Puerta reversible, apertura 180\u00b0, (excepto Cat.No 0 362 50).\u00a0Pasadores de bisagra de acero inoxidable (excepto Cat. No 0 362 50).\u00a02 cerraduras de doble barra (1 cerradura para Cat.No 0 362 50)<\/span><\/li>\n<p>n \t<\/p>\n<li data-info=\"Titre descript. 4.7\"><span>Fijaci\u00f3n directa del equipo en la parte inferior del gabinete (tornillos incluidos)<\/span><\/li>\n<p>n \t<\/p>\n<li data-info=\"Titre descript. 4.8\"><span>Posibilidad de instalar una placa parcial de 500 x 400 x 200 mm y\/o rieles en montantes intermedios (excepto Cat. No 0 362 50)<\/span><\/li>\n<p>n \t<\/p>\n<li data-info=\"Titre descript. 4.9\"><span>Ajuste de profundidad opcional desde altura 400 x ancho 300 mm con Cat. No 0 362 42<\/span><\/li>\n<p>n \t<\/p>\n<li data-info=\"Titre descript. 4.10\"><span>Se puede equipar con accesorios Atlantic<\/span><\/li>\n<p>n<\/ul>\n<p>Visits: 1122<\/p>","protected":false},"excerpt":{"rendered":"<p>GABINETE POLIESTER 036252 IP 66 &#8211; 500X400X206 MM LEGRAND n nArmarios RAL 7035 n n Dimensiones exteriores Alto x Ancho x Fondo: 500 x 400 x 206 mm n Armarios met\u00e1licos correspondientes Alto x Ancho x Fondo: 500 x 400 x 200 mm n nArmarios Marina &#8211; poli\u00e9ster &#8211; IP 66 &#8211; IK 10 n [&hellip;]<\/p>\n","protected":false},"featured_media":19021,"comment_status":"closed","ping_status":"open","template":"","meta":[],"product_cat":[44],"product_tag":[],"class_list":["post-19019","product","type-product","status-publish","has-post-thumbnail","hentry","product_cat-legrand"],"yoast_head":"<!-- This site is optimized with the Yoast SEO plugin v27.4 - https:\/\/yoast.com\/product\/yoast-seo-wordpress\/ -->\n<title>GABINETE POLIESTER 036252 IP 66 - 500X400X206 MM LEGRAND - Electricos Importados<\/title>\n<meta name=\"robots\" content=\"index, follow, max-snippet:-1, max-image-preview:large, max-video-preview:-1\" \/>\n<link rel=\"canonical\" href=\"https:\/\/www.eimpsa.com\/web\/producto\/gabinete-poliester-036252-ip-66-500x400x206-mm-legrand\/\" \/>\n<meta property=\"og:locale\" content=\"es_ES\" \/>\n<meta property=\"og:type\" content=\"article\" \/>\n<meta property=\"og:title\" content=\"GABINETE POLIESTER 036252 IP 66 - 500X400X206 MM LEGRAND - Electricos Importados\" \/>\n<meta property=\"og:description\" content=\"GABINETE POLIESTER 036252 IP 66 &#8211; 500X400X206 MM LEGRAND n nArmarios RAL 7035 n n Dimensiones exteriores Alto x Ancho x Fondo: 500 x 400 x 206 mm n Armarios met\u00e1licos correspondientes Alto x Ancho x Fondo: 500 x 400 x 200 mm n nArmarios Marina &#8211; poli\u00e9ster &#8211; IP 66 &#8211; IK 10 n [&hellip;]\" \/>\n<meta property=\"og:url\" content=\"https:\/\/www.eimpsa.com\/web\/producto\/gabinete-poliester-036252-ip-66-500x400x206-mm-legrand\/\" \/>\n<meta property=\"og:site_name\" content=\"Electricos Importados\" \/>\n<meta property=\"article:publisher\" content=\"https:\/\/www.facebook.com\/eimpsa\/\" \/>\n<meta property=\"article:modified_time\" content=\"2024-05-14T13:02:22+00:00\" \/>\n<meta property=\"og:image\" content=\"https:\/\/www.eimpsa.com\/web\/wp-content\/uploads\/2023\/03\/Gabinete-036252-LEGRAND-EIMPSA.jpg\" \/>\n\t<meta property=\"og:image:width\" content=\"650\" \/>\n\t<meta property=\"og:image:height\" content=\"650\" \/>\n\t<meta property=\"og:image:type\" content=\"image\/jpeg\" \/>\n<meta name=\"twitter:card\" content=\"summary_large_image\" \/>\n<meta name=\"twitter:label1\" content=\"Tiempo de lectura\" \/>\n\t<meta name=\"twitter:data1\" content=\"1 minuto\" \/>\n<script type=\"application\/ld+json\" class=\"yoast-schema-graph\">{\"@context\":\"https:\\\/\\\/schema.org\",\"@graph\":[{\"@type\":\"WebPage\",\"@id\":\"https:\\\/\\\/www.eimpsa.com\\\/web\\\/producto\\\/gabinete-poliester-036252-ip-66-500x400x206-mm-legrand\\\/\",\"url\":\"https:\\\/\\\/www.eimpsa.com\\\/web\\\/producto\\\/gabinete-poliester-036252-ip-66-500x400x206-mm-legrand\\\/\",\"name\":\"GABINETE POLIESTER 036252 IP 66 - 500X400X206 MM LEGRAND - Electricos Importados\",\"isPartOf\":{\"@id\":\"https:\\\/\\\/www.eimpsa.com\\\/web\\\/#website\"},\"primaryImageOfPage\":{\"@id\":\"https:\\\/\\\/www.eimpsa.com\\\/web\\\/producto\\\/gabinete-poliester-036252-ip-66-500x400x206-mm-legrand\\\/#primaryimage\"},\"image\":{\"@id\":\"https:\\\/\\\/www.eimpsa.com\\\/web\\\/producto\\\/gabinete-poliester-036252-ip-66-500x400x206-mm-legrand\\\/#primaryimage\"},\"thumbnailUrl\":\"https:\\\/\\\/www.eimpsa.com\\\/web\\\/wp-content\\\/uploads\\\/2023\\\/03\\\/Gabinete-036252-LEGRAND-EIMPSA.jpg\",\"datePublished\":\"2023-03-06T20:37:03+00:00\",\"dateModified\":\"2024-05-14T13:02:22+00:00\",\"breadcrumb\":{\"@id\":\"https:\\\/\\\/www.eimpsa.com\\\/web\\\/producto\\\/gabinete-poliester-036252-ip-66-500x400x206-mm-legrand\\\/#breadcrumb\"},\"inLanguage\":\"es\",\"potentialAction\":[{\"@type\":\"ReadAction\",\"target\":[\"https:\\\/\\\/www.eimpsa.com\\\/web\\\/producto\\\/gabinete-poliester-036252-ip-66-500x400x206-mm-legrand\\\/\"]}]},{\"@type\":\"ImageObject\",\"inLanguage\":\"es\",\"@id\":\"https:\\\/\\\/www.eimpsa.com\\\/web\\\/producto\\\/gabinete-poliester-036252-ip-66-500x400x206-mm-legrand\\\/#primaryimage\",\"url\":\"https:\\\/\\\/www.eimpsa.com\\\/web\\\/wp-content\\\/uploads\\\/2023\\\/03\\\/Gabinete-036252-LEGRAND-EIMPSA.jpg\",\"contentUrl\":\"https:\\\/\\\/www.eimpsa.com\\\/web\\\/wp-content\\\/uploads\\\/2023\\\/03\\\/Gabinete-036252-LEGRAND-EIMPSA.jpg\",\"width\":650,\"height\":650},{\"@type\":\"BreadcrumbList\",\"@id\":\"https:\\\/\\\/www.eimpsa.com\\\/web\\\/producto\\\/gabinete-poliester-036252-ip-66-500x400x206-mm-legrand\\\/#breadcrumb\",\"itemListElement\":[{\"@type\":\"ListItem\",\"position\":1,\"name\":\"Portada\",\"item\":\"https:\\\/\\\/www.eimpsa.com\\\/web\\\/\"},{\"@type\":\"ListItem\",\"position\":2,\"name\":\"Tienda\",\"item\":\"https:\\\/\\\/www.eimpsa.com\\\/web\\\/tienda-virtual-eimpsa-productos-electricos-industriales\\\/\"},{\"@type\":\"ListItem\",\"position\":3,\"name\":\"GABINETE POLIESTER 036252 IP 66 &#8211; 500X400X206 MM LEGRAND\"}]},{\"@type\":\"WebSite\",\"@id\":\"https:\\\/\\\/www.eimpsa.com\\\/web\\\/#website\",\"url\":\"https:\\\/\\\/www.eimpsa.com\\\/web\\\/\",\"name\":\"EIMPSA Electricos Importados\",\"description\":\"Materiales El\u00e9ctricos\",\"publisher\":{\"@id\":\"https:\\\/\\\/www.eimpsa.com\\\/web\\\/#organization\"},\"alternateName\":\"eimpsa\",\"potentialAction\":[{\"@type\":\"SearchAction\",\"target\":{\"@type\":\"EntryPoint\",\"urlTemplate\":\"https:\\\/\\\/www.eimpsa.com\\\/web\\\/?s={search_term_string}\"},\"query-input\":{\"@type\":\"PropertyValueSpecification\",\"valueRequired\":true,\"valueName\":\"search_term_string\"}}],\"inLanguage\":\"es\"},{\"@type\":\"Organization\",\"@id\":\"https:\\\/\\\/www.eimpsa.com\\\/web\\\/#organization\",\"name\":\"EIMPSA El\u00e9ctricos Importados S.A.S\",\"url\":\"https:\\\/\\\/www.eimpsa.com\\\/web\\\/\",\"logo\":{\"@type\":\"ImageObject\",\"inLanguage\":\"es\",\"@id\":\"https:\\\/\\\/www.eimpsa.com\\\/web\\\/#\\\/schema\\\/logo\\\/image\\\/\",\"url\":\"https:\\\/\\\/www.eimpsa.com\\\/web\\\/wp-content\\\/uploads\\\/2023\\\/10\\\/EIMPSA-Versiones-RGB_Base.png\",\"contentUrl\":\"https:\\\/\\\/www.eimpsa.com\\\/web\\\/wp-content\\\/uploads\\\/2023\\\/10\\\/EIMPSA-Versiones-RGB_Base.png\",\"width\":1471,\"height\":473,\"caption\":\"EIMPSA El\u00e9ctricos Importados S.A.S\"},\"image\":{\"@id\":\"https:\\\/\\\/www.eimpsa.com\\\/web\\\/#\\\/schema\\\/logo\\\/image\\\/\"},\"sameAs\":[\"https:\\\/\\\/www.facebook.com\\\/eimpsa\\\/\",\"https:\\\/\\\/www.linkedin.com\\\/company\\\/el-ctricos-importados-s-a-\\\/\",\"https:\\\/\\\/www.youtube.com\\\/channel\\\/UCaCHlQ9m86kFaeAq_dMUOHg?view_as=subscriber\",\"https:\\\/\\\/www.instagram.com\\\/eimpsa_electricos_importados\\\/\"]}]}<\/script>\n<!-- \/ Yoast SEO plugin. -->","yoast_head_json":{"title":"GABINETE POLIESTER 036252 IP 66 - 500X400X206 MM LEGRAND - Electricos Importados","robots":{"index":"index","follow":"follow","max-snippet":"max-snippet:-1","max-image-preview":"max-image-preview:large","max-video-preview":"max-video-preview:-1"},"canonical":"https:\/\/www.eimpsa.com\/web\/producto\/gabinete-poliester-036252-ip-66-500x400x206-mm-legrand\/","og_locale":"es_ES","og_type":"article","og_title":"GABINETE POLIESTER 036252 IP 66 - 500X400X206 MM LEGRAND - Electricos Importados","og_description":"GABINETE POLIESTER 036252 IP 66 &#8211; 500X400X206 MM LEGRAND n nArmarios RAL 7035 n n Dimensiones exteriores Alto x Ancho x Fondo: 500 x 400 x 206 mm n Armarios met\u00e1licos correspondientes Alto x Ancho x Fondo: 500 x 400 x 200 mm n nArmarios Marina &#8211; poli\u00e9ster &#8211; IP 66 &#8211; IK 10 n [&hellip;]","og_url":"https:\/\/www.eimpsa.com\/web\/producto\/gabinete-poliester-036252-ip-66-500x400x206-mm-legrand\/","og_site_name":"Electricos Importados","article_publisher":"https:\/\/www.facebook.com\/eimpsa\/","article_modified_time":"2024-05-14T13:02:22+00:00","og_image":[{"width":650,"height":650,"url":"https:\/\/www.eimpsa.com\/web\/wp-content\/uploads\/2023\/03\/Gabinete-036252-LEGRAND-EIMPSA.jpg","type":"image\/jpeg"}],"twitter_card":"summary_large_image","twitter_misc":{"Tiempo de lectura":"1 minuto"},"schema":{"@context":"https:\/\/schema.org","@graph":[{"@type":"WebPage","@id":"https:\/\/www.eimpsa.com\/web\/producto\/gabinete-poliester-036252-ip-66-500x400x206-mm-legrand\/","url":"https:\/\/www.eimpsa.com\/web\/producto\/gabinete-poliester-036252-ip-66-500x400x206-mm-legrand\/","name":"GABINETE POLIESTER 036252 IP 66 - 500X400X206 MM LEGRAND - Electricos Importados","isPartOf":{"@id":"https:\/\/www.eimpsa.com\/web\/#website"},"primaryImageOfPage":{"@id":"https:\/\/www.eimpsa.com\/web\/producto\/gabinete-poliester-036252-ip-66-500x400x206-mm-legrand\/#primaryimage"},"image":{"@id":"https:\/\/www.eimpsa.com\/web\/producto\/gabinete-poliester-036252-ip-66-500x400x206-mm-legrand\/#primaryimage"},"thumbnailUrl":"https:\/\/www.eimpsa.com\/web\/wp-content\/uploads\/2023\/03\/Gabinete-036252-LEGRAND-EIMPSA.jpg","datePublished":"2023-03-06T20:37:03+00:00","dateModified":"2024-05-14T13:02:22+00:00","breadcrumb":{"@id":"https:\/\/www.eimpsa.com\/web\/producto\/gabinete-poliester-036252-ip-66-500x400x206-mm-legrand\/#breadcrumb"},"inLanguage":"es","potentialAction":[{"@type":"ReadAction","target":["https:\/\/www.eimpsa.com\/web\/producto\/gabinete-poliester-036252-ip-66-500x400x206-mm-legrand\/"]}]},{"@type":"ImageObject","inLanguage":"es","@id":"https:\/\/www.eimpsa.com\/web\/producto\/gabinete-poliester-036252-ip-66-500x400x206-mm-legrand\/#primaryimage","url":"https:\/\/www.eimpsa.com\/web\/wp-content\/uploads\/2023\/03\/Gabinete-036252-LEGRAND-EIMPSA.jpg","contentUrl":"https:\/\/www.eimpsa.com\/web\/wp-content\/uploads\/2023\/03\/Gabinete-036252-LEGRAND-EIMPSA.jpg","width":650,"height":650},{"@type":"BreadcrumbList","@id":"https:\/\/www.eimpsa.com\/web\/producto\/gabinete-poliester-036252-ip-66-500x400x206-mm-legrand\/#breadcrumb","itemListElement":[{"@type":"ListItem","position":1,"name":"Portada","item":"https:\/\/www.eimpsa.com\/web\/"},{"@type":"ListItem","position":2,"name":"Tienda","item":"https:\/\/www.eimpsa.com\/web\/tienda-virtual-eimpsa-productos-electricos-industriales\/"},{"@type":"ListItem","position":3,"name":"GABINETE POLIESTER 036252 IP 66 &#8211; 500X400X206 MM LEGRAND"}]},{"@type":"WebSite","@id":"https:\/\/www.eimpsa.com\/web\/#website","url":"https:\/\/www.eimpsa.com\/web\/","name":"EIMPSA Electricos Importados","description":"Materiales El\u00e9ctricos","publisher":{"@id":"https:\/\/www.eimpsa.com\/web\/#organization"},"alternateName":"eimpsa","potentialAction":[{"@type":"SearchAction","target":{"@type":"EntryPoint","urlTemplate":"https:\/\/www.eimpsa.com\/web\/?s={search_term_string}"},"query-input":{"@type":"PropertyValueSpecification","valueRequired":true,"valueName":"search_term_string"}}],"inLanguage":"es"},{"@type":"Organization","@id":"https:\/\/www.eimpsa.com\/web\/#organization","name":"EIMPSA El\u00e9ctricos Importados S.A.S","url":"https:\/\/www.eimpsa.com\/web\/","logo":{"@type":"ImageObject","inLanguage":"es","@id":"https:\/\/www.eimpsa.com\/web\/#\/schema\/logo\/image\/","url":"https:\/\/www.eimpsa.com\/web\/wp-content\/uploads\/2023\/10\/EIMPSA-Versiones-RGB_Base.png","contentUrl":"https:\/\/www.eimpsa.com\/web\/wp-content\/uploads\/2023\/10\/EIMPSA-Versiones-RGB_Base.png","width":1471,"height":473,"caption":"EIMPSA El\u00e9ctricos Importados S.A.S"},"image":{"@id":"https:\/\/www.eimpsa.com\/web\/#\/schema\/logo\/image\/"},"sameAs":["https:\/\/www.facebook.com\/eimpsa\/","https:\/\/www.linkedin.com\/company\/el-ctricos-importados-s-a-\/","https:\/\/www.youtube.com\/channel\/UCaCHlQ9m86kFaeAq_dMUOHg?view_as=subscriber","https:\/\/www.instagram.com\/eimpsa_electricos_importados\/"]}]}},"_links":{"self":[{"href":"https:\/\/www.eimpsa.com\/web\/wp-json\/wp\/v2\/product\/19019","targetHints":{"allow":["GET"]}}],"collection":[{"href":"https:\/\/www.eimpsa.com\/web\/wp-json\/wp\/v2\/product"}],"about":[{"href":"https:\/\/www.eimpsa.com\/web\/wp-json\/wp\/v2\/types\/product"}],"replies":[{"embeddable":true,"href":"https:\/\/www.eimpsa.com\/web\/wp-json\/wp\/v2\/comments?post=19019"}],"version-history":[{"count":1,"href":"https:\/\/www.eimpsa.com\/web\/wp-json\/wp\/v2\/product\/19019\/revisions"}],"predecessor-version":[{"id":19020,"href":"https:\/\/www.eimpsa.com\/web\/wp-json\/wp\/v2\/product\/19019\/revisions\/19020"}],"wp:featuredmedia":[{"embeddable":true,"href":"https:\/\/www.eimpsa.com\/web\/wp-json\/wp\/v2\/media\/19021"}],"wp:attachment":[{"href":"https:\/\/www.eimpsa.com\/web\/wp-json\/wp\/v2\/media?parent=19019"}],"wp:term":[{"taxonomy":"product_cat","embeddable":true,"href":"https:\/\/www.eimpsa.com\/web\/wp-json\/wp\/v2\/product_cat?post=19019"},{"taxonomy":"product_tag","embeddable":true,"href":"https:\/\/www.eimpsa.com\/web\/wp-json\/wp\/v2\/product_tag?post=19019"}],"curies":[{"name":"wp","href":"https:\/\/api.w.org\/{rel}","templated":true}]}}