{"id":18390,"date":"2023-03-06T15:32:50","date_gmt":"2023-03-06T20:32:50","guid":{"rendered":"https:\/\/www.eimpsa.com\/web\/producto\/bloque-zenl1121-nc-pp-4\/"},"modified":"2024-05-14T08:04:03","modified_gmt":"2024-05-14T13:04:03","slug":"bloque-zenl1121-nc-pp-4","status":"publish","type":"product","link":"https:\/\/www.eimpsa.com\/web\/producto\/bloque-zenl1121-nc-pp-4\/","title":{"rendered":"BLOQUE ZENL1121 NC PP"},"content":{"rendered":"<p>Bloque De Contacto 1Nc Xald. rango de producto: Harmony XAL &#8211; tipo de producto o componente: bloque de contacto &#8211; destino del producto: para estaci\u00f3n de control XAPS, para unidades de se\u00f1alizaci\u00f3n y control XB5 \u00d8 22 mm &#8211; montaje del bloque: montaje trasero &#8211; tipo de contactos y composici\u00f3n: 1 NC. Beneficios: .. Aplicaciones: Industria, infraestructura, edificios, etc. Todas las m\u00e1quinas que requieren: Arranque directo o parada de Motor Arranque suave y sencillo.. Beneficios: Es ideal para aplicaciones que requieren una buena resistencia a agentes qu\u00edmicos y\/o aislamiento el\u00e9ctrico doble&#8230;. Aplicaciones: Industria: alimentos y bebidas, industria qu\u00edmica, papeleras, aplicaciones marinas&#8230;.<\/p>\n<p>Visits: 52<\/p>","protected":false},"excerpt":{"rendered":"<p>Bloque De Contacto 1Nc Xald. rango de producto: Harmony XAL &#8211; tipo de producto o componente: bloque de contacto &#8211; destino del producto: para estaci\u00f3n de control XAPS, para unidades de se\u00f1alizaci\u00f3n y control XB5 \u00d8 22 mm &#8211; montaje del bloque: montaje trasero &#8211; tipo de contactos y composici\u00f3n: 1 NC. Beneficios: .. Aplicaciones: [&hellip;]<\/p>\n","protected":false},"featured_media":18392,"comment_status":"closed","ping_status":"open","template":"","meta":[],"product_cat":[87],"product_tag":[],"class_list":["post-18390","product","type-product","status-publish","has-post-thumbnail","hentry","product_cat-accesorios"],"yoast_head":"<!-- This site is optimized with the Yoast SEO plugin v27.4 - https:\/\/yoast.com\/product\/yoast-seo-wordpress\/ -->\n<title>BLOQUE ZENL1121 NC PP - Electricos Importados<\/title>\n<meta name=\"robots\" content=\"index, follow, max-snippet:-1, max-image-preview:large, max-video-preview:-1\" \/>\n<link rel=\"canonical\" href=\"https:\/\/www.eimpsa.com\/web\/producto\/bloque-zenl1121-nc-pp-4\/\" \/>\n<meta property=\"og:locale\" content=\"es_ES\" \/>\n<meta property=\"og:type\" content=\"article\" \/>\n<meta property=\"og:title\" content=\"BLOQUE ZENL1121 NC PP - Electricos Importados\" \/>\n<meta property=\"og:description\" content=\"Bloque De Contacto 1Nc Xald. rango de producto: Harmony XAL &#8211; tipo de producto o componente: bloque de contacto &#8211; destino del producto: para estaci\u00f3n de control XAPS, para unidades de se\u00f1alizaci\u00f3n y control XB5 \u00d8 22 mm &#8211; montaje del bloque: montaje trasero &#8211; tipo de contactos y composici\u00f3n: 1 NC. Beneficios: .. Aplicaciones: [&hellip;]\" \/>\n<meta property=\"og:url\" content=\"https:\/\/www.eimpsa.com\/web\/producto\/bloque-zenl1121-nc-pp-4\/\" \/>\n<meta property=\"og:site_name\" content=\"Electricos Importados\" \/>\n<meta property=\"article:publisher\" content=\"https:\/\/www.facebook.com\/eimpsa\/\" \/>\n<meta property=\"article:modified_time\" content=\"2024-05-14T13:04:03+00:00\" \/>\n<meta property=\"og:image\" content=\"https:\/\/www.eimpsa.com\/web\/wp-content\/uploads\/2023\/03\/BLOQUE-ZENL1121-NC-PP-1024x1024.png\" \/>\n\t<meta property=\"og:image:width\" content=\"1024\" \/>\n\t<meta property=\"og:image:height\" content=\"1024\" \/>\n\t<meta property=\"og:image:type\" content=\"image\/png\" \/>\n<meta name=\"twitter:card\" content=\"summary_large_image\" \/>\n<meta name=\"twitter:label1\" content=\"Tiempo de lectura\" \/>\n\t<meta name=\"twitter:data1\" content=\"1 minuto\" \/>\n<script type=\"application\/ld+json\" class=\"yoast-schema-graph\">{\"@context\":\"https:\\\/\\\/schema.org\",\"@graph\":[{\"@type\":\"WebPage\",\"@id\":\"https:\\\/\\\/www.eimpsa.com\\\/web\\\/producto\\\/bloque-zenl1121-nc-pp-4\\\/\",\"url\":\"https:\\\/\\\/www.eimpsa.com\\\/web\\\/producto\\\/bloque-zenl1121-nc-pp-4\\\/\",\"name\":\"BLOQUE ZENL1121 NC PP - Electricos Importados\",\"isPartOf\":{\"@id\":\"https:\\\/\\\/www.eimpsa.com\\\/web\\\/#website\"},\"primaryImageOfPage\":{\"@id\":\"https:\\\/\\\/www.eimpsa.com\\\/web\\\/producto\\\/bloque-zenl1121-nc-pp-4\\\/#primaryimage\"},\"image\":{\"@id\":\"https:\\\/\\\/www.eimpsa.com\\\/web\\\/producto\\\/bloque-zenl1121-nc-pp-4\\\/#primaryimage\"},\"thumbnailUrl\":\"https:\\\/\\\/www.eimpsa.com\\\/web\\\/wp-content\\\/uploads\\\/2023\\\/03\\\/BLOQUE-ZENL1121-NC-PP.png\",\"datePublished\":\"2023-03-06T20:32:50+00:00\",\"dateModified\":\"2024-05-14T13:04:03+00:00\",\"breadcrumb\":{\"@id\":\"https:\\\/\\\/www.eimpsa.com\\\/web\\\/producto\\\/bloque-zenl1121-nc-pp-4\\\/#breadcrumb\"},\"inLanguage\":\"es\",\"potentialAction\":[{\"@type\":\"ReadAction\",\"target\":[\"https:\\\/\\\/www.eimpsa.com\\\/web\\\/producto\\\/bloque-zenl1121-nc-pp-4\\\/\"]}]},{\"@type\":\"ImageObject\",\"inLanguage\":\"es\",\"@id\":\"https:\\\/\\\/www.eimpsa.com\\\/web\\\/producto\\\/bloque-zenl1121-nc-pp-4\\\/#primaryimage\",\"url\":\"https:\\\/\\\/www.eimpsa.com\\\/web\\\/wp-content\\\/uploads\\\/2023\\\/03\\\/BLOQUE-ZENL1121-NC-PP.png\",\"contentUrl\":\"https:\\\/\\\/www.eimpsa.com\\\/web\\\/wp-content\\\/uploads\\\/2023\\\/03\\\/BLOQUE-ZENL1121-NC-PP.png\",\"width\":4000,\"height\":4000},{\"@type\":\"BreadcrumbList\",\"@id\":\"https:\\\/\\\/www.eimpsa.com\\\/web\\\/producto\\\/bloque-zenl1121-nc-pp-4\\\/#breadcrumb\",\"itemListElement\":[{\"@type\":\"ListItem\",\"position\":1,\"name\":\"Portada\",\"item\":\"https:\\\/\\\/www.eimpsa.com\\\/web\\\/\"},{\"@type\":\"ListItem\",\"position\":2,\"name\":\"Tienda\",\"item\":\"https:\\\/\\\/www.eimpsa.com\\\/web\\\/tienda-virtual-eimpsa-productos-electricos-industriales\\\/\"},{\"@type\":\"ListItem\",\"position\":3,\"name\":\"BLOQUE ZENL1121 NC PP\"}]},{\"@type\":\"WebSite\",\"@id\":\"https:\\\/\\\/www.eimpsa.com\\\/web\\\/#website\",\"url\":\"https:\\\/\\\/www.eimpsa.com\\\/web\\\/\",\"name\":\"EIMPSA Electricos Importados\",\"description\":\"Materiales El\u00e9ctricos\",\"publisher\":{\"@id\":\"https:\\\/\\\/www.eimpsa.com\\\/web\\\/#organization\"},\"alternateName\":\"eimpsa\",\"potentialAction\":[{\"@type\":\"SearchAction\",\"target\":{\"@type\":\"EntryPoint\",\"urlTemplate\":\"https:\\\/\\\/www.eimpsa.com\\\/web\\\/?s={search_term_string}\"},\"query-input\":{\"@type\":\"PropertyValueSpecification\",\"valueRequired\":true,\"valueName\":\"search_term_string\"}}],\"inLanguage\":\"es\"},{\"@type\":\"Organization\",\"@id\":\"https:\\\/\\\/www.eimpsa.com\\\/web\\\/#organization\",\"name\":\"EIMPSA El\u00e9ctricos Importados S.A.S\",\"url\":\"https:\\\/\\\/www.eimpsa.com\\\/web\\\/\",\"logo\":{\"@type\":\"ImageObject\",\"inLanguage\":\"es\",\"@id\":\"https:\\\/\\\/www.eimpsa.com\\\/web\\\/#\\\/schema\\\/logo\\\/image\\\/\",\"url\":\"https:\\\/\\\/www.eimpsa.com\\\/web\\\/wp-content\\\/uploads\\\/2023\\\/10\\\/EIMPSA-Versiones-RGB_Base.png\",\"contentUrl\":\"https:\\\/\\\/www.eimpsa.com\\\/web\\\/wp-content\\\/uploads\\\/2023\\\/10\\\/EIMPSA-Versiones-RGB_Base.png\",\"width\":1471,\"height\":473,\"caption\":\"EIMPSA El\u00e9ctricos Importados S.A.S\"},\"image\":{\"@id\":\"https:\\\/\\\/www.eimpsa.com\\\/web\\\/#\\\/schema\\\/logo\\\/image\\\/\"},\"sameAs\":[\"https:\\\/\\\/www.facebook.com\\\/eimpsa\\\/\",\"https:\\\/\\\/www.linkedin.com\\\/company\\\/el-ctricos-importados-s-a-\\\/\",\"https:\\\/\\\/www.youtube.com\\\/channel\\\/UCaCHlQ9m86kFaeAq_dMUOHg?view_as=subscriber\",\"https:\\\/\\\/www.instagram.com\\\/eimpsa_electricos_importados\\\/\"]}]}<\/script>\n<!-- \/ Yoast SEO plugin. -->","yoast_head_json":{"title":"BLOQUE ZENL1121 NC PP - Electricos Importados","robots":{"index":"index","follow":"follow","max-snippet":"max-snippet:-1","max-image-preview":"max-image-preview:large","max-video-preview":"max-video-preview:-1"},"canonical":"https:\/\/www.eimpsa.com\/web\/producto\/bloque-zenl1121-nc-pp-4\/","og_locale":"es_ES","og_type":"article","og_title":"BLOQUE ZENL1121 NC PP - Electricos Importados","og_description":"Bloque De Contacto 1Nc Xald. rango de producto: Harmony XAL &#8211; tipo de producto o componente: bloque de contacto &#8211; destino del producto: para estaci\u00f3n de control XAPS, para unidades de se\u00f1alizaci\u00f3n y control XB5 \u00d8 22 mm &#8211; montaje del bloque: montaje trasero &#8211; tipo de contactos y composici\u00f3n: 1 NC. Beneficios: .. Aplicaciones: [&hellip;]","og_url":"https:\/\/www.eimpsa.com\/web\/producto\/bloque-zenl1121-nc-pp-4\/","og_site_name":"Electricos Importados","article_publisher":"https:\/\/www.facebook.com\/eimpsa\/","article_modified_time":"2024-05-14T13:04:03+00:00","og_image":[{"width":1024,"height":1024,"url":"https:\/\/www.eimpsa.com\/web\/wp-content\/uploads\/2023\/03\/BLOQUE-ZENL1121-NC-PP-1024x1024.png","type":"image\/png"}],"twitter_card":"summary_large_image","twitter_misc":{"Tiempo de lectura":"1 minuto"},"schema":{"@context":"https:\/\/schema.org","@graph":[{"@type":"WebPage","@id":"https:\/\/www.eimpsa.com\/web\/producto\/bloque-zenl1121-nc-pp-4\/","url":"https:\/\/www.eimpsa.com\/web\/producto\/bloque-zenl1121-nc-pp-4\/","name":"BLOQUE ZENL1121 NC PP - Electricos Importados","isPartOf":{"@id":"https:\/\/www.eimpsa.com\/web\/#website"},"primaryImageOfPage":{"@id":"https:\/\/www.eimpsa.com\/web\/producto\/bloque-zenl1121-nc-pp-4\/#primaryimage"},"image":{"@id":"https:\/\/www.eimpsa.com\/web\/producto\/bloque-zenl1121-nc-pp-4\/#primaryimage"},"thumbnailUrl":"https:\/\/www.eimpsa.com\/web\/wp-content\/uploads\/2023\/03\/BLOQUE-ZENL1121-NC-PP.png","datePublished":"2023-03-06T20:32:50+00:00","dateModified":"2024-05-14T13:04:03+00:00","breadcrumb":{"@id":"https:\/\/www.eimpsa.com\/web\/producto\/bloque-zenl1121-nc-pp-4\/#breadcrumb"},"inLanguage":"es","potentialAction":[{"@type":"ReadAction","target":["https:\/\/www.eimpsa.com\/web\/producto\/bloque-zenl1121-nc-pp-4\/"]}]},{"@type":"ImageObject","inLanguage":"es","@id":"https:\/\/www.eimpsa.com\/web\/producto\/bloque-zenl1121-nc-pp-4\/#primaryimage","url":"https:\/\/www.eimpsa.com\/web\/wp-content\/uploads\/2023\/03\/BLOQUE-ZENL1121-NC-PP.png","contentUrl":"https:\/\/www.eimpsa.com\/web\/wp-content\/uploads\/2023\/03\/BLOQUE-ZENL1121-NC-PP.png","width":4000,"height":4000},{"@type":"BreadcrumbList","@id":"https:\/\/www.eimpsa.com\/web\/producto\/bloque-zenl1121-nc-pp-4\/#breadcrumb","itemListElement":[{"@type":"ListItem","position":1,"name":"Portada","item":"https:\/\/www.eimpsa.com\/web\/"},{"@type":"ListItem","position":2,"name":"Tienda","item":"https:\/\/www.eimpsa.com\/web\/tienda-virtual-eimpsa-productos-electricos-industriales\/"},{"@type":"ListItem","position":3,"name":"BLOQUE ZENL1121 NC PP"}]},{"@type":"WebSite","@id":"https:\/\/www.eimpsa.com\/web\/#website","url":"https:\/\/www.eimpsa.com\/web\/","name":"EIMPSA Electricos Importados","description":"Materiales El\u00e9ctricos","publisher":{"@id":"https:\/\/www.eimpsa.com\/web\/#organization"},"alternateName":"eimpsa","potentialAction":[{"@type":"SearchAction","target":{"@type":"EntryPoint","urlTemplate":"https:\/\/www.eimpsa.com\/web\/?s={search_term_string}"},"query-input":{"@type":"PropertyValueSpecification","valueRequired":true,"valueName":"search_term_string"}}],"inLanguage":"es"},{"@type":"Organization","@id":"https:\/\/www.eimpsa.com\/web\/#organization","name":"EIMPSA El\u00e9ctricos Importados S.A.S","url":"https:\/\/www.eimpsa.com\/web\/","logo":{"@type":"ImageObject","inLanguage":"es","@id":"https:\/\/www.eimpsa.com\/web\/#\/schema\/logo\/image\/","url":"https:\/\/www.eimpsa.com\/web\/wp-content\/uploads\/2023\/10\/EIMPSA-Versiones-RGB_Base.png","contentUrl":"https:\/\/www.eimpsa.com\/web\/wp-content\/uploads\/2023\/10\/EIMPSA-Versiones-RGB_Base.png","width":1471,"height":473,"caption":"EIMPSA El\u00e9ctricos Importados S.A.S"},"image":{"@id":"https:\/\/www.eimpsa.com\/web\/#\/schema\/logo\/image\/"},"sameAs":["https:\/\/www.facebook.com\/eimpsa\/","https:\/\/www.linkedin.com\/company\/el-ctricos-importados-s-a-\/","https:\/\/www.youtube.com\/channel\/UCaCHlQ9m86kFaeAq_dMUOHg?view_as=subscriber","https:\/\/www.instagram.com\/eimpsa_electricos_importados\/"]}]}},"_links":{"self":[{"href":"https:\/\/www.eimpsa.com\/web\/wp-json\/wp\/v2\/product\/18390","targetHints":{"allow":["GET"]}}],"collection":[{"href":"https:\/\/www.eimpsa.com\/web\/wp-json\/wp\/v2\/product"}],"about":[{"href":"https:\/\/www.eimpsa.com\/web\/wp-json\/wp\/v2\/types\/product"}],"replies":[{"embeddable":true,"href":"https:\/\/www.eimpsa.com\/web\/wp-json\/wp\/v2\/comments?post=18390"}],"version-history":[{"count":1,"href":"https:\/\/www.eimpsa.com\/web\/wp-json\/wp\/v2\/product\/18390\/revisions"}],"predecessor-version":[{"id":18391,"href":"https:\/\/www.eimpsa.com\/web\/wp-json\/wp\/v2\/product\/18390\/revisions\/18391"}],"wp:featuredmedia":[{"embeddable":true,"href":"https:\/\/www.eimpsa.com\/web\/wp-json\/wp\/v2\/media\/18392"}],"wp:attachment":[{"href":"https:\/\/www.eimpsa.com\/web\/wp-json\/wp\/v2\/media?parent=18390"}],"wp:term":[{"taxonomy":"product_cat","embeddable":true,"href":"https:\/\/www.eimpsa.com\/web\/wp-json\/wp\/v2\/product_cat?post=18390"},{"taxonomy":"product_tag","embeddable":true,"href":"https:\/\/www.eimpsa.com\/web\/wp-json\/wp\/v2\/product_tag?post=18390"}],"curies":[{"name":"wp","href":"https:\/\/api.w.org\/{rel}","templated":true}]}}