{"id":841,"date":"2018-04-24T15:46:32","date_gmt":"2018-04-24T20:46:32","guid":{"rendered":"https:\/\/www.eimpsa.com\/web\/?page_id=841"},"modified":"2025-04-10T13:21:57","modified_gmt":"2025-04-10T18:21:57","slug":"pagos-en-linea","status":"publish","type":"page","link":"https:\/\/www.eimpsa.com\/web\/pagos-en-linea\/","title":{"rendered":"Pagos en l\u00ednea"},"content":{"rendered":"\t\t<div data-elementor-type=\"wp-post\" data-elementor-id=\"841\" class=\"elementor elementor-841\" data-elementor-settings=\"[]\">\n\t\t\t\t\t\t<div class=\"elementor-inner\">\n\t\t\t\t\t\t\t<div class=\"elementor-section-wrap\">\n\t\t\t\t\t\t\t<section class=\"elementor-section elementor-top-section elementor-element elementor-element-277a626 elementor-section-boxed elementor-section-height-default elementor-section-height-default\" data-id=\"277a626\" data-element_type=\"section\">\n\t\t\t\t\t\t<div class=\"elementor-container elementor-column-gap-default\">\n\t\t\t\t\t\t\t<div class=\"elementor-row\">\n\t\t\t\t\t<div class=\"elementor-column elementor-col-100 elementor-top-column elementor-element elementor-element-669340a\" data-id=\"669340a\" data-element_type=\"column\">\n\t\t\t<div class=\"elementor-column-wrap elementor-element-populated\">\n\t\t\t\t\t\t\t<div class=\"elementor-widget-wrap\">\n\t\t\t\t\t\t<div class=\"elementor-element elementor-element-65ff164 elementor-widget elementor-widget-heading\" data-id=\"65ff164\" data-element_type=\"widget\" data-widget_type=\"heading.default\">\n\t\t\t\t<div class=\"elementor-widget-container\">\n\t\t\t<h1 class=\"elementor-heading-title elementor-size-default\">Escoge en EIMPSA el medio de pago que m\u00e1s se adapte a tus necesidades<\/h1>\t\t<\/div>\n\t\t\t\t<\/div>\n\t\t\t\t\t\t<\/div>\n\t\t\t\t\t<\/div>\n\t\t<\/div>\n\t\t\t\t\t\t\t\t<\/div>\n\t\t\t\t\t<\/div>\n\t\t<\/section>\n\t\t\t\t<section class=\"elementor-section elementor-top-section elementor-element elementor-element-5ba1922 elementor-section-boxed elementor-section-height-default elementor-section-height-default\" data-id=\"5ba1922\" data-element_type=\"section\">\n\t\t\t\t\t\t<div class=\"elementor-container elementor-column-gap-default\">\n\t\t\t\t\t\t\t<div class=\"elementor-row\">\n\t\t\t\t\t<div class=\"elementor-column elementor-col-33 elementor-top-column elementor-element elementor-element-b6749bd\" data-id=\"b6749bd\" data-element_type=\"column\">\n\t\t\t<div class=\"elementor-column-wrap elementor-element-populated\">\n\t\t\t\t\t\t\t<div class=\"elementor-widget-wrap\">\n\t\t\t\t\t\t<div class=\"elementor-element elementor-element-0ca5146 elementor-vertical-align-bottom elementor-position-top elementor-invisible elementor-widget elementor-widget-image-box\" data-id=\"0ca5146\" data-element_type=\"widget\" data-settings=\"{&quot;_animation&quot;:&quot;fadeInLeft&quot;}\" data-widget_type=\"image-box.default\">\n\t\t\t\t<div class=\"elementor-widget-container\">\n\t\t\t<div class=\"elementor-image-box-wrapper\"><figure class=\"elementor-image-box-img\"><a href=\"https:\/\/www.psepagos.co\/PSEHostingUI\/ShowTicketOffice.aspx?ID=6339\" target=\"_blank\"><img loading=\"lazy\" decoding=\"async\" width=\"90\" height=\"89\" src=\"https:\/\/www.eimpsa.com\/web\/wp-content\/uploads\/2018\/03\/logo_90.png\" class=\"elementor-animation-pulse attachment-full size-full\" alt=\"PSE EIMPSA\" \/><\/a><\/figure><div class=\"elementor-image-box-content\"><h3 class=\"elementor-image-box-title\"><a href=\"https:\/\/www.psepagos.co\/PSEHostingUI\/ShowTicketOffice.aspx?ID=6339\" target=\"_blank\">Ingresar a Pago Seguro en L\u00ednea EIMPSA AQU\u00cd!<\/a><\/h3><p class=\"elementor-image-box-description\"><h4>El pago se realizar\u00e1 utilizando los servicios de PSE <p><h4>realizando el d\u00e9bito desde su cuenta corriente o de ahorros.<\/p><\/div><\/div>\t\t<\/div>\n\t\t\t\t<\/div>\n\t\t\t\t\t\t<\/div>\n\t\t\t\t\t<\/div>\n\t\t<\/div>\n\t\t\t\t<div class=\"elementor-column elementor-col-33 elementor-top-column elementor-element elementor-element-0192aae\" data-id=\"0192aae\" data-element_type=\"column\">\n\t\t\t<div class=\"elementor-column-wrap elementor-element-populated\">\n\t\t\t\t\t\t\t<div class=\"elementor-widget-wrap\">\n\t\t\t\t\t\t<div class=\"elementor-element elementor-element-a0c4a24 elementor-vertical-align-bottom elementor-position-top elementor-invisible elementor-widget elementor-widget-image-box\" data-id=\"a0c4a24\" data-element_type=\"widget\" data-settings=\"{&quot;_animation&quot;:&quot;fadeInLeft&quot;}\" data-widget_type=\"image-box.default\">\n\t\t\t\t<div class=\"elementor-widget-container\">\n\t\t\t<div class=\"elementor-image-box-wrapper\"><figure class=\"elementor-image-box-img\"><a href=\"https:\/\/www.eimpsa.com\/web\/qrbancolombia\/\" target=\"_blank\"><img loading=\"lazy\" decoding=\"async\" width=\"768\" height=\"1368\" src=\"https:\/\/www.eimpsa.com\/web\/wp-content\/uploads\/2025\/04\/QR-Bancolombia-EIMPSA-2025-768x1368.jpg\" class=\"elementor-animation-pulse attachment-medium_large size-medium_large\" alt=\"QR Bancolombia EIMPSA 2025\" srcset=\"https:\/\/www.eimpsa.com\/web\/wp-content\/uploads\/2025\/04\/QR-Bancolombia-EIMPSA-2025-768x1368.jpg 768w, https:\/\/www.eimpsa.com\/web\/wp-content\/uploads\/2025\/04\/QR-Bancolombia-EIMPSA-2025-168x300.jpg 168w, https:\/\/www.eimpsa.com\/web\/wp-content\/uploads\/2025\/04\/QR-Bancolombia-EIMPSA-2025-575x1024.jpg 575w, https:\/\/www.eimpsa.com\/web\/wp-content\/uploads\/2025\/04\/QR-Bancolombia-EIMPSA-2025-862x1536.jpg 862w, https:\/\/www.eimpsa.com\/web\/wp-content\/uploads\/2025\/04\/QR-Bancolombia-EIMPSA-2025-1149x2048.jpg 1149w, https:\/\/www.eimpsa.com\/web\/wp-content\/uploads\/2025\/04\/QR-Bancolombia-EIMPSA-2025-600x1069.jpg 600w, https:\/\/www.eimpsa.com\/web\/wp-content\/uploads\/2025\/04\/QR-Bancolombia-EIMPSA-2025-64x114.jpg 64w, https:\/\/www.eimpsa.com\/web\/wp-content\/uploads\/2025\/04\/QR-Bancolombia-EIMPSA-2025-scaled.jpg 1437w\" sizes=\"auto, (max-width: 768px) 100vw, 768px\" \/><\/a><\/figure><div class=\"elementor-image-box-content\"><h3 class=\"elementor-image-box-title\"><a href=\"https:\/\/www.eimpsa.com\/web\/qrbancolombia\/\" target=\"_blank\">Pago por QR Bancolombia<\/a><\/h3><p class=\"elementor-image-box-description\"><h4>Realiza el pago desde tu APP Bancolombia<\/p><\/div><\/div>\t\t<\/div>\n\t\t\t\t<\/div>\n\t\t\t\t\t\t<\/div>\n\t\t\t\t\t<\/div>\n\t\t<\/div>\n\t\t\t\t<div class=\"elementor-column elementor-col-33 elementor-top-column elementor-element elementor-element-9fd9943\" data-id=\"9fd9943\" data-element_type=\"column\">\n\t\t\t<div class=\"elementor-column-wrap elementor-element-populated\">\n\t\t\t\t\t\t\t<div class=\"elementor-widget-wrap\">\n\t\t\t\t\t\t<div class=\"elementor-element elementor-element-07537a1 elementor-vertical-align-bottom elementor-position-top elementor-invisible elementor-widget elementor-widget-image-box\" data-id=\"07537a1\" data-element_type=\"widget\" data-settings=\"{&quot;_animation&quot;:&quot;fadeInLeft&quot;}\" data-widget_type=\"image-box.default\">\n\t\t\t\t<div class=\"elementor-widget-container\">\n\t\t\t<div class=\"elementor-image-box-wrapper\"><figure class=\"elementor-image-box-img\"><a href=\"https:\/\/www.eimpsa.com\/web\/solicitud-credito-covinoc\/\" target=\"_blank\"><img loading=\"lazy\" decoding=\"async\" width=\"347\" height=\"100\" src=\"https:\/\/www.eimpsa.com\/web\/wp-content\/uploads\/2024\/06\/covinoc-credito.jpg\" class=\"elementor-animation-pulse attachment-full size-full\" alt=\"covinoc-credito\" srcset=\"https:\/\/www.eimpsa.com\/web\/wp-content\/uploads\/2024\/06\/covinoc-credito.jpg 347w, https:\/\/www.eimpsa.com\/web\/wp-content\/uploads\/2024\/06\/covinoc-credito-300x86.jpg 300w, https:\/\/www.eimpsa.com\/web\/wp-content\/uploads\/2024\/06\/covinoc-credito-64x18.jpg 64w\" sizes=\"auto, (max-width: 347px) 100vw, 347px\" \/><\/a><\/figure><div class=\"elementor-image-box-content\"><h3 class=\"elementor-image-box-title\"><a href=\"https:\/\/www.eimpsa.com\/web\/solicitud-credito-covinoc\/\" target=\"_blank\">Solicita tu cr\u00e9dito Covinoc EIMPSA AQU\u00cd!<\/a><\/h3><p class=\"elementor-image-box-description\"><h4>Solicitud de cr\u00e9dito en l\u00ednea con la alianza EIMPSA - Covifactura<\/p><\/div><\/div>\t\t<\/div>\n\t\t\t\t<\/div>\n\t\t\t\t\t\t<\/div>\n\t\t\t\t\t<\/div>\n\t\t<\/div>\n\t\t\t\t\t\t\t\t<\/div>\n\t\t\t\t\t<\/div>\n\t\t<\/section>\n\t\t\t\t\t\t<\/div>\n\t\t\t\t\t\t<\/div>\n\t\t\t\t\t<\/div>\n\t\t<p>Visits: 1709<\/p>","protected":false},"excerpt":{"rendered":"<p>Escoge en EIMPSA el medio de pago que m\u00e1s se adapte a tus necesidades Ingresar a Pago Seguro en L\u00ednea EIMPSA AQU\u00cd! El pago se realizar\u00e1 utilizando los servicios de PSE realizando el d\u00e9bito desde su cuenta corriente o de ahorros. Pago por QR Bancolombia Realiza el pago desde tu APP Bancolombia Solicita tu cr\u00e9dito [&hellip;]<\/p>\n","protected":false},"author":4,"featured_media":0,"parent":0,"menu_order":0,"comment_status":"closed","ping_status":"closed","template":"","meta":{"footnotes":""},"class_list":["post-841","page","type-page","status-publish","hentry"],"yoast_head":"<!-- This site is optimized with the Yoast SEO plugin v27.4 - https:\/\/yoast.com\/product\/yoast-seo-wordpress\/ -->\n<title>Pagos PSE<\/title>\n<meta name=\"description\" content=\"Pagos en l\u00ednea EIMPSA\" \/>\n<meta name=\"robots\" content=\"index, follow, max-snippet:-1, max-image-preview:large, max-video-preview:-1\" \/>\n<link rel=\"canonical\" href=\"https:\/\/www.eimpsa.com\/web\/pagos-en-linea\/\" \/>\n<meta property=\"og:locale\" content=\"es_ES\" \/>\n<meta property=\"og:type\" content=\"article\" \/>\n<meta property=\"og:title\" content=\"Pagos PSE\" \/>\n<meta property=\"og:description\" content=\"Pagos en l\u00ednea EIMPSA\" \/>\n<meta property=\"og:url\" content=\"https:\/\/www.eimpsa.com\/web\/pagos-en-linea\/\" \/>\n<meta property=\"og:site_name\" content=\"Electricos Importados\" \/>\n<meta property=\"article:publisher\" content=\"https:\/\/www.facebook.com\/eimpsa\/\" \/>\n<meta property=\"article:modified_time\" content=\"2025-04-10T18:21:57+00:00\" \/>\n<meta property=\"og:image\" content=\"https:\/\/www.eimpsa.com\/web\/wp-content\/uploads\/2018\/03\/logo_90.png\" \/>\n<meta name=\"twitter:card\" content=\"summary_large_image\" \/>\n<meta name=\"twitter:label1\" content=\"Tiempo de lectura\" \/>\n\t<meta name=\"twitter:data1\" content=\"1 minuto\" \/>\n<script type=\"application\/ld+json\" class=\"yoast-schema-graph\">{\"@context\":\"https:\\\/\\\/schema.org\",\"@graph\":[{\"@type\":\"WebPage\",\"@id\":\"https:\\\/\\\/www.eimpsa.com\\\/web\\\/pagos-en-linea\\\/\",\"url\":\"https:\\\/\\\/www.eimpsa.com\\\/web\\\/pagos-en-linea\\\/\",\"name\":\"Pagos PSE\",\"isPartOf\":{\"@id\":\"https:\\\/\\\/www.eimpsa.com\\\/web\\\/#website\"},\"primaryImageOfPage\":{\"@id\":\"https:\\\/\\\/www.eimpsa.com\\\/web\\\/pagos-en-linea\\\/#primaryimage\"},\"image\":{\"@id\":\"https:\\\/\\\/www.eimpsa.com\\\/web\\\/pagos-en-linea\\\/#primaryimage\"},\"thumbnailUrl\":\"https:\\\/\\\/www.eimpsa.com\\\/web\\\/wp-content\\\/uploads\\\/2018\\\/03\\\/logo_90.png\",\"datePublished\":\"2018-04-24T20:46:32+00:00\",\"dateModified\":\"2025-04-10T18:21:57+00:00\",\"description\":\"Pagos en l\u00ednea EIMPSA\",\"breadcrumb\":{\"@id\":\"https:\\\/\\\/www.eimpsa.com\\\/web\\\/pagos-en-linea\\\/#breadcrumb\"},\"inLanguage\":\"es\",\"potentialAction\":[{\"@type\":\"ReadAction\",\"target\":[\"https:\\\/\\\/www.eimpsa.com\\\/web\\\/pagos-en-linea\\\/\"]}]},{\"@type\":\"ImageObject\",\"inLanguage\":\"es\",\"@id\":\"https:\\\/\\\/www.eimpsa.com\\\/web\\\/pagos-en-linea\\\/#primaryimage\",\"url\":\"https:\\\/\\\/www.eimpsa.com\\\/web\\\/wp-content\\\/uploads\\\/2018\\\/03\\\/logo_90.png\",\"contentUrl\":\"https:\\\/\\\/www.eimpsa.com\\\/web\\\/wp-content\\\/uploads\\\/2018\\\/03\\\/logo_90.png\",\"width\":90,\"height\":89,\"caption\":\"PSE EIMPSA\"},{\"@type\":\"BreadcrumbList\",\"@id\":\"https:\\\/\\\/www.eimpsa.com\\\/web\\\/pagos-en-linea\\\/#breadcrumb\",\"itemListElement\":[{\"@type\":\"ListItem\",\"position\":1,\"name\":\"Portada\",\"item\":\"https:\\\/\\\/www.eimpsa.com\\\/web\\\/\"},{\"@type\":\"ListItem\",\"position\":2,\"name\":\"Pagos en l\u00ednea\"}]},{\"@type\":\"WebSite\",\"@id\":\"https:\\\/\\\/www.eimpsa.com\\\/web\\\/#website\",\"url\":\"https:\\\/\\\/www.eimpsa.com\\\/web\\\/\",\"name\":\"EIMPSA Electricos Importados\",\"description\":\"Materiales El\u00e9ctricos\",\"publisher\":{\"@id\":\"https:\\\/\\\/www.eimpsa.com\\\/web\\\/#organization\"},\"alternateName\":\"eimpsa\",\"potentialAction\":[{\"@type\":\"SearchAction\",\"target\":{\"@type\":\"EntryPoint\",\"urlTemplate\":\"https:\\\/\\\/www.eimpsa.com\\\/web\\\/?s={search_term_string}\"},\"query-input\":{\"@type\":\"PropertyValueSpecification\",\"valueRequired\":true,\"valueName\":\"search_term_string\"}}],\"inLanguage\":\"es\"},{\"@type\":\"Organization\",\"@id\":\"https:\\\/\\\/www.eimpsa.com\\\/web\\\/#organization\",\"name\":\"EIMPSA El\u00e9ctricos Importados S.A.S\",\"url\":\"https:\\\/\\\/www.eimpsa.com\\\/web\\\/\",\"logo\":{\"@type\":\"ImageObject\",\"inLanguage\":\"es\",\"@id\":\"https:\\\/\\\/www.eimpsa.com\\\/web\\\/#\\\/schema\\\/logo\\\/image\\\/\",\"url\":\"https:\\\/\\\/www.eimpsa.com\\\/web\\\/wp-content\\\/uploads\\\/2023\\\/10\\\/EIMPSA-Versiones-RGB_Base.png\",\"contentUrl\":\"https:\\\/\\\/www.eimpsa.com\\\/web\\\/wp-content\\\/uploads\\\/2023\\\/10\\\/EIMPSA-Versiones-RGB_Base.png\",\"width\":1471,\"height\":473,\"caption\":\"EIMPSA El\u00e9ctricos Importados S.A.S\"},\"image\":{\"@id\":\"https:\\\/\\\/www.eimpsa.com\\\/web\\\/#\\\/schema\\\/logo\\\/image\\\/\"},\"sameAs\":[\"https:\\\/\\\/www.facebook.com\\\/eimpsa\\\/\",\"https:\\\/\\\/www.linkedin.com\\\/company\\\/el-ctricos-importados-s-a-\\\/\",\"https:\\\/\\\/www.youtube.com\\\/channel\\\/UCaCHlQ9m86kFaeAq_dMUOHg?view_as=subscriber\",\"https:\\\/\\\/www.instagram.com\\\/eimpsa_electricos_importados\\\/\"]}]}<\/script>\n<!-- \/ Yoast SEO plugin. -->","yoast_head_json":{"title":"Pagos PSE","description":"Pagos en l\u00ednea EIMPSA","robots":{"index":"index","follow":"follow","max-snippet":"max-snippet:-1","max-image-preview":"max-image-preview:large","max-video-preview":"max-video-preview:-1"},"canonical":"https:\/\/www.eimpsa.com\/web\/pagos-en-linea\/","og_locale":"es_ES","og_type":"article","og_title":"Pagos PSE","og_description":"Pagos en l\u00ednea EIMPSA","og_url":"https:\/\/www.eimpsa.com\/web\/pagos-en-linea\/","og_site_name":"Electricos Importados","article_publisher":"https:\/\/www.facebook.com\/eimpsa\/","article_modified_time":"2025-04-10T18:21:57+00:00","og_image":[{"url":"https:\/\/www.eimpsa.com\/web\/wp-content\/uploads\/2018\/03\/logo_90.png","type":"","width":"","height":""}],"twitter_card":"summary_large_image","twitter_misc":{"Tiempo de lectura":"1 minuto"},"schema":{"@context":"https:\/\/schema.org","@graph":[{"@type":"WebPage","@id":"https:\/\/www.eimpsa.com\/web\/pagos-en-linea\/","url":"https:\/\/www.eimpsa.com\/web\/pagos-en-linea\/","name":"Pagos PSE","isPartOf":{"@id":"https:\/\/www.eimpsa.com\/web\/#website"},"primaryImageOfPage":{"@id":"https:\/\/www.eimpsa.com\/web\/pagos-en-linea\/#primaryimage"},"image":{"@id":"https:\/\/www.eimpsa.com\/web\/pagos-en-linea\/#primaryimage"},"thumbnailUrl":"https:\/\/www.eimpsa.com\/web\/wp-content\/uploads\/2018\/03\/logo_90.png","datePublished":"2018-04-24T20:46:32+00:00","dateModified":"2025-04-10T18:21:57+00:00","description":"Pagos en l\u00ednea EIMPSA","breadcrumb":{"@id":"https:\/\/www.eimpsa.com\/web\/pagos-en-linea\/#breadcrumb"},"inLanguage":"es","potentialAction":[{"@type":"ReadAction","target":["https:\/\/www.eimpsa.com\/web\/pagos-en-linea\/"]}]},{"@type":"ImageObject","inLanguage":"es","@id":"https:\/\/www.eimpsa.com\/web\/pagos-en-linea\/#primaryimage","url":"https:\/\/www.eimpsa.com\/web\/wp-content\/uploads\/2018\/03\/logo_90.png","contentUrl":"https:\/\/www.eimpsa.com\/web\/wp-content\/uploads\/2018\/03\/logo_90.png","width":90,"height":89,"caption":"PSE EIMPSA"},{"@type":"BreadcrumbList","@id":"https:\/\/www.eimpsa.com\/web\/pagos-en-linea\/#breadcrumb","itemListElement":[{"@type":"ListItem","position":1,"name":"Portada","item":"https:\/\/www.eimpsa.com\/web\/"},{"@type":"ListItem","position":2,"name":"Pagos en l\u00ednea"}]},{"@type":"WebSite","@id":"https:\/\/www.eimpsa.com\/web\/#website","url":"https:\/\/www.eimpsa.com\/web\/","name":"EIMPSA Electricos Importados","description":"Materiales El\u00e9ctricos","publisher":{"@id":"https:\/\/www.eimpsa.com\/web\/#organization"},"alternateName":"eimpsa","potentialAction":[{"@type":"SearchAction","target":{"@type":"EntryPoint","urlTemplate":"https:\/\/www.eimpsa.com\/web\/?s={search_term_string}"},"query-input":{"@type":"PropertyValueSpecification","valueRequired":true,"valueName":"search_term_string"}}],"inLanguage":"es"},{"@type":"Organization","@id":"https:\/\/www.eimpsa.com\/web\/#organization","name":"EIMPSA El\u00e9ctricos Importados S.A.S","url":"https:\/\/www.eimpsa.com\/web\/","logo":{"@type":"ImageObject","inLanguage":"es","@id":"https:\/\/www.eimpsa.com\/web\/#\/schema\/logo\/image\/","url":"https:\/\/www.eimpsa.com\/web\/wp-content\/uploads\/2023\/10\/EIMPSA-Versiones-RGB_Base.png","contentUrl":"https:\/\/www.eimpsa.com\/web\/wp-content\/uploads\/2023\/10\/EIMPSA-Versiones-RGB_Base.png","width":1471,"height":473,"caption":"EIMPSA El\u00e9ctricos Importados S.A.S"},"image":{"@id":"https:\/\/www.eimpsa.com\/web\/#\/schema\/logo\/image\/"},"sameAs":["https:\/\/www.facebook.com\/eimpsa\/","https:\/\/www.linkedin.com\/company\/el-ctricos-importados-s-a-\/","https:\/\/www.youtube.com\/channel\/UCaCHlQ9m86kFaeAq_dMUOHg?view_as=subscriber","https:\/\/www.instagram.com\/eimpsa_electricos_importados\/"]}]}},"_links":{"self":[{"href":"https:\/\/www.eimpsa.com\/web\/wp-json\/wp\/v2\/pages\/841","targetHints":{"allow":["GET"]}}],"collection":[{"href":"https:\/\/www.eimpsa.com\/web\/wp-json\/wp\/v2\/pages"}],"about":[{"href":"https:\/\/www.eimpsa.com\/web\/wp-json\/wp\/v2\/types\/page"}],"author":[{"embeddable":true,"href":"https:\/\/www.eimpsa.com\/web\/wp-json\/wp\/v2\/users\/4"}],"replies":[{"embeddable":true,"href":"https:\/\/www.eimpsa.com\/web\/wp-json\/wp\/v2\/comments?post=841"}],"version-history":[{"count":22,"href":"https:\/\/www.eimpsa.com\/web\/wp-json\/wp\/v2\/pages\/841\/revisions"}],"predecessor-version":[{"id":22356,"href":"https:\/\/www.eimpsa.com\/web\/wp-json\/wp\/v2\/pages\/841\/revisions\/22356"}],"wp:attachment":[{"href":"https:\/\/www.eimpsa.com\/web\/wp-json\/wp\/v2\/media?parent=841"}],"curies":[{"name":"wp","href":"https:\/\/api.w.org\/{rel}","templated":true}]}}