{"id":525,"date":"2018-01-05T20:11:18","date_gmt":"2018-01-05T20:11:18","guid":{"rendered":"http:\/\/electricosimportados.interactivos123.com\/?page_id=525"},"modified":"2019-10-07T14:32:17","modified_gmt":"2019-10-07T19:32:17","slug":"proyectos-representativos","status":"publish","type":"page","link":"https:\/\/www.eimpsa.com\/web\/proyectos-representativos\/","title":{"rendered":"Proyectos representativos"},"content":{"rendered":"\t\t<div data-elementor-type=\"wp-post\" data-elementor-id=\"525\" class=\"elementor elementor-525 elementor-bc-flex-widget\" data-elementor-settings=\"[]\">\n\t\t\t\t\t\t<div class=\"elementor-inner\">\n\t\t\t\t\t\t\t<div class=\"elementor-section-wrap\">\n\t\t\t\t\t\t\t<section class=\"elementor-section elementor-top-section elementor-element elementor-element-23irtbs fondo-azul-bg elementor-section-boxed elementor-section-height-default elementor-section-height-default elementor-invisible\" data-id=\"23irtbs\" data-element_type=\"section\" data-settings=\"{&quot;shape_divider_top&quot;:&quot;curve&quot;,&quot;animation&quot;:&quot;fadeInDown&quot;}\">\n\t\t\t\t\t<div class=\"elementor-shape elementor-shape-top\" data-negative=\"false\">\n\t\t\t<svg xmlns=\"http:\/\/www.w3.org\/2000\/svg\" viewBox=\"0 0 1000 100\" preserveAspectRatio=\"none\">\n    <path class=\"elementor-shape-fill\" d=\"M1000,4.3V0H0v4.3C0.9,23.1,126.7,99.2,500,100S1000,22.7,1000,4.3z\"\/>\n<\/svg>\t\t<\/div>\n\t\t\t\t\t<div class=\"elementor-container elementor-column-gap-default\">\n\t\t\t\t\t\t\t<div class=\"elementor-row\">\n\t\t\t\t\t<div class=\"elementor-column elementor-col-100 elementor-top-column elementor-element elementor-element-6qlahoa\" data-id=\"6qlahoa\" data-element_type=\"column\">\n\t\t\t<div class=\"elementor-column-wrap elementor-element-populated\">\n\t\t\t\t\t\t\t<div class=\"elementor-widget-wrap\">\n\t\t\t\t\t\t<div class=\"elementor-element elementor-element-14we2cf elementor-widget elementor-widget-heading\" data-id=\"14we2cf\" data-element_type=\"widget\" data-widget_type=\"heading.default\">\n\t\t\t\t<div class=\"elementor-widget-container\">\n\t\t\t<h2 class=\"elementor-heading-title elementor-size-default\">Proyectos<\/h2>\t\t<\/div>\n\t\t\t\t<\/div>\n\t\t\t\t<div class=\"elementor-element elementor-element-2374e0a elementor-widget elementor-widget-heading\" data-id=\"2374e0a\" data-element_type=\"widget\" data-widget_type=\"heading.default\">\n\t\t\t\t<div class=\"elementor-widget-container\">\n\t\t\t<h2 class=\"elementor-heading-title elementor-size-default\">Representativos<\/h2>\t\t<\/div>\n\t\t\t\t<\/div>\n\t\t\t\t\t\t<\/div>\n\t\t\t\t\t<\/div>\n\t\t<\/div>\n\t\t\t\t\t\t\t\t<\/div>\n\t\t\t\t\t<\/div>\n\t\t<\/section>\n\t\t\t\t<section class=\"elementor-section elementor-top-section elementor-element elementor-element-399acb2d elementor-section-boxed elementor-section-height-default elementor-section-height-default\" data-id=\"399acb2d\" data-element_type=\"section\">\n\t\t\t\t\t\t<div class=\"elementor-container elementor-column-gap-default\">\n\t\t\t\t\t\t\t<div class=\"elementor-row\">\n\t\t\t\t\t<div class=\"elementor-column elementor-col-100 elementor-top-column elementor-element elementor-element-1a9368b5\" data-id=\"1a9368b5\" data-element_type=\"column\">\n\t\t\t<div class=\"elementor-column-wrap elementor-element-populated\">\n\t\t\t\t\t\t\t<div class=\"elementor-widget-wrap\">\n\t\t\t\t\t\t<div class=\"elementor-element elementor-element-120b10f0 elementor-widget elementor-widget-text-editor\" data-id=\"120b10f0\" data-element_type=\"widget\" data-widget_type=\"text-editor.default\">\n\t\t\t\t<div class=\"elementor-widget-container\">\n\t\t\t\t\t<div class=\"elementor-text-editor elementor-clearfix\"><p><iframe loading=\"lazy\" src=\"https:\/\/cdn.flipsnack.com\/widget\/v2\/widget.html?hash=fhja6j9h6\" width=\"100%\" height=\"480\" frameborder=\"0\" scrolling=\"no\" seamless=\"seamless\" allowfullscreen=\"allowfullscreen\"><\/iframe><\/p><\/div>\n\t\t\t\t<\/div>\n\t\t\t\t<\/div>\n\t\t\t\t<div class=\"elementor-element elementor-element-05293cf elementor-widget elementor-widget-text-editor\" data-id=\"05293cf\" data-element_type=\"widget\" data-widget_type=\"text-editor.default\">\n\t\t\t\t<div class=\"elementor-widget-container\">\n\t\t\t\t\t<div class=\"elementor-text-editor elementor-clearfix\"><h1 style=\"text-align: center;\"><span style=\"color: #0264a2;\"><a href=\"\/web\/area-tecnica\/\"><img loading=\"lazy\" decoding=\"async\" class=\"size-full wp-image-52 aligncenter\" src=\"\/web\/wp-content\/uploads\/2017\/10\/\u00c1rea-t\u00e9cnica.png\" alt=\"\" width=\"82\" height=\"81\" \/>\u00c1rea t\u00e9cnica<\/a>\u00a0<\/span><\/h1><\/div>\n\t\t\t\t<\/div>\n\t\t\t\t<\/div>\n\t\t\t\t\t\t<\/div>\n\t\t\t\t\t<\/div>\n\t\t<\/div>\n\t\t\t\t\t\t\t\t<\/div>\n\t\t\t\t\t<\/div>\n\t\t<\/section>\n\t\t\t\t\t\t<\/div>\n\t\t\t\t\t\t<\/div>\n\t\t\t\t\t<\/div>\n\t\t<p>Visits: 660<\/p>","protected":false},"excerpt":{"rendered":"<p>Proyectos Representativos \u00c1rea t\u00e9cnica\u00a0 Visits: 660<\/p>\n","protected":false},"author":1,"featured_media":0,"parent":0,"menu_order":0,"comment_status":"closed","ping_status":"closed","template":"full-width.php","meta":{"footnotes":""},"class_list":["post-525","page","type-page","status-publish","hentry"],"yoast_head":"<!-- This site is optimized with the Yoast SEO plugin v27.4 - https:\/\/yoast.com\/product\/yoast-seo-wordpress\/ -->\n<title>Portaf\u00f3lio Divisi\u00f3n T\u00e9cnica<\/title>\n<meta name=\"description\" content=\"Portaf\u00f3lio de proyectoe de la divisi\u00f3n t\u00e9cnica EIMPSA\" \/>\n<meta name=\"robots\" content=\"index, follow, max-snippet:-1, max-image-preview:large, max-video-preview:-1\" \/>\n<link rel=\"canonical\" href=\"https:\/\/www.eimpsa.com\/web\/proyectos-representativos\/\" \/>\n<meta property=\"og:locale\" content=\"es_ES\" \/>\n<meta property=\"og:type\" content=\"article\" \/>\n<meta property=\"og:title\" content=\"Portaf\u00f3lio Divisi\u00f3n T\u00e9cnica\" \/>\n<meta property=\"og:description\" content=\"Portaf\u00f3lio de proyectoe de la divisi\u00f3n t\u00e9cnica EIMPSA\" \/>\n<meta property=\"og:url\" content=\"https:\/\/www.eimpsa.com\/web\/proyectos-representativos\/\" \/>\n<meta property=\"og:site_name\" content=\"Electricos Importados\" \/>\n<meta property=\"article:publisher\" content=\"https:\/\/www.facebook.com\/eimpsa\/\" \/>\n<meta property=\"article:modified_time\" content=\"2019-10-07T19:32:17+00:00\" \/>\n<meta name=\"twitter:card\" content=\"summary_large_image\" \/>\n<script type=\"application\/ld+json\" class=\"yoast-schema-graph\">{\"@context\":\"https:\\\/\\\/schema.org\",\"@graph\":[{\"@type\":\"WebPage\",\"@id\":\"https:\\\/\\\/www.eimpsa.com\\\/web\\\/proyectos-representativos\\\/\",\"url\":\"https:\\\/\\\/www.eimpsa.com\\\/web\\\/proyectos-representativos\\\/\",\"name\":\"Portaf\u00f3lio Divisi\u00f3n T\u00e9cnica\",\"isPartOf\":{\"@id\":\"https:\\\/\\\/www.eimpsa.com\\\/web\\\/#website\"},\"datePublished\":\"2018-01-05T20:11:18+00:00\",\"dateModified\":\"2019-10-07T19:32:17+00:00\",\"description\":\"Portaf\u00f3lio de proyectoe de la divisi\u00f3n t\u00e9cnica EIMPSA\",\"breadcrumb\":{\"@id\":\"https:\\\/\\\/www.eimpsa.com\\\/web\\\/proyectos-representativos\\\/#breadcrumb\"},\"inLanguage\":\"es\",\"potentialAction\":[{\"@type\":\"ReadAction\",\"target\":[\"https:\\\/\\\/www.eimpsa.com\\\/web\\\/proyectos-representativos\\\/\"]}]},{\"@type\":\"BreadcrumbList\",\"@id\":\"https:\\\/\\\/www.eimpsa.com\\\/web\\\/proyectos-representativos\\\/#breadcrumb\",\"itemListElement\":[{\"@type\":\"ListItem\",\"position\":1,\"name\":\"Portada\",\"item\":\"https:\\\/\\\/www.eimpsa.com\\\/web\\\/\"},{\"@type\":\"ListItem\",\"position\":2,\"name\":\"Proyectos representativos\"}]},{\"@type\":\"WebSite\",\"@id\":\"https:\\\/\\\/www.eimpsa.com\\\/web\\\/#website\",\"url\":\"https:\\\/\\\/www.eimpsa.com\\\/web\\\/\",\"name\":\"EIMPSA Electricos Importados\",\"description\":\"Materiales El\u00e9ctricos\",\"publisher\":{\"@id\":\"https:\\\/\\\/www.eimpsa.com\\\/web\\\/#organization\"},\"alternateName\":\"eimpsa\",\"potentialAction\":[{\"@type\":\"SearchAction\",\"target\":{\"@type\":\"EntryPoint\",\"urlTemplate\":\"https:\\\/\\\/www.eimpsa.com\\\/web\\\/?s={search_term_string}\"},\"query-input\":{\"@type\":\"PropertyValueSpecification\",\"valueRequired\":true,\"valueName\":\"search_term_string\"}}],\"inLanguage\":\"es\"},{\"@type\":\"Organization\",\"@id\":\"https:\\\/\\\/www.eimpsa.com\\\/web\\\/#organization\",\"name\":\"EIMPSA El\u00e9ctricos Importados S.A.S\",\"url\":\"https:\\\/\\\/www.eimpsa.com\\\/web\\\/\",\"logo\":{\"@type\":\"ImageObject\",\"inLanguage\":\"es\",\"@id\":\"https:\\\/\\\/www.eimpsa.com\\\/web\\\/#\\\/schema\\\/logo\\\/image\\\/\",\"url\":\"https:\\\/\\\/www.eimpsa.com\\\/web\\\/wp-content\\\/uploads\\\/2023\\\/10\\\/EIMPSA-Versiones-RGB_Base.png\",\"contentUrl\":\"https:\\\/\\\/www.eimpsa.com\\\/web\\\/wp-content\\\/uploads\\\/2023\\\/10\\\/EIMPSA-Versiones-RGB_Base.png\",\"width\":1471,\"height\":473,\"caption\":\"EIMPSA El\u00e9ctricos Importados S.A.S\"},\"image\":{\"@id\":\"https:\\\/\\\/www.eimpsa.com\\\/web\\\/#\\\/schema\\\/logo\\\/image\\\/\"},\"sameAs\":[\"https:\\\/\\\/www.facebook.com\\\/eimpsa\\\/\",\"https:\\\/\\\/www.linkedin.com\\\/company\\\/el-ctricos-importados-s-a-\\\/\",\"https:\\\/\\\/www.youtube.com\\\/channel\\\/UCaCHlQ9m86kFaeAq_dMUOHg?view_as=subscriber\",\"https:\\\/\\\/www.instagram.com\\\/eimpsa_electricos_importados\\\/\"]}]}<\/script>\n<!-- \/ Yoast SEO plugin. -->","yoast_head_json":{"title":"Portaf\u00f3lio Divisi\u00f3n T\u00e9cnica","description":"Portaf\u00f3lio de proyectoe de la divisi\u00f3n t\u00e9cnica EIMPSA","robots":{"index":"index","follow":"follow","max-snippet":"max-snippet:-1","max-image-preview":"max-image-preview:large","max-video-preview":"max-video-preview:-1"},"canonical":"https:\/\/www.eimpsa.com\/web\/proyectos-representativos\/","og_locale":"es_ES","og_type":"article","og_title":"Portaf\u00f3lio Divisi\u00f3n T\u00e9cnica","og_description":"Portaf\u00f3lio de proyectoe de la divisi\u00f3n t\u00e9cnica EIMPSA","og_url":"https:\/\/www.eimpsa.com\/web\/proyectos-representativos\/","og_site_name":"Electricos Importados","article_publisher":"https:\/\/www.facebook.com\/eimpsa\/","article_modified_time":"2019-10-07T19:32:17+00:00","twitter_card":"summary_large_image","schema":{"@context":"https:\/\/schema.org","@graph":[{"@type":"WebPage","@id":"https:\/\/www.eimpsa.com\/web\/proyectos-representativos\/","url":"https:\/\/www.eimpsa.com\/web\/proyectos-representativos\/","name":"Portaf\u00f3lio Divisi\u00f3n T\u00e9cnica","isPartOf":{"@id":"https:\/\/www.eimpsa.com\/web\/#website"},"datePublished":"2018-01-05T20:11:18+00:00","dateModified":"2019-10-07T19:32:17+00:00","description":"Portaf\u00f3lio de proyectoe de la divisi\u00f3n t\u00e9cnica EIMPSA","breadcrumb":{"@id":"https:\/\/www.eimpsa.com\/web\/proyectos-representativos\/#breadcrumb"},"inLanguage":"es","potentialAction":[{"@type":"ReadAction","target":["https:\/\/www.eimpsa.com\/web\/proyectos-representativos\/"]}]},{"@type":"BreadcrumbList","@id":"https:\/\/www.eimpsa.com\/web\/proyectos-representativos\/#breadcrumb","itemListElement":[{"@type":"ListItem","position":1,"name":"Portada","item":"https:\/\/www.eimpsa.com\/web\/"},{"@type":"ListItem","position":2,"name":"Proyectos representativos"}]},{"@type":"WebSite","@id":"https:\/\/www.eimpsa.com\/web\/#website","url":"https:\/\/www.eimpsa.com\/web\/","name":"EIMPSA Electricos Importados","description":"Materiales El\u00e9ctricos","publisher":{"@id":"https:\/\/www.eimpsa.com\/web\/#organization"},"alternateName":"eimpsa","potentialAction":[{"@type":"SearchAction","target":{"@type":"EntryPoint","urlTemplate":"https:\/\/www.eimpsa.com\/web\/?s={search_term_string}"},"query-input":{"@type":"PropertyValueSpecification","valueRequired":true,"valueName":"search_term_string"}}],"inLanguage":"es"},{"@type":"Organization","@id":"https:\/\/www.eimpsa.com\/web\/#organization","name":"EIMPSA El\u00e9ctricos Importados S.A.S","url":"https:\/\/www.eimpsa.com\/web\/","logo":{"@type":"ImageObject","inLanguage":"es","@id":"https:\/\/www.eimpsa.com\/web\/#\/schema\/logo\/image\/","url":"https:\/\/www.eimpsa.com\/web\/wp-content\/uploads\/2023\/10\/EIMPSA-Versiones-RGB_Base.png","contentUrl":"https:\/\/www.eimpsa.com\/web\/wp-content\/uploads\/2023\/10\/EIMPSA-Versiones-RGB_Base.png","width":1471,"height":473,"caption":"EIMPSA El\u00e9ctricos Importados S.A.S"},"image":{"@id":"https:\/\/www.eimpsa.com\/web\/#\/schema\/logo\/image\/"},"sameAs":["https:\/\/www.facebook.com\/eimpsa\/","https:\/\/www.linkedin.com\/company\/el-ctricos-importados-s-a-\/","https:\/\/www.youtube.com\/channel\/UCaCHlQ9m86kFaeAq_dMUOHg?view_as=subscriber","https:\/\/www.instagram.com\/eimpsa_electricos_importados\/"]}]}},"_links":{"self":[{"href":"https:\/\/www.eimpsa.com\/web\/wp-json\/wp\/v2\/pages\/525","targetHints":{"allow":["GET"]}}],"collection":[{"href":"https:\/\/www.eimpsa.com\/web\/wp-json\/wp\/v2\/pages"}],"about":[{"href":"https:\/\/www.eimpsa.com\/web\/wp-json\/wp\/v2\/types\/page"}],"author":[{"embeddable":true,"href":"https:\/\/www.eimpsa.com\/web\/wp-json\/wp\/v2\/users\/1"}],"replies":[{"embeddable":true,"href":"https:\/\/www.eimpsa.com\/web\/wp-json\/wp\/v2\/comments?post=525"}],"version-history":[{"count":13,"href":"https:\/\/www.eimpsa.com\/web\/wp-json\/wp\/v2\/pages\/525\/revisions"}],"predecessor-version":[{"id":3982,"href":"https:\/\/www.eimpsa.com\/web\/wp-json\/wp\/v2\/pages\/525\/revisions\/3982"}],"wp:attachment":[{"href":"https:\/\/www.eimpsa.com\/web\/wp-json\/wp\/v2\/media?parent=525"}],"curies":[{"name":"wp","href":"https:\/\/api.w.org\/{rel}","templated":true}]}}