{"id":318,"date":"2017-11-24T19:17:27","date_gmt":"2017-11-24T19:17:27","guid":{"rendered":"http:\/\/electricosimportados.interactivos123.com\/?page_id=318"},"modified":"2018-11-09T10:59:52","modified_gmt":"2018-11-09T15:59:52","slug":"tuberias-electricidad-y-accesorios","status":"publish","type":"page","link":"https:\/\/www.eimpsa.com\/web\/tuberias-electricidad-y-accesorios\/","title":{"rendered":"Tuber\u00edas y Accesorios"},"content":{"rendered":"\t\t<div data-elementor-type=\"wp-post\" data-elementor-id=\"318\" class=\"elementor elementor-318 elementor-bc-flex-widget\" data-elementor-settings=\"[]\">\n\t\t\t\t\t\t<div class=\"elementor-inner\">\n\t\t\t\t\t\t\t<div class=\"elementor-section-wrap\">\n\t\t\t\t\t\t\t<section class=\"elementor-section elementor-top-section elementor-element elementor-element-542ab568 elementor-section-content-middle fondo-azul-bg elementor-section-boxed elementor-section-height-default elementor-section-height-default\" data-id=\"542ab568\" data-element_type=\"section\" data-settings=\"{&quot;shape_divider_top&quot;:&quot;curve&quot;}\">\n\t\t\t\t\t<div class=\"elementor-shape elementor-shape-top\" data-negative=\"false\">\n\t\t\t<svg xmlns=\"http:\/\/www.w3.org\/2000\/svg\" viewBox=\"0 0 1000 100\" preserveAspectRatio=\"none\">\n    <path class=\"elementor-shape-fill\" d=\"M1000,4.3V0H0v4.3C0.9,23.1,126.7,99.2,500,100S1000,22.7,1000,4.3z\"\/>\n<\/svg>\t\t<\/div>\n\t\t\t\t\t<div class=\"elementor-container elementor-column-gap-default\">\n\t\t\t\t\t\t\t<div class=\"elementor-row\">\n\t\t\t\t\t<div class=\"elementor-column elementor-col-100 elementor-top-column elementor-element elementor-element-4a9434db\" data-id=\"4a9434db\" data-element_type=\"column\">\n\t\t\t<div class=\"elementor-column-wrap elementor-element-populated\">\n\t\t\t\t\t\t\t<div class=\"elementor-widget-wrap\">\n\t\t\t\t\t\t<div class=\"elementor-element elementor-element-664b24b5 elementor-widget elementor-widget-heading\" data-id=\"664b24b5\" data-element_type=\"widget\" data-widget_type=\"heading.default\">\n\t\t\t\t<div class=\"elementor-widget-container\">\n\t\t\t<h2 class=\"elementor-heading-title elementor-size-default\">Tuber\u00edas y accesorios<\/h2>\t\t<\/div>\n\t\t\t\t<\/div>\n\t\t\t\t\t\t<\/div>\n\t\t\t\t\t<\/div>\n\t\t<\/div>\n\t\t\t\t\t\t\t\t<\/div>\n\t\t\t\t\t<\/div>\n\t\t<\/section>\n\t\t\t\t<section class=\"elementor-section elementor-top-section elementor-element elementor-element-223f5682 elementor-section-boxed elementor-section-height-default elementor-section-height-default\" data-id=\"223f5682\" data-element_type=\"section\">\n\t\t\t\t\t\t<div class=\"elementor-container elementor-column-gap-default\">\n\t\t\t\t\t\t\t<div class=\"elementor-row\">\n\t\t\t\t\t<div class=\"elementor-column elementor-col-100 elementor-top-column elementor-element elementor-element-dc70ba9\" data-id=\"dc70ba9\" data-element_type=\"column\">\n\t\t\t<div class=\"elementor-column-wrap elementor-element-populated\">\n\t\t\t\t\t\t\t<div class=\"elementor-widget-wrap\">\n\t\t\t\t\t\t<div class=\"elementor-element elementor-element-3befe89a elementor-widget elementor-widget-shortcode\" data-id=\"3befe89a\" data-element_type=\"widget\" data-widget_type=\"shortcode.default\">\n\t\t\t\t<div class=\"elementor-widget-container\">\n\t\t\t\t\t<div class=\"elementor-shortcode\"><ul class=\"wooc_cat_marcas\"><li><a href=\"https:\/\/www.eimpsa.com\/web\/cat\/tuberias-y-accesorios\/cl-ingenieria-comercial\/\"><img decoding=\"async\" src=\"https:\/\/www.eimpsa.com\/web\/wp-content\/uploads\/2017\/10\/CL-Ingenieria-Comercial-SAS-identificador_Vector-e1513002926777.png\" style=\"max-width:250px;\"\/><\/a><div class=\"descripcion-cm\"><div class=\"box-categoria\">\r\n<div>\r\n<img decoding=\"async\" src=\"\/web\/wp-content\/uploads\/2017\/12\/CL-Ingeniaria.jpg\" \/>\r\n<\/div>\r\n<div>\r\n<ul class=\"lista-categoria\">\r\n<li>Accesorios<\/li>\r\n<li>Bandejas portacables<\/li>\r\n<\/ul><\/div><\/div><\/div><\/li><li><a href=\"https:\/\/www.eimpsa.com\/web\/cat\/tuberias-y-accesorios\/colmena\/\"><img decoding=\"async\" src=\"https:\/\/www.eimpsa.com\/web\/wp-content\/uploads\/2017\/10\/Colmena-Conduit-Ltda.png\" style=\"max-width:250px;\"\/><\/a><div class=\"descripcion-cm\">Tuber\u00edas, perfiles y productos afines para la industria y la construcci\u00f3n con la calidad, y el servicio que satisfagan las expectativas de los clientes.\r\n\r\n\r\n<div class=\"box-categoria\">\r\n<div>\r\n<img decoding=\"async\" src=\"\/web\/wp-content\/uploads\/2017\/12\/colena.jpg\" \/>\r\n<\/div>\r\n<div>\r\n<ul class=\"lista-categoria\">\r\n<li>Tuber\u00eda EMT<\/li>\r\n<li>Tuber\u00eda IMC<\/li>\r\n<li>Tuber\u00eda Rigid<\/li>\r\n<\/ul><\/div><\/div><\/div><\/li><li><a href=\"https:\/\/www.eimpsa.com\/web\/cat\/tuberias-y-accesorios\/crouse-hinds-tuberias-y-accesorios\/\"><img decoding=\"async\" src=\"https:\/\/www.eimpsa.com\/web\/wp-content\/uploads\/2018\/05\/LOGO-EATON-Crouse-Hinds-series-vertical-1-e1532471085751.jpg\" style=\"max-width:250px;\"\/><\/a><div class=\"descripcion-cm\">Eaton Crouse-Hinds Series es el l\u00edder mundial de productos el\u00e9ctricos y de instrumentaci\u00f3n para ambientes rudos y peligrosos. Las soluciones se orientan a \u00e1reas clasificadas con riesgo de explosi\u00f3n, zonas con presencia de humedad y polvo (Nema 4x) y \u00e1reas con presencia de agentes corrosivos. El portafolio incluye accesorios de conexi\u00f3n, iluminaci\u00f3n LED, tomas y clavijas, tableros de distribuci\u00f3n, aparatos de control, sistemas de se\u00f1alizaci\u00f3n y alarma, entre otros.\r\nAccesorios de conexi\u00f3n Iluminaci\u00f3n industrial. LED. Materiales el\u00e9ctricos a prueba de explosi\u00f3n. Sistemas de Canalizaci\u00f3n. Soluciones para ambientes corrosivos.<\/div><\/li><li><a href=\"https:\/\/www.eimpsa.com\/web\/cat\/tuberias-y-accesorios\/facomallas\/\"><img decoding=\"async\" src=\"https:\/\/www.eimpsa.com\/web\/wp-content\/uploads\/2017\/10\/Facomallas-SA-identificador_Vector.png\" style=\"max-width:250px;\"\/><\/a><div class=\"descripcion-cm\">Bandejas portacable fabricaci\u00f3n bajo norma NEMA en l\u00e1mina galvanizada Tipos: liviana, semipesada y pesada, accesorios sistema estructurado.\r\n\r\n<div class=\"box-categoria\">\r\n<div>\r\n<img decoding=\"async\" src=\"\/web\/wp-content\/uploads\/2017\/12\/facomallas.jpg\" \/>\r\n<\/div>\r\n<div>\r\n<ul class=\"lista-categoria\">\r\n<li>Accesorios<\/li>\r\n<li>Bandejas portacables<\/li>\r\n<\/ul><\/div><\/div>\r\n\r\n<\/div><\/li><li><a href=\"https:\/\/www.eimpsa.com\/web\/cat\/tuberias-y-accesorios\/mecano\/\"><img decoding=\"async\" src=\"https:\/\/www.eimpsa.com\/web\/wp-content\/uploads\/2017\/10\/Mecano.png\" style=\"max-width:250px;\"\/><\/a><div class=\"descripcion-cm\"><div class=\"box-categoria\">\r\n<div>\r\n<img decoding=\"async\" src=\"\/web\/wp-content\/uploads\/2017\/12\/mecano.jpg\" \/>\r\n<\/div>\r\n<div>\r\n<ul class=\"lista-categoria\">\r\n<li>Bandejas galvanizadas<\/li>\r\n<li>Sistemas portacables<\/li>\r\n<\/ul><\/div><\/div><\/div><\/li><\/ul><\/div>\n\t\t\t\t<\/div>\n\t\t\t\t<\/div>\n\t\t\t\t\t\t<\/div>\n\t\t\t\t\t<\/div>\n\t\t<\/div>\n\t\t\t\t\t\t\t\t<\/div>\n\t\t\t\t\t<\/div>\n\t\t<\/section>\n\t\t\t\t\t\t<\/div>\n\t\t\t\t\t\t<\/div>\n\t\t\t\t\t<\/div>\n\t\t<p>Visits: 211<\/p>","protected":false},"excerpt":{"rendered":"<p>&nbsp; Tuber\u00edas y accesorios Visits: 211<\/p>\n","protected":false},"author":1,"featured_media":0,"parent":0,"menu_order":0,"comment_status":"closed","ping_status":"closed","template":"full-width.php","meta":{"footnotes":""},"class_list":["post-318","page","type-page","status-publish","hentry"],"yoast_head":"<!-- This site is optimized with the Yoast SEO plugin v27.4 - https:\/\/yoast.com\/product\/yoast-seo-wordpress\/ -->\n<title>Tuber\u00eda el\u00e9ctrica EMT IMC RIGID Bandeja portacables Colmena conduit Mecano<\/title>\n<meta name=\"description\" content=\"Tuber\u00edas y Accesorios EIMPSA Tuber\u00edas, perfiles y productos afines para la industria y la construcci\u00f3n con la calidad, y el servicio que satisfagan las expectativas de los clientes Tuber\u00eda EMT Tuber\u00eda IMC Tuber\u00eda Rigid\" \/>\n<meta name=\"robots\" content=\"index, follow, max-snippet:-1, max-image-preview:large, max-video-preview:-1\" \/>\n<link rel=\"canonical\" href=\"https:\/\/www.eimpsa.com\/web\/tuberias-electricidad-y-accesorios\/\" \/>\n<meta property=\"og:locale\" content=\"es_ES\" \/>\n<meta property=\"og:type\" content=\"article\" \/>\n<meta property=\"og:title\" content=\"Tuber\u00eda el\u00e9ctrica EMT IMC RIGID Bandeja portacables Colmena conduit Mecano\" \/>\n<meta property=\"og:description\" content=\"Tuber\u00edas y Accesorios EIMPSA Tuber\u00edas, perfiles y productos afines para la industria y la construcci\u00f3n con la calidad, y el servicio que satisfagan las expectativas de los clientes Tuber\u00eda EMT Tuber\u00eda IMC Tuber\u00eda Rigid\" \/>\n<meta property=\"og:url\" content=\"https:\/\/www.eimpsa.com\/web\/tuberias-electricidad-y-accesorios\/\" \/>\n<meta property=\"og:site_name\" content=\"Electricos Importados\" \/>\n<meta property=\"article:publisher\" content=\"https:\/\/www.facebook.com\/eimpsa\/\" \/>\n<meta property=\"article:modified_time\" content=\"2018-11-09T15:59:52+00:00\" \/>\n<meta name=\"twitter:card\" content=\"summary_large_image\" \/>\n<script type=\"application\/ld+json\" class=\"yoast-schema-graph\">{\"@context\":\"https:\\\/\\\/schema.org\",\"@graph\":[{\"@type\":\"WebPage\",\"@id\":\"https:\\\/\\\/www.eimpsa.com\\\/web\\\/tuberias-electricidad-y-accesorios\\\/\",\"url\":\"https:\\\/\\\/www.eimpsa.com\\\/web\\\/tuberias-electricidad-y-accesorios\\\/\",\"name\":\"Tuber\u00eda el\u00e9ctrica EMT IMC RIGID Bandeja portacables Colmena conduit Mecano\",\"isPartOf\":{\"@id\":\"https:\\\/\\\/www.eimpsa.com\\\/web\\\/#website\"},\"datePublished\":\"2017-11-24T19:17:27+00:00\",\"dateModified\":\"2018-11-09T15:59:52+00:00\",\"description\":\"Tuber\u00edas y Accesorios EIMPSA Tuber\u00edas, perfiles y productos afines para la industria y la construcci\u00f3n con la calidad, y el servicio que satisfagan las expectativas de los clientes Tuber\u00eda EMT Tuber\u00eda IMC Tuber\u00eda Rigid\",\"breadcrumb\":{\"@id\":\"https:\\\/\\\/www.eimpsa.com\\\/web\\\/tuberias-electricidad-y-accesorios\\\/#breadcrumb\"},\"inLanguage\":\"es\",\"potentialAction\":[{\"@type\":\"ReadAction\",\"target\":[\"https:\\\/\\\/www.eimpsa.com\\\/web\\\/tuberias-electricidad-y-accesorios\\\/\"]}]},{\"@type\":\"BreadcrumbList\",\"@id\":\"https:\\\/\\\/www.eimpsa.com\\\/web\\\/tuberias-electricidad-y-accesorios\\\/#breadcrumb\",\"itemListElement\":[{\"@type\":\"ListItem\",\"position\":1,\"name\":\"Portada\",\"item\":\"https:\\\/\\\/www.eimpsa.com\\\/web\\\/\"},{\"@type\":\"ListItem\",\"position\":2,\"name\":\"Tuber\u00edas y Accesorios\"}]},{\"@type\":\"WebSite\",\"@id\":\"https:\\\/\\\/www.eimpsa.com\\\/web\\\/#website\",\"url\":\"https:\\\/\\\/www.eimpsa.com\\\/web\\\/\",\"name\":\"EIMPSA Electricos Importados\",\"description\":\"Materiales El\u00e9ctricos\",\"publisher\":{\"@id\":\"https:\\\/\\\/www.eimpsa.com\\\/web\\\/#organization\"},\"alternateName\":\"eimpsa\",\"potentialAction\":[{\"@type\":\"SearchAction\",\"target\":{\"@type\":\"EntryPoint\",\"urlTemplate\":\"https:\\\/\\\/www.eimpsa.com\\\/web\\\/?s={search_term_string}\"},\"query-input\":{\"@type\":\"PropertyValueSpecification\",\"valueRequired\":true,\"valueName\":\"search_term_string\"}}],\"inLanguage\":\"es\"},{\"@type\":\"Organization\",\"@id\":\"https:\\\/\\\/www.eimpsa.com\\\/web\\\/#organization\",\"name\":\"EIMPSA El\u00e9ctricos Importados S.A.S\",\"url\":\"https:\\\/\\\/www.eimpsa.com\\\/web\\\/\",\"logo\":{\"@type\":\"ImageObject\",\"inLanguage\":\"es\",\"@id\":\"https:\\\/\\\/www.eimpsa.com\\\/web\\\/#\\\/schema\\\/logo\\\/image\\\/\",\"url\":\"https:\\\/\\\/www.eimpsa.com\\\/web\\\/wp-content\\\/uploads\\\/2023\\\/10\\\/EIMPSA-Versiones-RGB_Base.png\",\"contentUrl\":\"https:\\\/\\\/www.eimpsa.com\\\/web\\\/wp-content\\\/uploads\\\/2023\\\/10\\\/EIMPSA-Versiones-RGB_Base.png\",\"width\":1471,\"height\":473,\"caption\":\"EIMPSA El\u00e9ctricos Importados S.A.S\"},\"image\":{\"@id\":\"https:\\\/\\\/www.eimpsa.com\\\/web\\\/#\\\/schema\\\/logo\\\/image\\\/\"},\"sameAs\":[\"https:\\\/\\\/www.facebook.com\\\/eimpsa\\\/\",\"https:\\\/\\\/www.linkedin.com\\\/company\\\/el-ctricos-importados-s-a-\\\/\",\"https:\\\/\\\/www.youtube.com\\\/channel\\\/UCaCHlQ9m86kFaeAq_dMUOHg?view_as=subscriber\",\"https:\\\/\\\/www.instagram.com\\\/eimpsa_electricos_importados\\\/\"]}]}<\/script>\n<!-- \/ Yoast SEO plugin. -->","yoast_head_json":{"title":"Tuber\u00eda el\u00e9ctrica EMT IMC RIGID Bandeja portacables Colmena conduit Mecano","description":"Tuber\u00edas y Accesorios EIMPSA Tuber\u00edas, perfiles y productos afines para la industria y la construcci\u00f3n con la calidad, y el servicio que satisfagan las expectativas de los clientes Tuber\u00eda EMT Tuber\u00eda IMC Tuber\u00eda Rigid","robots":{"index":"index","follow":"follow","max-snippet":"max-snippet:-1","max-image-preview":"max-image-preview:large","max-video-preview":"max-video-preview:-1"},"canonical":"https:\/\/www.eimpsa.com\/web\/tuberias-electricidad-y-accesorios\/","og_locale":"es_ES","og_type":"article","og_title":"Tuber\u00eda el\u00e9ctrica EMT IMC RIGID Bandeja portacables Colmena conduit Mecano","og_description":"Tuber\u00edas y Accesorios EIMPSA Tuber\u00edas, perfiles y productos afines para la industria y la construcci\u00f3n con la calidad, y el servicio que satisfagan las expectativas de los clientes Tuber\u00eda EMT Tuber\u00eda IMC Tuber\u00eda Rigid","og_url":"https:\/\/www.eimpsa.com\/web\/tuberias-electricidad-y-accesorios\/","og_site_name":"Electricos Importados","article_publisher":"https:\/\/www.facebook.com\/eimpsa\/","article_modified_time":"2018-11-09T15:59:52+00:00","twitter_card":"summary_large_image","schema":{"@context":"https:\/\/schema.org","@graph":[{"@type":"WebPage","@id":"https:\/\/www.eimpsa.com\/web\/tuberias-electricidad-y-accesorios\/","url":"https:\/\/www.eimpsa.com\/web\/tuberias-electricidad-y-accesorios\/","name":"Tuber\u00eda el\u00e9ctrica EMT IMC RIGID Bandeja portacables Colmena conduit Mecano","isPartOf":{"@id":"https:\/\/www.eimpsa.com\/web\/#website"},"datePublished":"2017-11-24T19:17:27+00:00","dateModified":"2018-11-09T15:59:52+00:00","description":"Tuber\u00edas y Accesorios EIMPSA Tuber\u00edas, perfiles y productos afines para la industria y la construcci\u00f3n con la calidad, y el servicio que satisfagan las expectativas de los clientes Tuber\u00eda EMT Tuber\u00eda IMC Tuber\u00eda Rigid","breadcrumb":{"@id":"https:\/\/www.eimpsa.com\/web\/tuberias-electricidad-y-accesorios\/#breadcrumb"},"inLanguage":"es","potentialAction":[{"@type":"ReadAction","target":["https:\/\/www.eimpsa.com\/web\/tuberias-electricidad-y-accesorios\/"]}]},{"@type":"BreadcrumbList","@id":"https:\/\/www.eimpsa.com\/web\/tuberias-electricidad-y-accesorios\/#breadcrumb","itemListElement":[{"@type":"ListItem","position":1,"name":"Portada","item":"https:\/\/www.eimpsa.com\/web\/"},{"@type":"ListItem","position":2,"name":"Tuber\u00edas y Accesorios"}]},{"@type":"WebSite","@id":"https:\/\/www.eimpsa.com\/web\/#website","url":"https:\/\/www.eimpsa.com\/web\/","name":"EIMPSA Electricos Importados","description":"Materiales El\u00e9ctricos","publisher":{"@id":"https:\/\/www.eimpsa.com\/web\/#organization"},"alternateName":"eimpsa","potentialAction":[{"@type":"SearchAction","target":{"@type":"EntryPoint","urlTemplate":"https:\/\/www.eimpsa.com\/web\/?s={search_term_string}"},"query-input":{"@type":"PropertyValueSpecification","valueRequired":true,"valueName":"search_term_string"}}],"inLanguage":"es"},{"@type":"Organization","@id":"https:\/\/www.eimpsa.com\/web\/#organization","name":"EIMPSA El\u00e9ctricos Importados S.A.S","url":"https:\/\/www.eimpsa.com\/web\/","logo":{"@type":"ImageObject","inLanguage":"es","@id":"https:\/\/www.eimpsa.com\/web\/#\/schema\/logo\/image\/","url":"https:\/\/www.eimpsa.com\/web\/wp-content\/uploads\/2023\/10\/EIMPSA-Versiones-RGB_Base.png","contentUrl":"https:\/\/www.eimpsa.com\/web\/wp-content\/uploads\/2023\/10\/EIMPSA-Versiones-RGB_Base.png","width":1471,"height":473,"caption":"EIMPSA El\u00e9ctricos Importados S.A.S"},"image":{"@id":"https:\/\/www.eimpsa.com\/web\/#\/schema\/logo\/image\/"},"sameAs":["https:\/\/www.facebook.com\/eimpsa\/","https:\/\/www.linkedin.com\/company\/el-ctricos-importados-s-a-\/","https:\/\/www.youtube.com\/channel\/UCaCHlQ9m86kFaeAq_dMUOHg?view_as=subscriber","https:\/\/www.instagram.com\/eimpsa_electricos_importados\/"]}]}},"_links":{"self":[{"href":"https:\/\/www.eimpsa.com\/web\/wp-json\/wp\/v2\/pages\/318","targetHints":{"allow":["GET"]}}],"collection":[{"href":"https:\/\/www.eimpsa.com\/web\/wp-json\/wp\/v2\/pages"}],"about":[{"href":"https:\/\/www.eimpsa.com\/web\/wp-json\/wp\/v2\/types\/page"}],"author":[{"embeddable":true,"href":"https:\/\/www.eimpsa.com\/web\/wp-json\/wp\/v2\/users\/1"}],"replies":[{"embeddable":true,"href":"https:\/\/www.eimpsa.com\/web\/wp-json\/wp\/v2\/comments?post=318"}],"version-history":[{"count":3,"href":"https:\/\/www.eimpsa.com\/web\/wp-json\/wp\/v2\/pages\/318\/revisions"}],"predecessor-version":[{"id":1094,"href":"https:\/\/www.eimpsa.com\/web\/wp-json\/wp\/v2\/pages\/318\/revisions\/1094"}],"wp:attachment":[{"href":"https:\/\/www.eimpsa.com\/web\/wp-json\/wp\/v2\/media?parent=318"}],"curies":[{"name":"wp","href":"https:\/\/api.w.org\/{rel}","templated":true}]}}