{"id":160,"date":"2017-11-02T22:10:27","date_gmt":"2017-11-02T22:10:27","guid":{"rendered":"http:\/\/electricosimportados.interactivos123.com\/?page_id=160"},"modified":"2025-01-23T08:10:39","modified_gmt":"2025-01-23T13:10:39","slug":"motores","status":"publish","type":"page","link":"https:\/\/www.eimpsa.com\/web\/motores\/","title":{"rendered":"Motores"},"content":{"rendered":"\t\t<div data-elementor-type=\"wp-post\" data-elementor-id=\"160\" class=\"elementor elementor-160\" data-elementor-settings=\"[]\">\n\t\t\t\t\t\t<div class=\"elementor-inner\">\n\t\t\t\t\t\t\t<div class=\"elementor-section-wrap\">\n\t\t\t\t\t\t\t<section class=\"elementor-section elementor-top-section elementor-element elementor-element-7af1eb40 fondo-azul-bg elementor-section-boxed elementor-section-height-default elementor-section-height-default elementor-invisible\" data-id=\"7af1eb40\" data-element_type=\"section\" data-settings=\"{&quot;shape_divider_top&quot;:&quot;curve&quot;,&quot;animation&quot;:&quot;fadeInUp&quot;}\">\n\t\t\t\t\t<div class=\"elementor-shape elementor-shape-top\" data-negative=\"false\">\n\t\t\t<svg xmlns=\"http:\/\/www.w3.org\/2000\/svg\" viewBox=\"0 0 1000 100\" preserveAspectRatio=\"none\">\n    <path class=\"elementor-shape-fill\" d=\"M1000,4.3V0H0v4.3C0.9,23.1,126.7,99.2,500,100S1000,22.7,1000,4.3z\"\/>\n<\/svg>\t\t<\/div>\n\t\t\t\t\t<div class=\"elementor-container elementor-column-gap-default\">\n\t\t\t\t\t\t\t<div class=\"elementor-row\">\n\t\t\t\t\t<div class=\"elementor-column elementor-col-100 elementor-top-column elementor-element elementor-element-187c7ebf\" data-id=\"187c7ebf\" data-element_type=\"column\">\n\t\t\t<div class=\"elementor-column-wrap elementor-element-populated\">\n\t\t\t\t\t\t\t<div class=\"elementor-widget-wrap\">\n\t\t\t\t\t\t<div class=\"elementor-element elementor-element-776434cd elementor-widget elementor-widget-heading\" data-id=\"776434cd\" data-element_type=\"widget\" data-widget_type=\"heading.default\">\n\t\t\t\t<div class=\"elementor-widget-container\">\n\t\t\t<h1 class=\"elementor-heading-title elementor-size-default\">Motores<\/h1>\t\t<\/div>\n\t\t\t\t<\/div>\n\t\t\t\t\t\t<\/div>\n\t\t\t\t\t<\/div>\n\t\t<\/div>\n\t\t\t\t\t\t\t\t<\/div>\n\t\t\t\t\t<\/div>\n\t\t<\/section>\n\t\t\t\t<section class=\"elementor-section elementor-top-section elementor-element elementor-element-7e5edf5 elementor-section-boxed elementor-section-height-default elementor-section-height-default\" data-id=\"7e5edf5\" data-element_type=\"section\">\n\t\t\t\t\t\t<div class=\"elementor-container elementor-column-gap-default\">\n\t\t\t\t\t\t\t<div class=\"elementor-row\">\n\t\t\t\t\t<div class=\"elementor-column elementor-col-100 elementor-top-column elementor-element elementor-element-36dbdfb\" data-id=\"36dbdfb\" data-element_type=\"column\">\n\t\t\t<div class=\"elementor-column-wrap elementor-element-populated\">\n\t\t\t\t\t\t\t<div class=\"elementor-widget-wrap\">\n\t\t\t\t\t\t<div class=\"elementor-element elementor-element-19853e3 elementor-widget elementor-widget-image\" data-id=\"19853e3\" data-element_type=\"widget\" data-widget_type=\"image.default\">\n\t\t\t\t<div class=\"elementor-widget-container\">\n\t\t\t\t\t<div class=\"elementor-image\">\n\t\t\t\t\t\t\t\t\t\t\t<a href=\"https:\/\/tienda.eimpsa.com\/categoria-producto\/motores-electricos\/\" target=\"_blank\">\n\t\t\t\t\t\t\t<img decoding=\"async\" src=\"https:\/\/www.eimpsa.com\/web\/wp-content\/uploads\/2025\/01\/Banne-Web-1-Motores-WEG-en-EIMPSA.jpg\" title=\"\" alt=\"\" \/>\t\t\t\t\t\t\t\t<\/a>\n\t\t\t\t\t\t\t\t\t\t\t<\/div>\n\t\t\t\t<\/div>\n\t\t\t\t<\/div>\n\t\t\t\t\t\t<\/div>\n\t\t\t\t\t<\/div>\n\t\t<\/div>\n\t\t\t\t\t\t\t\t<\/div>\n\t\t\t\t\t<\/div>\n\t\t<\/section>\n\t\t\t\t<section class=\"elementor-section elementor-top-section elementor-element elementor-element-2a34f84 elementor-section-content-middle elementor-section-boxed elementor-section-height-default elementor-section-height-default\" data-id=\"2a34f84\" data-element_type=\"section\">\n\t\t\t\t\t\t<div class=\"elementor-container elementor-column-gap-default\">\n\t\t\t\t\t\t\t<div class=\"elementor-row\">\n\t\t\t\t\t<div class=\"elementor-column elementor-col-50 elementor-top-column elementor-element elementor-element-24415ac\" data-id=\"24415ac\" data-element_type=\"column\">\n\t\t\t<div class=\"elementor-column-wrap elementor-element-populated\">\n\t\t\t\t\t\t\t<div class=\"elementor-widget-wrap\">\n\t\t\t\t\t\t<div class=\"elementor-element elementor-element-871d551 elementor-widget elementor-widget-text-editor\" data-id=\"871d551\" data-element_type=\"widget\" data-widget_type=\"text-editor.default\">\n\t\t\t\t<div class=\"elementor-widget-container\">\n\t\t\t\t\t<div class=\"elementor-text-editor elementor-clearfix\"><h2><b>WEG Motores para cualquier necesidad<\/b><\/h2><div><b>\u00a0<\/b><\/div><p>Alto desempe\u00f1o con m\u00e1xima eficiencia energ\u00e9tica. \u00c9ste es el mayor atributo del motor el\u00e9ctrico WEG. Considerada una de las mayores fabricantes de motores el\u00e9ctricos del mundo, WEG presenta soluciones para los m\u00e1s variados tipos de aplicaci\u00f3n, desde comerciales y residenciales hasta industriales, siempre focalizando en la necesidad del cliente.<\/p><p><a href=\"https:\/\/tienda.eimpsa.com\/categoria-producto\/motores-electricos\/\" target=\"_blank\" rel=\"noopener\">Conoce M\u00e1s<\/a><\/p><\/div>\n\t\t\t\t<\/div>\n\t\t\t\t<\/div>\n\t\t\t\t\t\t<\/div>\n\t\t\t\t\t<\/div>\n\t\t<\/div>\n\t\t\t\t<div class=\"elementor-column elementor-col-50 elementor-top-column elementor-element elementor-element-d26a2ce\" data-id=\"d26a2ce\" data-element_type=\"column\">\n\t\t\t<div class=\"elementor-column-wrap elementor-element-populated\">\n\t\t\t\t\t\t\t<div class=\"elementor-widget-wrap\">\n\t\t\t\t\t\t<div class=\"elementor-element elementor-element-dafb4b1 elementor-widget elementor-widget-image\" data-id=\"dafb4b1\" data-element_type=\"widget\" data-widget_type=\"image.default\">\n\t\t\t\t<div class=\"elementor-widget-container\">\n\t\t\t\t\t<div class=\"elementor-image\">\n\t\t\t\t\t\t\t\t\t\t\t<a href=\"https:\/\/tienda.eimpsa.com\/categoria-producto\/motores-electricos\/\" target=\"_blank\">\n\t\t\t\t\t\t\t<img loading=\"lazy\" decoding=\"async\" width=\"762\" height=\"707\" src=\"https:\/\/www.eimpsa.com\/web\/wp-content\/uploads\/2021\/09\/Motores-WEG.jpg\" class=\"elementor-animation-grow attachment-large size-large\" alt=\"\" srcset=\"https:\/\/www.eimpsa.com\/web\/wp-content\/uploads\/2021\/09\/Motores-WEG.jpg 762w, https:\/\/www.eimpsa.com\/web\/wp-content\/uploads\/2021\/09\/Motores-WEG-600x557.jpg 600w, https:\/\/www.eimpsa.com\/web\/wp-content\/uploads\/2021\/09\/Motores-WEG-300x278.jpg 300w, https:\/\/www.eimpsa.com\/web\/wp-content\/uploads\/2021\/09\/Motores-WEG-64x59.jpg 64w\" sizes=\"auto, (max-width: 762px) 100vw, 762px\" \/>\t\t\t\t\t\t\t\t<\/a>\n\t\t\t\t\t\t\t\t\t\t\t<\/div>\n\t\t\t\t<\/div>\n\t\t\t\t<\/div>\n\t\t\t\t\t\t<\/div>\n\t\t\t\t\t<\/div>\n\t\t<\/div>\n\t\t\t\t\t\t\t\t<\/div>\n\t\t\t\t\t<\/div>\n\t\t<\/section>\n\t\t\t\t\t\t<\/div>\n\t\t\t\t\t\t<\/div>\n\t\t\t\t\t<\/div>\n\t\t<p>Visits: 4627<\/p>","protected":false},"excerpt":{"rendered":"<p>Motores WEG Motores para cualquier necesidad \u00a0 Alto desempe\u00f1o con m\u00e1xima eficiencia energ\u00e9tica. \u00c9ste es el mayor atributo del motor el\u00e9ctrico WEG. Considerada una de las mayores fabricantes de motores el\u00e9ctricos del mundo, WEG presenta soluciones para los m\u00e1s variados tipos de aplicaci\u00f3n, desde comerciales y residenciales hasta industriales, siempre focalizando en la necesidad del [&hellip;]<\/p>\n","protected":false},"author":1,"featured_media":0,"parent":0,"menu_order":0,"comment_status":"closed","ping_status":"closed","template":"","meta":{"footnotes":""},"class_list":["post-160","page","type-page","status-publish","hentry"],"yoast_head":"<!-- This site is optimized with the Yoast SEO plugin v27.4 - https:\/\/yoast.com\/product\/yoast-seo-wordpress\/ -->\n<title>Motores El\u00e9ctricos<\/title>\n<meta name=\"description\" content=\"Motores Siemens EIMPSA\" \/>\n<meta name=\"robots\" content=\"index, follow, max-snippet:-1, max-image-preview:large, max-video-preview:-1\" \/>\n<link rel=\"canonical\" href=\"https:\/\/www.eimpsa.com\/web\/motores\/\" \/>\n<meta property=\"og:locale\" content=\"es_ES\" \/>\n<meta property=\"og:type\" content=\"article\" \/>\n<meta property=\"og:title\" content=\"Motores El\u00e9ctricos\" \/>\n<meta property=\"og:description\" content=\"Motores Siemens EIMPSA\" \/>\n<meta property=\"og:url\" content=\"https:\/\/www.eimpsa.com\/web\/motores\/\" \/>\n<meta property=\"og:site_name\" content=\"Electricos Importados\" \/>\n<meta property=\"article:publisher\" content=\"https:\/\/www.facebook.com\/eimpsa\/\" \/>\n<meta property=\"article:modified_time\" content=\"2025-01-23T13:10:39+00:00\" \/>\n<meta property=\"og:image\" content=\"https:\/\/www.eimpsa.com\/web\/wp-content\/uploads\/2025\/01\/Banne-Web-1-Motores-WEG-en-EIMPSA-1024x424.jpg\" \/>\n<meta name=\"twitter:card\" content=\"summary_large_image\" \/>\n<meta name=\"twitter:label1\" content=\"Tiempo de lectura\" \/>\n\t<meta name=\"twitter:data1\" content=\"1 minuto\" \/>\n<script type=\"application\/ld+json\" class=\"yoast-schema-graph\">{\"@context\":\"https:\\\/\\\/schema.org\",\"@graph\":[{\"@type\":\"WebPage\",\"@id\":\"https:\\\/\\\/www.eimpsa.com\\\/web\\\/motores\\\/\",\"url\":\"https:\\\/\\\/www.eimpsa.com\\\/web\\\/motores\\\/\",\"name\":\"Motores El\u00e9ctricos\",\"isPartOf\":{\"@id\":\"https:\\\/\\\/www.eimpsa.com\\\/web\\\/#website\"},\"primaryImageOfPage\":{\"@id\":\"https:\\\/\\\/www.eimpsa.com\\\/web\\\/motores\\\/#primaryimage\"},\"image\":{\"@id\":\"https:\\\/\\\/www.eimpsa.com\\\/web\\\/motores\\\/#primaryimage\"},\"thumbnailUrl\":\"https:\\\/\\\/www.eimpsa.com\\\/web\\\/wp-content\\\/uploads\\\/2025\\\/01\\\/Banne-Web-1-Motores-WEG-en-EIMPSA-1024x424.jpg\",\"datePublished\":\"2017-11-02T22:10:27+00:00\",\"dateModified\":\"2025-01-23T13:10:39+00:00\",\"description\":\"Motores Siemens EIMPSA\",\"breadcrumb\":{\"@id\":\"https:\\\/\\\/www.eimpsa.com\\\/web\\\/motores\\\/#breadcrumb\"},\"inLanguage\":\"es\",\"potentialAction\":[{\"@type\":\"ReadAction\",\"target\":[\"https:\\\/\\\/www.eimpsa.com\\\/web\\\/motores\\\/\"]}]},{\"@type\":\"ImageObject\",\"inLanguage\":\"es\",\"@id\":\"https:\\\/\\\/www.eimpsa.com\\\/web\\\/motores\\\/#primaryimage\",\"url\":\"https:\\\/\\\/www.eimpsa.com\\\/web\\\/wp-content\\\/uploads\\\/2025\\\/01\\\/Banne-Web-1-Motores-WEG-en-EIMPSA-1024x424.jpg\",\"contentUrl\":\"https:\\\/\\\/www.eimpsa.com\\\/web\\\/wp-content\\\/uploads\\\/2025\\\/01\\\/Banne-Web-1-Motores-WEG-en-EIMPSA-1024x424.jpg\"},{\"@type\":\"BreadcrumbList\",\"@id\":\"https:\\\/\\\/www.eimpsa.com\\\/web\\\/motores\\\/#breadcrumb\",\"itemListElement\":[{\"@type\":\"ListItem\",\"position\":1,\"name\":\"Portada\",\"item\":\"https:\\\/\\\/www.eimpsa.com\\\/web\\\/\"},{\"@type\":\"ListItem\",\"position\":2,\"name\":\"Motores\"}]},{\"@type\":\"WebSite\",\"@id\":\"https:\\\/\\\/www.eimpsa.com\\\/web\\\/#website\",\"url\":\"https:\\\/\\\/www.eimpsa.com\\\/web\\\/\",\"name\":\"EIMPSA Electricos Importados\",\"description\":\"Materiales El\u00e9ctricos\",\"publisher\":{\"@id\":\"https:\\\/\\\/www.eimpsa.com\\\/web\\\/#organization\"},\"alternateName\":\"eimpsa\",\"potentialAction\":[{\"@type\":\"SearchAction\",\"target\":{\"@type\":\"EntryPoint\",\"urlTemplate\":\"https:\\\/\\\/www.eimpsa.com\\\/web\\\/?s={search_term_string}\"},\"query-input\":{\"@type\":\"PropertyValueSpecification\",\"valueRequired\":true,\"valueName\":\"search_term_string\"}}],\"inLanguage\":\"es\"},{\"@type\":\"Organization\",\"@id\":\"https:\\\/\\\/www.eimpsa.com\\\/web\\\/#organization\",\"name\":\"EIMPSA El\u00e9ctricos Importados S.A.S\",\"url\":\"https:\\\/\\\/www.eimpsa.com\\\/web\\\/\",\"logo\":{\"@type\":\"ImageObject\",\"inLanguage\":\"es\",\"@id\":\"https:\\\/\\\/www.eimpsa.com\\\/web\\\/#\\\/schema\\\/logo\\\/image\\\/\",\"url\":\"https:\\\/\\\/www.eimpsa.com\\\/web\\\/wp-content\\\/uploads\\\/2023\\\/10\\\/EIMPSA-Versiones-RGB_Base.png\",\"contentUrl\":\"https:\\\/\\\/www.eimpsa.com\\\/web\\\/wp-content\\\/uploads\\\/2023\\\/10\\\/EIMPSA-Versiones-RGB_Base.png\",\"width\":1471,\"height\":473,\"caption\":\"EIMPSA El\u00e9ctricos Importados S.A.S\"},\"image\":{\"@id\":\"https:\\\/\\\/www.eimpsa.com\\\/web\\\/#\\\/schema\\\/logo\\\/image\\\/\"},\"sameAs\":[\"https:\\\/\\\/www.facebook.com\\\/eimpsa\\\/\",\"https:\\\/\\\/www.linkedin.com\\\/company\\\/el-ctricos-importados-s-a-\\\/\",\"https:\\\/\\\/www.youtube.com\\\/channel\\\/UCaCHlQ9m86kFaeAq_dMUOHg?view_as=subscriber\",\"https:\\\/\\\/www.instagram.com\\\/eimpsa_electricos_importados\\\/\"]}]}<\/script>\n<!-- \/ Yoast SEO plugin. -->","yoast_head_json":{"title":"Motores El\u00e9ctricos","description":"Motores Siemens EIMPSA","robots":{"index":"index","follow":"follow","max-snippet":"max-snippet:-1","max-image-preview":"max-image-preview:large","max-video-preview":"max-video-preview:-1"},"canonical":"https:\/\/www.eimpsa.com\/web\/motores\/","og_locale":"es_ES","og_type":"article","og_title":"Motores El\u00e9ctricos","og_description":"Motores Siemens EIMPSA","og_url":"https:\/\/www.eimpsa.com\/web\/motores\/","og_site_name":"Electricos Importados","article_publisher":"https:\/\/www.facebook.com\/eimpsa\/","article_modified_time":"2025-01-23T13:10:39+00:00","og_image":[{"url":"https:\/\/www.eimpsa.com\/web\/wp-content\/uploads\/2025\/01\/Banne-Web-1-Motores-WEG-en-EIMPSA-1024x424.jpg","type":"","width":"","height":""}],"twitter_card":"summary_large_image","twitter_misc":{"Tiempo de lectura":"1 minuto"},"schema":{"@context":"https:\/\/schema.org","@graph":[{"@type":"WebPage","@id":"https:\/\/www.eimpsa.com\/web\/motores\/","url":"https:\/\/www.eimpsa.com\/web\/motores\/","name":"Motores El\u00e9ctricos","isPartOf":{"@id":"https:\/\/www.eimpsa.com\/web\/#website"},"primaryImageOfPage":{"@id":"https:\/\/www.eimpsa.com\/web\/motores\/#primaryimage"},"image":{"@id":"https:\/\/www.eimpsa.com\/web\/motores\/#primaryimage"},"thumbnailUrl":"https:\/\/www.eimpsa.com\/web\/wp-content\/uploads\/2025\/01\/Banne-Web-1-Motores-WEG-en-EIMPSA-1024x424.jpg","datePublished":"2017-11-02T22:10:27+00:00","dateModified":"2025-01-23T13:10:39+00:00","description":"Motores Siemens EIMPSA","breadcrumb":{"@id":"https:\/\/www.eimpsa.com\/web\/motores\/#breadcrumb"},"inLanguage":"es","potentialAction":[{"@type":"ReadAction","target":["https:\/\/www.eimpsa.com\/web\/motores\/"]}]},{"@type":"ImageObject","inLanguage":"es","@id":"https:\/\/www.eimpsa.com\/web\/motores\/#primaryimage","url":"https:\/\/www.eimpsa.com\/web\/wp-content\/uploads\/2025\/01\/Banne-Web-1-Motores-WEG-en-EIMPSA-1024x424.jpg","contentUrl":"https:\/\/www.eimpsa.com\/web\/wp-content\/uploads\/2025\/01\/Banne-Web-1-Motores-WEG-en-EIMPSA-1024x424.jpg"},{"@type":"BreadcrumbList","@id":"https:\/\/www.eimpsa.com\/web\/motores\/#breadcrumb","itemListElement":[{"@type":"ListItem","position":1,"name":"Portada","item":"https:\/\/www.eimpsa.com\/web\/"},{"@type":"ListItem","position":2,"name":"Motores"}]},{"@type":"WebSite","@id":"https:\/\/www.eimpsa.com\/web\/#website","url":"https:\/\/www.eimpsa.com\/web\/","name":"EIMPSA Electricos Importados","description":"Materiales El\u00e9ctricos","publisher":{"@id":"https:\/\/www.eimpsa.com\/web\/#organization"},"alternateName":"eimpsa","potentialAction":[{"@type":"SearchAction","target":{"@type":"EntryPoint","urlTemplate":"https:\/\/www.eimpsa.com\/web\/?s={search_term_string}"},"query-input":{"@type":"PropertyValueSpecification","valueRequired":true,"valueName":"search_term_string"}}],"inLanguage":"es"},{"@type":"Organization","@id":"https:\/\/www.eimpsa.com\/web\/#organization","name":"EIMPSA El\u00e9ctricos Importados S.A.S","url":"https:\/\/www.eimpsa.com\/web\/","logo":{"@type":"ImageObject","inLanguage":"es","@id":"https:\/\/www.eimpsa.com\/web\/#\/schema\/logo\/image\/","url":"https:\/\/www.eimpsa.com\/web\/wp-content\/uploads\/2023\/10\/EIMPSA-Versiones-RGB_Base.png","contentUrl":"https:\/\/www.eimpsa.com\/web\/wp-content\/uploads\/2023\/10\/EIMPSA-Versiones-RGB_Base.png","width":1471,"height":473,"caption":"EIMPSA El\u00e9ctricos Importados S.A.S"},"image":{"@id":"https:\/\/www.eimpsa.com\/web\/#\/schema\/logo\/image\/"},"sameAs":["https:\/\/www.facebook.com\/eimpsa\/","https:\/\/www.linkedin.com\/company\/el-ctricos-importados-s-a-\/","https:\/\/www.youtube.com\/channel\/UCaCHlQ9m86kFaeAq_dMUOHg?view_as=subscriber","https:\/\/www.instagram.com\/eimpsa_electricos_importados\/"]}]}},"_links":{"self":[{"href":"https:\/\/www.eimpsa.com\/web\/wp-json\/wp\/v2\/pages\/160","targetHints":{"allow":["GET"]}}],"collection":[{"href":"https:\/\/www.eimpsa.com\/web\/wp-json\/wp\/v2\/pages"}],"about":[{"href":"https:\/\/www.eimpsa.com\/web\/wp-json\/wp\/v2\/types\/page"}],"author":[{"embeddable":true,"href":"https:\/\/www.eimpsa.com\/web\/wp-json\/wp\/v2\/users\/1"}],"replies":[{"embeddable":true,"href":"https:\/\/www.eimpsa.com\/web\/wp-json\/wp\/v2\/comments?post=160"}],"version-history":[{"count":29,"href":"https:\/\/www.eimpsa.com\/web\/wp-json\/wp\/v2\/pages\/160\/revisions"}],"predecessor-version":[{"id":22123,"href":"https:\/\/www.eimpsa.com\/web\/wp-json\/wp\/v2\/pages\/160\/revisions\/22123"}],"wp:attachment":[{"href":"https:\/\/www.eimpsa.com\/web\/wp-json\/wp\/v2\/media?parent=160"}],"curies":[{"name":"wp","href":"https:\/\/api.w.org\/{rel}","templated":true}]}}